{"id":153,"date":"2015-10-24T10:53:17","date_gmt":"2015-10-24T08:53:17","guid":{"rendered":"http:\/\/www.montessori-schule-duesseldorf-sued.de\/cm\/?page_id=153"},"modified":"2023-10-17T21:12:10","modified_gmt":"2023-10-17T19:12:10","slug":"paedagogik-3","status":"publish","type":"page","link":"https:\/\/www.montessori-schule-duesseldorf-sued.de\/cm\/schule\/paedagogik-3\/","title":{"rendered":"P\u00e4dagogik"},"content":{"rendered":"<h1>P\u00e4dagogik<\/h1>\n<div style=\"width: 500px; margin-left: 15px; float: right;\"><style type=\"text\/css\">.easingslider-3190 { max-width: 500px; }.easingslider-3190 .easingslider-image { max-height: 500px; max-width: 500px; }.easingslider-3190 .easingslider-fade-in, .easingslider-fade-out { -webkit-animation-duration: 800ms; -moz-animation-duration: 800ms; animation-duration: 800ms; }<\/style><script type=\"text\/javascript\">window.EasingSlider3190 = {\"width\":500,\"height\":500,\"singleItem\":true,\"items\":1,\"itemsDesktop\":false,\"itemsDesktopSmall\":false,\"itemsTablet\":false,\"itemsTabletSmall\":false,\"itemsMobile\":false,\"responsive\":true,\"lazyLoad\":true,\"autoPlay\":4000,\"slideSpeed\":800,\"navigation\":false,\"navigationText\":[\"\",\"\"],\"pagination\":false,\"autoHeight\":false,\"mouseDrag\":false,\"touchDrag\":false,\"addClassActive\":true,\"transitionStyle\":\"fade\"};<\/script><div data-id=\"3190\" class=\"easingslider easingslider-3190 easingslider-container easingslider-resizing-enabled easingslider-aspect-ratio\"><div class=\"easingslider-slide\"><img decoding=\"async\" src=\"https:\/\/www.montessori-schule-duesseldorf-sued.de\/cm\/wp-content\/plugins\/easing-slider\/assets\/images\/placeholder-pixel.png\" data-src=\"https:\/\/www.montessori-schule-duesseldorf-sued.de\/cm\/wp-content\/uploads\/2019\/11\/014-500x500.jpg\" alt=\"\" title=\"\" class=\"easingslider-image easingslider-lazy\" \/><\/div><div class=\"easingslider-slide\"><img decoding=\"async\" src=\"https:\/\/www.montessori-schule-duesseldorf-sued.de\/cm\/wp-content\/plugins\/easing-slider\/assets\/images\/placeholder-pixel.png\" data-src=\"https:\/\/www.montessori-schule-duesseldorf-sued.de\/cm\/wp-content\/uploads\/2019\/11\/015-500x500.jpg\" alt=\"\" title=\"\" class=\"easingslider-image easingslider-lazy\" \/><\/div><div class=\"easingslider-slide\"><img decoding=\"async\" src=\"https:\/\/www.montessori-schule-duesseldorf-sued.de\/cm\/wp-content\/plugins\/easing-slider\/assets\/images\/placeholder-pixel.png\" data-src=\"https:\/\/www.montessori-schule-duesseldorf-sued.de\/cm\/wp-content\/uploads\/2019\/11\/016-500x500.jpg\" alt=\"\" title=\"\" class=\"easingslider-image easingslider-lazy\" \/><\/div><div class=\"easingslider-slide\"><img decoding=\"async\" src=\"https:\/\/www.montessori-schule-duesseldorf-sued.de\/cm\/wp-content\/plugins\/easing-slider\/assets\/images\/placeholder-pixel.png\" data-src=\"https:\/\/www.montessori-schule-duesseldorf-sued.de\/cm\/wp-content\/uploads\/2019\/11\/017-500x500.jpg\" alt=\"\" title=\"\" class=\"easingslider-image easingslider-lazy\" \/><\/div><div class=\"easingslider-slide\"><img decoding=\"async\" src=\"https:\/\/www.montessori-schule-duesseldorf-sued.de\/cm\/wp-content\/plugins\/easing-slider\/assets\/images\/placeholder-pixel.png\" data-src=\"https:\/\/www.montessori-schule-duesseldorf-sued.de\/cm\/wp-content\/uploads\/2019\/11\/018-500x500.jpg\" alt=\"\" title=\"\" class=\"easingslider-image easingslider-lazy\" \/><\/div><div class=\"easingslider-slide\"><img decoding=\"async\" src=\"https:\/\/www.montessori-schule-duesseldorf-sued.de\/cm\/wp-content\/plugins\/easing-slider\/assets\/images\/placeholder-pixel.png\" data-src=\"https:\/\/www.montessori-schule-duesseldorf-sued.de\/cm\/wp-content\/uploads\/2019\/11\/019-500x500.jpg\" alt=\"\" title=\"\" class=\"easingslider-image easingslider-lazy\" \/><\/div><div class=\"easingslider-slide\"><img decoding=\"async\" src=\"https:\/\/www.montessori-schule-duesseldorf-sued.de\/cm\/wp-content\/plugins\/easing-slider\/assets\/images\/placeholder-pixel.png\" data-src=\"https:\/\/www.montessori-schule-duesseldorf-sued.de\/cm\/wp-content\/uploads\/2019\/11\/020-500x500.jpg\" alt=\"\" title=\"\" class=\"easingslider-image easingslider-lazy\" \/><\/div><div class=\"easingslider-slide\"><img decoding=\"async\" src=\"https:\/\/www.montessori-schule-duesseldorf-sued.de\/cm\/wp-content\/plugins\/easing-slider\/assets\/images\/placeholder-pixel.png\" data-src=\"https:\/\/www.montessori-schule-duesseldorf-sued.de\/cm\/wp-content\/uploads\/2019\/11\/021-500x500.jpg\" alt=\"\" title=\"\" class=\"easingslider-image easingslider-lazy\" \/><\/div><div class=\"easingslider-slide\"><img decoding=\"async\" src=\"https:\/\/www.montessori-schule-duesseldorf-sued.de\/cm\/wp-content\/plugins\/easing-slider\/assets\/images\/placeholder-pixel.png\" data-src=\"https:\/\/www.montessori-schule-duesseldorf-sued.de\/cm\/wp-content\/uploads\/2019\/11\/022-500x500.jpg\" alt=\"\" title=\"\" class=\"easingslider-image easingslider-lazy\" \/><\/div><div class=\"easingslider-slide\"><img decoding=\"async\" src=\"https:\/\/www.montessori-schule-duesseldorf-sued.de\/cm\/wp-content\/plugins\/easing-slider\/assets\/images\/placeholder-pixel.png\" data-src=\"https:\/\/www.montessori-schule-duesseldorf-sued.de\/cm\/wp-content\/uploads\/2019\/11\/023-500x500.jpg\" alt=\"\" title=\"\" class=\"easingslider-image easingslider-lazy\" \/><\/div><div class=\"easingslider-slide\"><img decoding=\"async\" src=\"https:\/\/www.montessori-schule-duesseldorf-sued.de\/cm\/wp-content\/plugins\/easing-slider\/assets\/images\/placeholder-pixel.png\" data-src=\"https:\/\/www.montessori-schule-duesseldorf-sued.de\/cm\/wp-content\/uploads\/2019\/11\/025-500x500.jpg\" alt=\"\" title=\"\" class=\"easingslider-image easingslider-lazy\" \/><\/div><div class=\"easingslider-slide\"><img decoding=\"async\" src=\"https:\/\/www.montessori-schule-duesseldorf-sued.de\/cm\/wp-content\/plugins\/easing-slider\/assets\/images\/placeholder-pixel.png\" data-src=\"https:\/\/www.montessori-schule-duesseldorf-sued.de\/cm\/wp-content\/uploads\/2019\/11\/026-500x500.jpg\" alt=\"\" title=\"\" class=\"easingslider-image easingslider-lazy\" \/><\/div><div class=\"easingslider-slide\"><img decoding=\"async\" src=\"https:\/\/www.montessori-schule-duesseldorf-sued.de\/cm\/wp-content\/plugins\/easing-slider\/assets\/images\/placeholder-pixel.png\" data-src=\"https:\/\/www.montessori-schule-duesseldorf-sued.de\/cm\/wp-content\/uploads\/2019\/11\/027-500x500.jpg\" alt=\"\" title=\"\" class=\"easingslider-image easingslider-lazy\" \/><\/div><div class=\"easingslider-slide\"><img decoding=\"async\" src=\"https:\/\/www.montessori-schule-duesseldorf-sued.de\/cm\/wp-content\/plugins\/easing-slider\/assets\/images\/placeholder-pixel.png\" data-src=\"https:\/\/www.montessori-schule-duesseldorf-sued.de\/cm\/wp-content\/uploads\/2019\/11\/001-500x500.jpg\" alt=\"\" title=\"\" class=\"easingslider-image easingslider-lazy\" \/><\/div><div class=\"easingslider-slide\"><img decoding=\"async\" src=\"https:\/\/www.montessori-schule-duesseldorf-sued.de\/cm\/wp-content\/plugins\/easing-slider\/assets\/images\/placeholder-pixel.png\" data-src=\"https:\/\/www.montessori-schule-duesseldorf-sued.de\/cm\/wp-content\/uploads\/2019\/11\/002-500x500.jpg\" alt=\"\" title=\"\" class=\"easingslider-image easingslider-lazy\" \/><\/div><div class=\"easingslider-slide\"><img decoding=\"async\" src=\"https:\/\/www.montessori-schule-duesseldorf-sued.de\/cm\/wp-content\/plugins\/easing-slider\/assets\/images\/placeholder-pixel.png\" data-src=\"https:\/\/www.montessori-schule-duesseldorf-sued.de\/cm\/wp-content\/uploads\/2019\/11\/003-500x500.jpg\" alt=\"\" title=\"\" class=\"easingslider-image easingslider-lazy\" \/><\/div><div class=\"easingslider-slide\"><img decoding=\"async\" src=\"https:\/\/www.montessori-schule-duesseldorf-sued.de\/cm\/wp-content\/plugins\/easing-slider\/assets\/images\/placeholder-pixel.png\" data-src=\"https:\/\/www.montessori-schule-duesseldorf-sued.de\/cm\/wp-content\/uploads\/2019\/11\/004-500x500.jpg\" alt=\"\" title=\"\" class=\"easingslider-image easingslider-lazy\" \/><\/div><div class=\"easingslider-slide\"><img decoding=\"async\" src=\"https:\/\/www.montessori-schule-duesseldorf-sued.de\/cm\/wp-content\/plugins\/easing-slider\/assets\/images\/placeholder-pixel.png\" data-src=\"https:\/\/www.montessori-schule-duesseldorf-sued.de\/cm\/wp-content\/uploads\/2019\/11\/005-500x500.jpg\" alt=\"\" title=\"\" class=\"easingslider-image easingslider-lazy\" \/><\/div><div class=\"easingslider-slide\"><img decoding=\"async\" src=\"https:\/\/www.montessori-schule-duesseldorf-sued.de\/cm\/wp-content\/plugins\/easing-slider\/assets\/images\/placeholder-pixel.png\" data-src=\"https:\/\/www.montessori-schule-duesseldorf-sued.de\/cm\/wp-content\/uploads\/2019\/11\/006-500x500.jpg\" alt=\"\" title=\"\" class=\"easingslider-image easingslider-lazy\" \/><\/div><div class=\"easingslider-slide\"><img decoding=\"async\" src=\"https:\/\/www.montessori-schule-duesseldorf-sued.de\/cm\/wp-content\/plugins\/easing-slider\/assets\/images\/placeholder-pixel.png\" data-src=\"https:\/\/www.montessori-schule-duesseldorf-sued.de\/cm\/wp-content\/uploads\/2019\/11\/007-500x500.jpg\" alt=\"\" title=\"\" class=\"easingslider-image easingslider-lazy\" \/><\/div><div class=\"easingslider-slide\"><img decoding=\"async\" src=\"https:\/\/www.montessori-schule-duesseldorf-sued.de\/cm\/wp-content\/plugins\/easing-slider\/assets\/images\/placeholder-pixel.png\" data-src=\"https:\/\/www.montessori-schule-duesseldorf-sued.de\/cm\/wp-content\/uploads\/2019\/11\/009-500x500.jpg\" alt=\"\" title=\"\" class=\"easingslider-image easingslider-lazy\" \/><\/div><div class=\"easingslider-slide\"><img decoding=\"async\" src=\"https:\/\/www.montessori-schule-duesseldorf-sued.de\/cm\/wp-content\/plugins\/easing-slider\/assets\/images\/placeholder-pixel.png\" data-src=\"https:\/\/www.montessori-schule-duesseldorf-sued.de\/cm\/wp-content\/uploads\/2019\/11\/010-500x500.jpg\" alt=\"\" title=\"\" class=\"easingslider-image easingslider-lazy\" \/><\/div><div class=\"easingslider-slide\"><img decoding=\"async\" src=\"https:\/\/www.montessori-schule-duesseldorf-sued.de\/cm\/wp-content\/plugins\/easing-slider\/assets\/images\/placeholder-pixel.png\" data-src=\"https:\/\/www.montessori-schule-duesseldorf-sued.de\/cm\/wp-content\/uploads\/2019\/11\/028-500x500.jpg\" alt=\"\" title=\"\" class=\"easingslider-image easingslider-lazy\" \/><\/div><div class=\"easingslider-slide\"><img decoding=\"async\" src=\"https:\/\/www.montessori-schule-duesseldorf-sued.de\/cm\/wp-content\/plugins\/easing-slider\/assets\/images\/placeholder-pixel.png\" data-src=\"https:\/\/www.montessori-schule-duesseldorf-sued.de\/cm\/wp-content\/uploads\/2019\/11\/029-500x500.jpg\" alt=\"\" title=\"\" class=\"easingslider-image easingslider-lazy\" \/><\/div><div class=\"easingslider-slide\"><img decoding=\"async\" src=\"https:\/\/www.montessori-schule-duesseldorf-sued.de\/cm\/wp-content\/plugins\/easing-slider\/assets\/images\/placeholder-pixel.png\" data-src=\"https:\/\/www.montessori-schule-duesseldorf-sued.de\/cm\/wp-content\/uploads\/2019\/11\/030-500x500.jpg\" alt=\"\" title=\"\" class=\"easingslider-image easingslider-lazy\" \/><\/div><div class=\"easingslider-slide\"><img decoding=\"async\" src=\"https:\/\/www.montessori-schule-duesseldorf-sued.de\/cm\/wp-content\/plugins\/easing-slider\/assets\/images\/placeholder-pixel.png\" data-src=\"https:\/\/www.montessori-schule-duesseldorf-sued.de\/cm\/wp-content\/uploads\/2019\/11\/031-500x500.jpg\" alt=\"\" title=\"\" class=\"easingslider-image easingslider-lazy\" \/><\/div><div class=\"easingslider-slide\"><img decoding=\"async\" src=\"https:\/\/www.montessori-schule-duesseldorf-sued.de\/cm\/wp-content\/plugins\/easing-slider\/assets\/images\/placeholder-pixel.png\" data-src=\"https:\/\/www.montessori-schule-duesseldorf-sued.de\/cm\/wp-content\/uploads\/2019\/11\/032-500x500.jpg\" alt=\"\" title=\"\" class=\"easingslider-image easingslider-lazy\" \/><\/div><\/div><\/div>\n<p>Unsere Montessori-Grundschule in D\u00fcsseldorf-Garath besteht seit 1969. Wir unterrichten heute 12 jahrgangsgemischte Klassen mit etwa 320\u00a0 Sch\u00fclerinnen und Sch\u00fclern. Die meisten Kinder kommen aus dem D\u00fcsseldorfer S\u00fcden.<\/p>\n<p>Neben unserem besonderen p\u00e4dagogischen Profil gelten die Richtlinien und Lehrpl\u00e4ne des Landes NRW. Unser p\u00e4dagogisches Handeln orientiert sich an den Grundgedanken Maria Montessoris. Wir Lehrerinnnen und Lehrer verstehen uns als Helfer des Kindes.<\/p>\n<p>Das Herzst\u00fcck des Lernens eines Schulalltages in unserer Schule ist die vierst\u00fcndige Freiarbeit. In jeder Klasse arbeiten und lernen Kinder aller vier Schuljahre miteinander.<\/p>\n<p>Die von Maria Montessori entwickelten Erfahrungs- und \u00dcbungsmaterialien erm\u00f6glichen den Kindern ein selbstst\u00e4ndiges und von eigenen Interessen geleitetes Lernen. Dabei wird besonders auf die Einbeziehung aller Sinne und das kindliche Bed\u00fcrfnis nach Bewegung geachtet. Jedes Kind ist frei in der Wahl seiner Arbeit.<\/p>\n<p>Der Fachunterricht in den allgemeinbildenen F\u00e4chern (Mathematik, Deutsch, Sachunterricht, Englisch, Musik, Religion und Sport) erg\u00e4nzt die Freiarbeit.<\/p>\n<h1>Inklusion und F\u00f6rderung<\/h1>\n<p><strong>\u201eJedes Kind ist anders.\u201c Maria Montessori<\/strong><\/p>\n<p><img loading=\"lazy\" decoding=\"async\" class=\"alignright size-full wp-image-398\" src=\"http:\/\/www.montessori-schule-duesseldorf-sued.de\/cm\/wp-content\/uploads\/2015\/10\/01.jpg\" alt=\"\" width=\"327\" height=\"259\" srcset=\"https:\/\/www.montessori-schule-duesseldorf-sued.de\/cm\/wp-content\/uploads\/2015\/10\/01.jpg 327w, https:\/\/www.montessori-schule-duesseldorf-sued.de\/cm\/wp-content\/uploads\/2015\/10\/01-300x238.jpg 300w, https:\/\/www.montessori-schule-duesseldorf-sued.de\/cm\/wp-content\/uploads\/2015\/10\/01-24x19.jpg 24w, https:\/\/www.montessori-schule-duesseldorf-sued.de\/cm\/wp-content\/uploads\/2015\/10\/01-36x29.jpg 36w, https:\/\/www.montessori-schule-duesseldorf-sued.de\/cm\/wp-content\/uploads\/2015\/10\/01-48x38.jpg 48w\" sizes=\"auto, (max-width: 327px) 100vw, 327px\" \/>\u2026und darum ist es auch ganz klar, dass nicht alle Kinder zur gleichen Zeit das Gleiche arbeiten k\u00f6nnen. Kinder sind nicht gleich, sondern sehr unterschiedlich. Das ist eine Bereicherung. Bei uns lernen Kinder verschiedenen Alters, verschiedener Neigungen, verschiedener Muttersprachen, behinderte, nicht-behinderte Kinder und besonders begabte Kinder; alle zusammen, aber jeder bekommt das, was er f\u00fcr seine Entwicklung und F\u00f6rderung ben\u00f6tigt.<\/p>\n<p>Kern der Montessorip\u00e4dagogik ist n\u00e4mlich die Forderung, jedes Kind gem\u00e4\u00df seinen individuellen Entwicklungsgesetzen, seinem individuellen Begabungsprofil und nach seinem Leistungsverm\u00f6gen zu f\u00f6rdern.<\/p>\n<p>Daher arbeitet jedes Kind innerhalb der Freiarbeit an dem Material, was ihn weiterbringt. Diese Individualisierung erm\u00f6glicht es kaum mit B\u00fcchern und einheitlichen Aufgaben zu arbeiten. W\u00e4hrend ein Zweitkl\u00e4ssler vielleicht noch an der Erarbeitung des Zahlenraumes bis 100 arbeitet, besch\u00e4ftigt sich ein anderer Zweitkl\u00e4ssler gerade mit der schriftlichen Multiplikation. So k\u00f6nnen einerseits Defizite aufgearbeitet werden, andererseits leistungsstarke Kinder ihren Lerneifer weiter ausbauen. Es profitieren also alle von diesem System.<\/p>\n<h1>Unser Leitbild<\/h1>\n<p><a href=\"http:\/\/www.montessori-schule-duesseldorf-sued.de\/cm\/wp-content\/uploads\/2016\/01\/leitbild.pdf\"><img loading=\"lazy\" decoding=\"async\" class=\"alignleft wp-image-886 size-full\" src=\"http:\/\/www.montessori-schule-duesseldorf-sued.de\/cm\/wp-content\/uploads\/2015\/10\/leitbild.jpg\" alt=\"\" width=\"83\" height=\"98\" srcset=\"https:\/\/www.montessori-schule-duesseldorf-sued.de\/cm\/wp-content\/uploads\/2015\/10\/leitbild.jpg 83w, https:\/\/www.montessori-schule-duesseldorf-sued.de\/cm\/wp-content\/uploads\/2015\/10\/leitbild-20x24.jpg 20w, https:\/\/www.montessori-schule-duesseldorf-sued.de\/cm\/wp-content\/uploads\/2015\/10\/leitbild-30x36.jpg 30w, https:\/\/www.montessori-schule-duesseldorf-sued.de\/cm\/wp-content\/uploads\/2015\/10\/leitbild-41x48.jpg 41w\" sizes=\"auto, (max-width: 83px) 100vw, 83px\" \/><\/a><\/p>\n<p>Unser <strong>Leitbild<\/strong> k\u00f6nnen Sie auch <a href=\"http:\/\/www.montessori-schule-duesseldorf-sued.de\/cm\/wp-content\/uploads\/2016\/01\/leitbild.pdf\">hier als pdf-Datei<\/a> einsehen.<br \/>\nUnser <strong>Schulprogramm<\/strong> finden Sie <a href=\"http:\/\/www.montessori-schule-duesseldorf-sued.de\/Schulprogramm.pdf\">hier als pdf-Datei<\/a>.<\/p>\n","protected":false},"excerpt":{"rendered":"<p>P\u00e4dagogik Unsere Montessori-Grundschule in D\u00fcsseldorf-Garath besteht seit 1969. Wir unterrichten heute 12 jahrgangsgemischte Klassen mit etwa 320\u00a0 Sch\u00fclerinnen und Sch\u00fclern. Die meisten Kinder kommen aus dem D\u00fcsseldorfer S\u00fcden. Neben unserem besonderen p\u00e4dagogischen Profil gelten die Richtlinien und Lehrpl\u00e4ne des Landes NRW. Unser p\u00e4dagogisches Handeln orientiert sich an den Grundgedanken Maria Montessoris. Wir Lehrerinnnen und Lehrer<span>&#8230;<strong> <a style=\"color:#000000\" href=\"https:\/\/www.montessori-schule-duesseldorf-sued.de\/cm\/schule\/paedagogik-3\/\">(Hier k\u00f6nnen Sie weiterlesen&#8230;)<\/a><\/strong><\/span><\/p>\n","protected":false},"author":1,"featured_media":0,"parent":174,"menu_order":0,"comment_status":"closed","ping_status":"closed","template":"","meta":{"_acf_changed":false,"footnotes":""},"class_list":["post-153","page","type-page","status-publish","hentry"],"acf":[],"publishpress_future_action":{"enabled":false,"date":"2026-04-22 19:51:58","action":"change-status","newStatus":"draft","terms":[],"taxonomy":"","extraData":[]},"publishpress_future_workflow_manual_trigger":{"enabledWorkflows":[]},"_links":{"self":[{"href":"https:\/\/www.montessori-schule-duesseldorf-sued.de\/cm\/wp-json\/wp\/v2\/pages\/153","targetHints":{"allow":["GET"]}}],"collection":[{"href":"https:\/\/www.montessori-schule-duesseldorf-sued.de\/cm\/wp-json\/wp\/v2\/pages"}],"about":[{"href":"https:\/\/www.montessori-schule-duesseldorf-sued.de\/cm\/wp-json\/wp\/v2\/types\/page"}],"author":[{"embeddable":true,"href":"https:\/\/www.montessori-schule-duesseldorf-sued.de\/cm\/wp-json\/wp\/v2\/users\/1"}],"replies":[{"embeddable":true,"href":"https:\/\/www.montessori-schule-duesseldorf-sued.de\/cm\/wp-json\/wp\/v2\/comments?post=153"}],"version-history":[{"count":19,"href":"https:\/\/www.montessori-schule-duesseldorf-sued.de\/cm\/wp-json\/wp\/v2\/pages\/153\/revisions"}],"predecessor-version":[{"id":6213,"href":"https:\/\/www.montessori-schule-duesseldorf-sued.de\/cm\/wp-json\/wp\/v2\/pages\/153\/revisions\/6213"}],"up":[{"embeddable":true,"href":"https:\/\/www.montessori-schule-duesseldorf-sued.de\/cm\/wp-json\/wp\/v2\/pages\/174"}],"wp:attachment":[{"href":"https:\/\/www.montessori-schule-duesseldorf-sued.de\/cm\/wp-json\/wp\/v2\/media?parent=153"}],"curies":[{"name":"wp","href":"https:\/\/api.w.org\/{rel}","templated":true}]}}