{"id":179,"date":"2015-10-24T11:38:31","date_gmt":"2015-10-24T09:38:31","guid":{"rendered":"http:\/\/www.montessori-schule-duesseldorf-sued.de\/cm\/?page_id=179"},"modified":"2023-10-17T21:34:08","modified_gmt":"2023-10-17T19:34:08","slug":"fachunterricht","status":"publish","type":"page","link":"https:\/\/www.montessori-schule-duesseldorf-sued.de\/cm\/schule\/fachunterricht\/","title":{"rendered":"Fachunterricht"},"content":{"rendered":"<h1>Fachunterricht<\/h1>\n<p><img loading=\"lazy\" decoding=\"async\" class=\"alignright size-full wp-image-401\" src=\"http:\/\/www.montessori-schule-duesseldorf-sued.de\/cm\/wp-content\/uploads\/2015\/10\/011.jpg\" alt=\"\" width=\"426\" height=\"302\" srcset=\"https:\/\/www.montessori-schule-duesseldorf-sued.de\/cm\/wp-content\/uploads\/2015\/10\/011.jpg 426w, https:\/\/www.montessori-schule-duesseldorf-sued.de\/cm\/wp-content\/uploads\/2015\/10\/011-300x213.jpg 300w, https:\/\/www.montessori-schule-duesseldorf-sued.de\/cm\/wp-content\/uploads\/2015\/10\/011-24x17.jpg 24w, https:\/\/www.montessori-schule-duesseldorf-sued.de\/cm\/wp-content\/uploads\/2015\/10\/011-36x26.jpg 36w, https:\/\/www.montessori-schule-duesseldorf-sued.de\/cm\/wp-content\/uploads\/2015\/10\/011-48x34.jpg 48w\" sizes=\"auto, (max-width: 426px) 100vw, 426px\" \/><\/p>\n<p>Die Freiarbeit wird erg\u00e4nzt durch Fachunterricht in den F\u00e4chern Mathematik und Deutsch\/Sachunterricht. Dieser Unterricht findet in der Jahrgangsmischung des 3. und 4. Schuljahres statt. Das 1. und 2. Schuljahr hat einen speziellen Anfangsunterricht zur Festigung der Basis in Mathematik und Deutsch.<\/p>\n<p>Vom 1. Schuljahr an wird auch der Unterricht in den F\u00e4chern Kunst, Religion und Musik im Klassenverband erteilt. Sport wird in den Jahrg\u00e4ngen 1\/2 und 3\/4 erteilt. Englischunterricht findet ab dem 3. Schuljahr in jahrgangsgleichen Gruppen statt.<\/p>\n<p>Im Fachunterricht Mathematik und Deutsch\/Sachunterricht werden insbesondere solche Lerninhalte ber\u00fccksichtigt, die ein hohes Ma\u00df an Kommunikation erfordern. Zum Beispiel der Umgang mit literarischen Texten oder das Besprechen verschiedener L\u00f6sungswege in Mathematik.<\/p>\n<p>Die angestrebte Verzahnung von Freiarbeit und Fachunterricht erfordert eine intensive Zusammenarbeit zwischen allen LehrerInnen.<\/p>\n","protected":false},"excerpt":{"rendered":"<p>Fachunterricht Die Freiarbeit wird erg\u00e4nzt durch Fachunterricht in den F\u00e4chern Mathematik und Deutsch\/Sachunterricht. Dieser Unterricht findet in der Jahrgangsmischung des 3. und 4. Schuljahres statt. Das 1. und 2. Schuljahr hat einen speziellen Anfangsunterricht zur Festigung der Basis in Mathematik und Deutsch. Vom 1. Schuljahr an wird auch der Unterricht in den F\u00e4chern Kunst, Religion<span>&#8230;<strong> <a style=\"color:#000000\" href=\"https:\/\/www.montessori-schule-duesseldorf-sued.de\/cm\/schule\/fachunterricht\/\">(Hier k\u00f6nnen Sie weiterlesen&#8230;)<\/a><\/strong><\/span><\/p>\n","protected":false},"author":1,"featured_media":0,"parent":174,"menu_order":0,"comment_status":"closed","ping_status":"closed","template":"","meta":{"_acf_changed":false,"footnotes":""},"class_list":["post-179","page","type-page","status-publish","hentry"],"acf":[],"publishpress_future_action":{"enabled":false,"date":"2026-04-21 12:58:40","action":"change-status","newStatus":"draft","terms":[],"taxonomy":"","extraData":[]},"publishpress_future_workflow_manual_trigger":{"enabledWorkflows":[]},"_links":{"self":[{"href":"https:\/\/www.montessori-schule-duesseldorf-sued.de\/cm\/wp-json\/wp\/v2\/pages\/179","targetHints":{"allow":["GET"]}}],"collection":[{"href":"https:\/\/www.montessori-schule-duesseldorf-sued.de\/cm\/wp-json\/wp\/v2\/pages"}],"about":[{"href":"https:\/\/www.montessori-schule-duesseldorf-sued.de\/cm\/wp-json\/wp\/v2\/types\/page"}],"author":[{"embeddable":true,"href":"https:\/\/www.montessori-schule-duesseldorf-sued.de\/cm\/wp-json\/wp\/v2\/users\/1"}],"replies":[{"embeddable":true,"href":"https:\/\/www.montessori-schule-duesseldorf-sued.de\/cm\/wp-json\/wp\/v2\/comments?post=179"}],"version-history":[{"count":7,"href":"https:\/\/www.montessori-schule-duesseldorf-sued.de\/cm\/wp-json\/wp\/v2\/pages\/179\/revisions"}],"predecessor-version":[{"id":6219,"href":"https:\/\/www.montessori-schule-duesseldorf-sued.de\/cm\/wp-json\/wp\/v2\/pages\/179\/revisions\/6219"}],"up":[{"embeddable":true,"href":"https:\/\/www.montessori-schule-duesseldorf-sued.de\/cm\/wp-json\/wp\/v2\/pages\/174"}],"wp:attachment":[{"href":"https:\/\/www.montessori-schule-duesseldorf-sued.de\/cm\/wp-json\/wp\/v2\/media?parent=179"}],"curies":[{"name":"wp","href":"https:\/\/api.w.org\/{rel}","templated":true}]}}