{"id":181,"date":"2015-10-24T11:38:45","date_gmt":"2015-10-24T09:38:45","guid":{"rendered":"http:\/\/www.montessori-schule-duesseldorf-sued.de\/cm\/?page_id=181"},"modified":"2025-09-22T15:51:58","modified_gmt":"2025-09-22T13:51:58","slug":"stundenplan","status":"publish","type":"page","link":"https:\/\/www.montessori-schule-duesseldorf-sued.de\/cm\/schule\/stundenplan\/","title":{"rendered":"Stundenplan"},"content":{"rendered":"<h1>Stundenplan<\/h1>\n<p><img loading=\"lazy\" decoding=\"async\" class=\"wp-image-1826 alignleft\" src=\"http:\/\/www.montessori-schule-duesseldorf-sued.de\/cm\/wp-content\/uploads\/2015\/10\/stundenplan.png\" alt=\"\" width=\"412\" height=\"160\" srcset=\"https:\/\/www.montessori-schule-duesseldorf-sued.de\/cm\/wp-content\/uploads\/2015\/10\/stundenplan.png 620w, https:\/\/www.montessori-schule-duesseldorf-sued.de\/cm\/wp-content\/uploads\/2015\/10\/stundenplan-300x117.png 300w, https:\/\/www.montessori-schule-duesseldorf-sued.de\/cm\/wp-content\/uploads\/2015\/10\/stundenplan-24x9.png 24w, https:\/\/www.montessori-schule-duesseldorf-sued.de\/cm\/wp-content\/uploads\/2015\/10\/stundenplan-36x14.png 36w, https:\/\/www.montessori-schule-duesseldorf-sued.de\/cm\/wp-content\/uploads\/2015\/10\/stundenplan-48x19.png 48w\" sizes=\"auto, (max-width: 412px) 100vw, 412px\" \/><\/p>\n<p>Wir starten jeden Tag mit einem offenen Anfang von 5 Minuten vor Acht bis 10 Minuten nach Acht. In den ersten Stunden findet jeden Tag unsere Freiarbeit statt.<\/p>\n<p>Die Woche startet h\u00e4ufig mit einem Erz\u00e4hlkreis am Montagmorgen. Dann wenden sich die Kinder ihren Arbeiten zu. Die Klassenlehrer integrieren in ihre Freiarbeit ihren Kunstunterricht, der ebenfalls jahrgangs\u00fcbergreifend unterrichtet wird. Auch der Klassenrat findet in dieser Stammgruppe statt.<\/p>\n<p>Vor der ersten Pause wird in der Klasse aufger\u00e4umt, gefr\u00fchst\u00fcckt, B\u00fccher vorgelesen, Kinder stellen ihre Arbeiten vor oder es wird gesungen.<\/p>\n<p>Die zweite Hofpause betr\u00e4gt 20 Minuten. Durch diese ebenfalls etwas l\u00e4ngere zweite Pause k\u00f6nnen unsere Kinder nicht nur l\u00e4nger versteckenspielen, sondern sich durch die zweite lange Entspannungsphase auch besser im folgenden Unterricht konzentrieren.<\/p>\n<p>Dazu findet der erg\u00e4nzende Fachunterricht in der jahrgangsgleichen Gruppe bei Fachlehrern statt.<\/p>\n<p>Im Anschluss der Unterrichtszeit gehen die Kinder entweder nach Hause oder in ihre Betreuung, in der der Nachmittag gestaltet wird.<\/p>\n<p><img loading=\"lazy\" decoding=\"async\" class=\"size-full wp-image-7653 aligncenter\" src=\"http:\/\/www.montessori-schule-duesseldorf-sued.de\/cm\/wp-content\/uploads\/2025\/09\/Stundenplan.jpg\" alt=\"\" width=\"926\" height=\"431\" srcset=\"https:\/\/www.montessori-schule-duesseldorf-sued.de\/cm\/wp-content\/uploads\/2025\/09\/Stundenplan.jpg 926w, https:\/\/www.montessori-schule-duesseldorf-sued.de\/cm\/wp-content\/uploads\/2025\/09\/Stundenplan-300x140.jpg 300w, https:\/\/www.montessori-schule-duesseldorf-sued.de\/cm\/wp-content\/uploads\/2025\/09\/Stundenplan-768x357.jpg 768w, https:\/\/www.montessori-schule-duesseldorf-sued.de\/cm\/wp-content\/uploads\/2025\/09\/Stundenplan-624x290.jpg 624w, https:\/\/www.montessori-schule-duesseldorf-sued.de\/cm\/wp-content\/uploads\/2025\/09\/Stundenplan-24x11.jpg 24w, https:\/\/www.montessori-schule-duesseldorf-sued.de\/cm\/wp-content\/uploads\/2025\/09\/Stundenplan-36x17.jpg 36w, https:\/\/www.montessori-schule-duesseldorf-sued.de\/cm\/wp-content\/uploads\/2025\/09\/Stundenplan-48x22.jpg 48w\" sizes=\"auto, (max-width: 926px) 100vw, 926px\" \/><\/p>\n","protected":false},"excerpt":{"rendered":"<p>Stundenplan Wir starten jeden Tag mit einem offenen Anfang von 5 Minuten vor Acht bis 10 Minuten nach Acht. In den ersten Stunden findet jeden Tag unsere Freiarbeit statt. Die Woche startet h\u00e4ufig mit einem Erz\u00e4hlkreis am Montagmorgen. Dann wenden sich die Kinder ihren Arbeiten zu. Die Klassenlehrer integrieren in ihre Freiarbeit ihren Kunstunterricht, der<span>&#8230;<strong> <a style=\"color:#000000\" href=\"https:\/\/www.montessori-schule-duesseldorf-sued.de\/cm\/schule\/stundenplan\/\">(Hier k\u00f6nnen Sie weiterlesen&#8230;)<\/a><\/strong><\/span><\/p>\n","protected":false},"author":1,"featured_media":0,"parent":174,"menu_order":0,"comment_status":"closed","ping_status":"closed","template":"","meta":{"_acf_changed":false,"footnotes":""},"class_list":["post-181","page","type-page","status-publish","hentry"],"acf":[],"publishpress_future_action":{"enabled":false,"date":"2026-05-07 16:32:57","action":"change-status","newStatus":"draft","terms":[],"taxonomy":"","extraData":[]},"publishpress_future_workflow_manual_trigger":{"enabledWorkflows":[]},"_links":{"self":[{"href":"https:\/\/www.montessori-schule-duesseldorf-sued.de\/cm\/wp-json\/wp\/v2\/pages\/181","targetHints":{"allow":["GET"]}}],"collection":[{"href":"https:\/\/www.montessori-schule-duesseldorf-sued.de\/cm\/wp-json\/wp\/v2\/pages"}],"about":[{"href":"https:\/\/www.montessori-schule-duesseldorf-sued.de\/cm\/wp-json\/wp\/v2\/types\/page"}],"author":[{"embeddable":true,"href":"https:\/\/www.montessori-schule-duesseldorf-sued.de\/cm\/wp-json\/wp\/v2\/users\/1"}],"replies":[{"embeddable":true,"href":"https:\/\/www.montessori-schule-duesseldorf-sued.de\/cm\/wp-json\/wp\/v2\/comments?post=181"}],"version-history":[{"count":20,"href":"https:\/\/www.montessori-schule-duesseldorf-sued.de\/cm\/wp-json\/wp\/v2\/pages\/181\/revisions"}],"predecessor-version":[{"id":7657,"href":"https:\/\/www.montessori-schule-duesseldorf-sued.de\/cm\/wp-json\/wp\/v2\/pages\/181\/revisions\/7657"}],"up":[{"embeddable":true,"href":"https:\/\/www.montessori-schule-duesseldorf-sued.de\/cm\/wp-json\/wp\/v2\/pages\/174"}],"wp:attachment":[{"href":"https:\/\/www.montessori-schule-duesseldorf-sued.de\/cm\/wp-json\/wp\/v2\/media?parent=181"}],"curies":[{"name":"wp","href":"https:\/\/api.w.org\/{rel}","templated":true}]}}