{"id":214,"date":"2015-10-24T20:53:11","date_gmt":"2015-10-24T18:53:11","guid":{"rendered":"http:\/\/www.montessori-schule-duesseldorf-sued.de\/cm\/?page_id=214"},"modified":"2024-11-19T14:23:54","modified_gmt":"2024-11-19T13:23:54","slug":"schulleitung","status":"publish","type":"page","link":"https:\/\/www.montessori-schule-duesseldorf-sued.de\/cm\/team-2\/schulleitung\/","title":{"rendered":"Schulleitung"},"content":{"rendered":"\n<h1 class=\"wp-block-heading has-text-align-left\">Unser Team<\/h1>\n\n\n<div class=\"wp-block-image\">\n<figure class=\"aligncenter size-large\"><a href=\"https:\/\/www.montessori-schule-duesseldorf-sued.de\/cm\/wp-content\/uploads\/2024\/08\/P8195932-2.jpg\"><img loading=\"lazy\" decoding=\"async\" width=\"1024\" height=\"683\" src=\"https:\/\/www.montessori-schule-duesseldorf-sued.de\/cm\/wp-content\/uploads\/2024\/08\/P8195932-2-1024x683.jpg\" alt=\"\" class=\"wp-image-6824\" srcset=\"https:\/\/www.montessori-schule-duesseldorf-sued.de\/cm\/wp-content\/uploads\/2024\/08\/P8195932-2-1024x683.jpg 1024w, https:\/\/www.montessori-schule-duesseldorf-sued.de\/cm\/wp-content\/uploads\/2024\/08\/P8195932-2-300x200.jpg 300w, https:\/\/www.montessori-schule-duesseldorf-sued.de\/cm\/wp-content\/uploads\/2024\/08\/P8195932-2-768x512.jpg 768w, https:\/\/www.montessori-schule-duesseldorf-sued.de\/cm\/wp-content\/uploads\/2024\/08\/P8195932-2-1536x1024.jpg 1536w, https:\/\/www.montessori-schule-duesseldorf-sued.de\/cm\/wp-content\/uploads\/2024\/08\/P8195932-2-624x416.jpg 624w, https:\/\/www.montessori-schule-duesseldorf-sued.de\/cm\/wp-content\/uploads\/2024\/08\/P8195932-2-24x16.jpg 24w, https:\/\/www.montessori-schule-duesseldorf-sued.de\/cm\/wp-content\/uploads\/2024\/08\/P8195932-2-36x24.jpg 36w, https:\/\/www.montessori-schule-duesseldorf-sued.de\/cm\/wp-content\/uploads\/2024\/08\/P8195932-2-48x32.jpg 48w, https:\/\/www.montessori-schule-duesseldorf-sued.de\/cm\/wp-content\/uploads\/2024\/08\/P8195932-2.jpg 1600w\" sizes=\"auto, (max-width: 1024px) 100vw, 1024px\" \/><\/a><\/figure>\n<\/div>\n\n\n<p class=\"has-text-align-left\">besteht aus 15 Grundschullehrkr\u00e4ften, 2 Sonderp\u00e4dagoginnen, 2 sozialp\u00e4dagogischen Fachkr\u00e4ften f\u00fcr die Eingangsphase, einer Sozialp\u00e4dagogin, einem Hausmeister mit einer Unterst\u00fctzungskraft, einer Sekret\u00e4rin, 7 Schulbegleitungen und 23 Mitarbeiterinnen in der Betreuung.<\/p>\n\n\n\n<p>Wir alle arbeiten Hand in Hand zum Besten f\u00fcr &#8222;unsere&#8220; Kinder.<\/p>\n","protected":false},"excerpt":{"rendered":"<p>Unser Team besteht aus 15 Grundschullehrkr\u00e4ften, 2 Sonderp\u00e4dagoginnen, 2 sozialp\u00e4dagogischen Fachkr\u00e4ften f\u00fcr die Eingangsphase, einer Sozialp\u00e4dagogin, einem Hausmeister mit einer Unterst\u00fctzungskraft, einer Sekret\u00e4rin, 7 Schulbegleitungen und 23 Mitarbeiterinnen in der Betreuung. Wir alle arbeiten Hand in Hand zum Besten f\u00fcr &#8222;unsere&#8220; Kinder.<\/p>\n","protected":false},"author":1,"featured_media":0,"parent":212,"menu_order":0,"comment_status":"closed","ping_status":"closed","template":"","meta":{"_acf_changed":false,"footnotes":""},"class_list":["post-214","page","type-page","status-publish","hentry"],"acf":[],"publishpress_future_action":{"enabled":false,"date":"2026-05-09 13:20:45","action":"change-status","newStatus":"draft","terms":[],"taxonomy":"","extraData":[]},"publishpress_future_workflow_manual_trigger":{"enabledWorkflows":[]},"_links":{"self":[{"href":"https:\/\/www.montessori-schule-duesseldorf-sued.de\/cm\/wp-json\/wp\/v2\/pages\/214","targetHints":{"allow":["GET"]}}],"collection":[{"href":"https:\/\/www.montessori-schule-duesseldorf-sued.de\/cm\/wp-json\/wp\/v2\/pages"}],"about":[{"href":"https:\/\/www.montessori-schule-duesseldorf-sued.de\/cm\/wp-json\/wp\/v2\/types\/page"}],"author":[{"embeddable":true,"href":"https:\/\/www.montessori-schule-duesseldorf-sued.de\/cm\/wp-json\/wp\/v2\/users\/1"}],"replies":[{"embeddable":true,"href":"https:\/\/www.montessori-schule-duesseldorf-sued.de\/cm\/wp-json\/wp\/v2\/comments?post=214"}],"version-history":[{"count":23,"href":"https:\/\/www.montessori-schule-duesseldorf-sued.de\/cm\/wp-json\/wp\/v2\/pages\/214\/revisions"}],"predecessor-version":[{"id":7195,"href":"https:\/\/www.montessori-schule-duesseldorf-sued.de\/cm\/wp-json\/wp\/v2\/pages\/214\/revisions\/7195"}],"up":[{"embeddable":true,"href":"https:\/\/www.montessori-schule-duesseldorf-sued.de\/cm\/wp-json\/wp\/v2\/pages\/212"}],"wp:attachment":[{"href":"https:\/\/www.montessori-schule-duesseldorf-sued.de\/cm\/wp-json\/wp\/v2\/media?parent=214"}],"curies":[{"name":"wp","href":"https:\/\/api.w.org\/{rel}","templated":true}]}}