{"id":220,"date":"2015-10-24T20:54:27","date_gmt":"2015-10-24T18:54:27","guid":{"rendered":"http:\/\/www.montessori-schule-duesseldorf-sued.de\/cm\/?page_id=220"},"modified":"2025-06-20T12:52:58","modified_gmt":"2025-06-20T10:52:58","slug":"sozialarbeiterin","status":"publish","type":"page","link":"https:\/\/www.montessori-schule-duesseldorf-sued.de\/cm\/team-2\/sozialarbeiterin\/","title":{"rendered":"Sozialarbeiter\/-in"},"content":{"rendered":"\n<h2 class=\"wp-block-heading\">Unsere Schulsozialarbeiterin<\/h2>\n\n\n<div class=\"wp-block-image\">\n<figure class=\"alignright size-full is-resized\"><a href=\"https:\/\/www.montessori-schule-duesseldorf-sued.de\/cm\/wp-content\/uploads\/2025\/06\/2025-Junker.jpg\"><img loading=\"lazy\" decoding=\"async\" width=\"400\" height=\"512\" src=\"https:\/\/www.montessori-schule-duesseldorf-sued.de\/cm\/wp-content\/uploads\/2025\/06\/2025-Junker.jpg\" alt=\"\" class=\"wp-image-7535\" style=\"aspect-ratio:0.6666666666666666;width:196px;height:auto\" srcset=\"https:\/\/www.montessori-schule-duesseldorf-sued.de\/cm\/wp-content\/uploads\/2025\/06\/2025-Junker.jpg 400w, https:\/\/www.montessori-schule-duesseldorf-sued.de\/cm\/wp-content\/uploads\/2025\/06\/2025-Junker-234x300.jpg 234w, https:\/\/www.montessori-schule-duesseldorf-sued.de\/cm\/wp-content\/uploads\/2025\/06\/2025-Junker-19x24.jpg 19w, https:\/\/www.montessori-schule-duesseldorf-sued.de\/cm\/wp-content\/uploads\/2025\/06\/2025-Junker-28x36.jpg 28w, https:\/\/www.montessori-schule-duesseldorf-sued.de\/cm\/wp-content\/uploads\/2025\/06\/2025-Junker-38x48.jpg 38w\" sizes=\"auto, (max-width: 400px) 100vw, 400px\" \/><\/a><\/figure>\n<\/div>\n\n\n<p>Hallo, mein Name ist Michelle Junker, und ich arbeite seit dem 01.04.2025 f\u00fcr SOS-Kinderdorf D\u00fcsseldorf an der Montessori-Grundschule. In meiner Arbeit als Schulsozialarbeiterin habe ich vielf\u00e4ltige Aufgaben. Ich begleite und unterst\u00fctze Sch\u00fcler:innen, Eltern, Lehrer:innen und Erzieher:innen im schulischen Alltag. <\/p>\n\n\n\n<p>Was mir in meiner Arbeit besonders am Herzen liegt, ist es f\u00fcr die Sch\u00fcler:innen da zu sein \u2013 ob bei kleinen Sorgen, gr\u00f6\u00dferen Herausforderungen oder einfach, um ihre St\u00e4rken gemeinsam zu entdecken. In meinen Kindersprechstunden k\u00f6nnen sie alles loswerden, was sie bewegt \u2013 ganz offen und vertraulich. Gleichzeitig unterst\u00fctze ich bei Gespr\u00e4chen, in Konfliktsituationen oder einfach wenn jemand gebraucht wird, der zuh\u00f6rt.<\/p>\n\n\n\n<p>Auch f\u00fcr Eltern habe ich jederzeit ein offenes Ohr, wenn Fragen oder Unsicherheiten auftauchen. Alle Gespr\u00e4che behandle ich selbstverst\u00e4ndlich vertraulich. Auf Wunsch beziehe ich gerne auch Lehrkr\u00e4fte mit ein.<\/p>\n\n\n\n<p><strong>Ich freue mich auf eine offene, vertrauensvolle Zusammenarbeit und auf viele gute Gespr\u00e4che!<\/strong><\/p>\n\n\n\n<h2 class=\"wp-block-heading\"><strong>Zu folgenden Zeiten bin ich in der Schule:<\/strong><\/h2>\n\n\n\n<p>Montag: 8:00 \u2013 14:00 Uhr<\/p>\n\n\n\n<p>Dienstag: 11:00 \u2013 16:00 Uhr<\/p>\n\n\n\n<p>Mittwoch: 8:00 \u2013 16:00 Uhr<\/p>\n\n\n\n<p>Donnerstag: 8:00 \u2013 16:00 Uhr<\/p>\n\n\n\n<p>Freitag: 8:00 \u2013 15:00 Uhr<\/p>\n\n\n\n<h2 class=\"wp-block-heading\"><strong>Meine Kontaktdaten:<\/strong><\/h2>\n\n\n\n<p>Telefon: 0151 65594331<\/p>\n\n\n\n<p>E-Mail: <a href=\"mailto:michelle.junker@sos-kinderdorf.de\">michelle.junker@sos-kinderdorf.de<\/a><\/p>\n\n\n\n<p><\/p>\n","protected":false},"excerpt":{"rendered":"<p>Unsere Schulsozialarbeiterin Hallo, mein Name ist Michelle Junker, und ich arbeite seit dem 01.04.2025 f\u00fcr SOS-Kinderdorf D\u00fcsseldorf an der Montessori-Grundschule. In meiner Arbeit als Schulsozialarbeiterin habe ich vielf\u00e4ltige Aufgaben. Ich begleite und unterst\u00fctze Sch\u00fcler:innen, Eltern, Lehrer:innen und Erzieher:innen im schulischen Alltag. Was mir in meiner Arbeit besonders am Herzen liegt, ist es f\u00fcr die Sch\u00fcler:innen<span>&#8230;<strong> <a style=\"color:#000000\" href=\"https:\/\/www.montessori-schule-duesseldorf-sued.de\/cm\/team-2\/sozialarbeiterin\/\">(Hier k\u00f6nnen Sie weiterlesen&#8230;)<\/a><\/strong><\/span><\/p>\n","protected":false},"author":1,"featured_media":0,"parent":212,"menu_order":0,"comment_status":"closed","ping_status":"closed","template":"","meta":{"_acf_changed":false,"footnotes":""},"class_list":["post-220","page","type-page","status-publish","hentry"],"acf":[],"publishpress_future_action":{"enabled":false,"date":"2026-04-21 13:15:20","action":"change-status","newStatus":"draft","terms":[],"taxonomy":"","extraData":[]},"publishpress_future_workflow_manual_trigger":{"enabledWorkflows":[]},"_links":{"self":[{"href":"https:\/\/www.montessori-schule-duesseldorf-sued.de\/cm\/wp-json\/wp\/v2\/pages\/220","targetHints":{"allow":["GET"]}}],"collection":[{"href":"https:\/\/www.montessori-schule-duesseldorf-sued.de\/cm\/wp-json\/wp\/v2\/pages"}],"about":[{"href":"https:\/\/www.montessori-schule-duesseldorf-sued.de\/cm\/wp-json\/wp\/v2\/types\/page"}],"author":[{"embeddable":true,"href":"https:\/\/www.montessori-schule-duesseldorf-sued.de\/cm\/wp-json\/wp\/v2\/users\/1"}],"replies":[{"embeddable":true,"href":"https:\/\/www.montessori-schule-duesseldorf-sued.de\/cm\/wp-json\/wp\/v2\/comments?post=220"}],"version-history":[{"count":31,"href":"https:\/\/www.montessori-schule-duesseldorf-sued.de\/cm\/wp-json\/wp\/v2\/pages\/220\/revisions"}],"predecessor-version":[{"id":7536,"href":"https:\/\/www.montessori-schule-duesseldorf-sued.de\/cm\/wp-json\/wp\/v2\/pages\/220\/revisions\/7536"}],"up":[{"embeddable":true,"href":"https:\/\/www.montessori-schule-duesseldorf-sued.de\/cm\/wp-json\/wp\/v2\/pages\/212"}],"wp:attachment":[{"href":"https:\/\/www.montessori-schule-duesseldorf-sued.de\/cm\/wp-json\/wp\/v2\/media?parent=220"}],"curies":[{"name":"wp","href":"https:\/\/api.w.org\/{rel}","templated":true}]}}