{"id":233,"date":"2015-10-24T21:00:39","date_gmt":"2015-10-24T19:00:39","guid":{"rendered":"http:\/\/www.montessori-schule-duesseldorf-sued.de\/cm\/?page_id=233"},"modified":"2025-10-29T09:50:45","modified_gmt":"2025-10-29T08:50:45","slug":"klassenrat-schuelerparlament","status":"publish","type":"page","link":"https:\/\/www.montessori-schule-duesseldorf-sued.de\/cm\/schueler\/klassenrat-schuelerparlament\/","title":{"rendered":"Klassenrat\/Sch\u00fclerparlament"},"content":{"rendered":"\n<h1 class=\"wp-block-heading\">Klassenrat und Sch\u00fclerparlament<\/h1>\n\n\n\n<div style=\"width: 400px; margin-left: 15px; float: right;\">  <\/div>\n\n\n\n<p>Jede Klasse w\u00e4hlt zu Beginn des Schuljahres einen Jungen und ein M\u00e4dchen als ihre Klassensprecher. Diese Klassensprecher treffen sich alle 14 Tage zum Sch\u00fclerparlament und besprechen wichtige Angelegenheiten, die die ganze Schule betreffen. Dazu m\u00fcssen die Klassensprecher nat\u00fcrlich zun\u00e4chst in den Klassen nach der Meinung der anderen Kinder fragen, z.B. wenn es darum geht eine Regelung f\u00fcr die Benutzung des Fu\u00dfballplatzes zu finden. Dann stimmen die Repr\u00e4sentanten im Parlament ab und finden eine Mehrheit. Das ist gelebte Demokratie. So erfahren Kinder, dass sie ernst genommen werden und mitbestimmen k\u00f6nnen.<\/p>\n\n\n\n<p>Innerhalb der Klassen findet einmal w\u00f6chentlich der Klassenrat statt. Daf\u00fcr gibt es eine feste Stunde im Stundenplan. Hier werden die Dinge besprochen, die die Klasse betreffen, z.B. wenn es Schwierigkeiten zwischen einzelnen Kindern gibt, es in der Freiarbeit zu unruhig ist oder es Probleme auf dem Pausenhof gibt. Nach einem festen Ablauf besprechen die Kinder ihre Anliegen, suchen eine L\u00f6sung, dokumentieren diese und halten in der n\u00e4chsten Sitzung nach, ob die Absprachen eingehalten wurden. Dabei ist jeder wichtig, jeder \u00fcbernimmt \u00c4mter wie den Gespr\u00e4chsleiter, Regelbeobachter, Zeitw\u00e4chter, Protokollf\u00fchrer oder Materialw\u00e4chter. Und auch die Lehrerin muss sich melden und warten bis sie an der Reihe ist.<\/p>\n\n\n<div class=\"wp-block-image\">\n<figure class=\"aligncenter size-full\"><a href=\"https:\/\/www.montessori-schule-duesseldorf-sued.de\/cm\/wp-content\/uploads\/2025\/10\/PA273111-kl.jpg\"><img loading=\"lazy\" decoding=\"async\" width=\"400\" height=\"266\" src=\"https:\/\/www.montessori-schule-duesseldorf-sued.de\/cm\/wp-content\/uploads\/2025\/10\/PA273111-kl.jpg\" alt=\"\" class=\"wp-image-7706\" srcset=\"https:\/\/www.montessori-schule-duesseldorf-sued.de\/cm\/wp-content\/uploads\/2025\/10\/PA273111-kl.jpg 400w, https:\/\/www.montessori-schule-duesseldorf-sued.de\/cm\/wp-content\/uploads\/2025\/10\/PA273111-kl-300x200.jpg 300w, https:\/\/www.montessori-schule-duesseldorf-sued.de\/cm\/wp-content\/uploads\/2025\/10\/PA273111-kl-24x16.jpg 24w, https:\/\/www.montessori-schule-duesseldorf-sued.de\/cm\/wp-content\/uploads\/2025\/10\/PA273111-kl-36x24.jpg 36w, https:\/\/www.montessori-schule-duesseldorf-sued.de\/cm\/wp-content\/uploads\/2025\/10\/PA273111-kl-48x32.jpg 48w\" sizes=\"auto, (max-width: 400px) 100vw, 400px\" \/><\/a><\/figure>\n<\/div>\n\n\n<p class=\"has-text-align-center\">Zur Zeit f\u00fchlen sich unsere Sch\u00fcler:innen durch  Louisa und Paul hervorragend vertreten.<\/p>\n\n\n\n<p>Seit M\u00e4rz 2019 gibt es in Garath das erste Kinderparlament D\u00fcsseldorfs. Wir sind sehr stolz, dass wir drei Vertreterinnen und Vertreter unserer Schule dorthin schicken d\u00fcrfen. Die Kinder treffen sich dreimal im Jahr, um \u00fcber alles Wichtige in ihrem Stadtteil zu beraten. Sie k\u00f6nnen sogar Antr\u00e4ge \u00fcber den Jugendrat in den gro\u00dfen Rat der Stadt einbringen.<\/p>\n\n\n\n<p><\/p>\n","protected":false},"excerpt":{"rendered":"<p>Klassenrat und Sch\u00fclerparlament Jede Klasse w\u00e4hlt zu Beginn des Schuljahres einen Jungen und ein M\u00e4dchen als ihre Klassensprecher. Diese Klassensprecher treffen sich alle 14 Tage zum Sch\u00fclerparlament und besprechen wichtige Angelegenheiten, die die ganze Schule betreffen. Dazu m\u00fcssen die Klassensprecher nat\u00fcrlich zun\u00e4chst in den Klassen nach der Meinung der anderen Kinder fragen, z.B. wenn es<span>&#8230;<strong> <a style=\"color:#000000\" href=\"https:\/\/www.montessori-schule-duesseldorf-sued.de\/cm\/schueler\/klassenrat-schuelerparlament\/\">(Hier k\u00f6nnen Sie weiterlesen&#8230;)<\/a><\/strong><\/span><\/p>\n","protected":false},"author":1,"featured_media":0,"parent":229,"menu_order":0,"comment_status":"closed","ping_status":"closed","template":"","meta":{"_acf_changed":false,"footnotes":""},"class_list":["post-233","page","type-page","status-publish","hentry"],"acf":[],"publishpress_future_action":{"enabled":false,"date":"2026-04-21 13:20:30","action":"change-status","newStatus":"draft","terms":[],"taxonomy":"","extraData":[]},"publishpress_future_workflow_manual_trigger":{"enabledWorkflows":[]},"_links":{"self":[{"href":"https:\/\/www.montessori-schule-duesseldorf-sued.de\/cm\/wp-json\/wp\/v2\/pages\/233","targetHints":{"allow":["GET"]}}],"collection":[{"href":"https:\/\/www.montessori-schule-duesseldorf-sued.de\/cm\/wp-json\/wp\/v2\/pages"}],"about":[{"href":"https:\/\/www.montessori-schule-duesseldorf-sued.de\/cm\/wp-json\/wp\/v2\/types\/page"}],"author":[{"embeddable":true,"href":"https:\/\/www.montessori-schule-duesseldorf-sued.de\/cm\/wp-json\/wp\/v2\/users\/1"}],"replies":[{"embeddable":true,"href":"https:\/\/www.montessori-schule-duesseldorf-sued.de\/cm\/wp-json\/wp\/v2\/comments?post=233"}],"version-history":[{"count":19,"href":"https:\/\/www.montessori-schule-duesseldorf-sued.de\/cm\/wp-json\/wp\/v2\/pages\/233\/revisions"}],"predecessor-version":[{"id":7708,"href":"https:\/\/www.montessori-schule-duesseldorf-sued.de\/cm\/wp-json\/wp\/v2\/pages\/233\/revisions\/7708"}],"up":[{"embeddable":true,"href":"https:\/\/www.montessori-schule-duesseldorf-sued.de\/cm\/wp-json\/wp\/v2\/pages\/229"}],"wp:attachment":[{"href":"https:\/\/www.montessori-schule-duesseldorf-sued.de\/cm\/wp-json\/wp\/v2\/media?parent=233"}],"curies":[{"name":"wp","href":"https:\/\/api.w.org\/{rel}","templated":true}]}}