{"id":241,"date":"2015-10-24T21:27:51","date_gmt":"2015-10-24T19:27:51","guid":{"rendered":"http:\/\/www.montessori-schule-duesseldorf-sued.de\/cm\/?page_id=241"},"modified":"2023-10-17T22:20:36","modified_gmt":"2023-10-17T20:20:36","slug":"schuelerbibliothek","status":"publish","type":"page","link":"https:\/\/www.montessori-schule-duesseldorf-sued.de\/cm\/schueler\/schuelerbibliothek\/","title":{"rendered":"Sch\u00fclerbibliothek"},"content":{"rendered":"<h1><img loading=\"lazy\" decoding=\"async\" class=\"alignleft wp-image-548\" src=\"http:\/\/www.montessori-schule-duesseldorf-sued.de\/cm\/wp-content\/uploads\/2015\/10\/017.jpg\" alt=\"\" width=\"350\" height=\"262\" srcset=\"https:\/\/www.montessori-schule-duesseldorf-sued.de\/cm\/wp-content\/uploads\/2015\/10\/017.jpg 430w, https:\/\/www.montessori-schule-duesseldorf-sued.de\/cm\/wp-content\/uploads\/2015\/10\/017-300x225.jpg 300w, https:\/\/www.montessori-schule-duesseldorf-sued.de\/cm\/wp-content\/uploads\/2015\/10\/017-24x18.jpg 24w, https:\/\/www.montessori-schule-duesseldorf-sued.de\/cm\/wp-content\/uploads\/2015\/10\/017-36x27.jpg 36w, https:\/\/www.montessori-schule-duesseldorf-sued.de\/cm\/wp-content\/uploads\/2015\/10\/017-48x36.jpg 48w\" sizes=\"auto, (max-width: 350px) 100vw, 350px\" \/>Sch\u00fclerbibliothek<\/h1>\n<p>Neben der Leseecke, die in jeder Klasse eingerichtet ist, gibt es eine Sch\u00fclerbibliothek in der zweiten Etage des Hauptgeb\u00e4udes. Dort k\u00f6nnen Kinder mit ihren Lehrern gemeinsam nach B\u00fcchern schauen, die sie zur Erstellung ihrer Arbeiten ben\u00f6tigen. Wir arbeiten derzeit an der Umstrukturierung, sodass hier eine Ausleihb\u00fccherei f\u00fcr die Kinder entsteht.<\/p>\n","protected":false},"excerpt":{"rendered":"<p>Sch\u00fclerbibliothek Neben der Leseecke, die in jeder Klasse eingerichtet ist, gibt es eine Sch\u00fclerbibliothek in der zweiten Etage des Hauptgeb\u00e4udes. Dort k\u00f6nnen Kinder mit ihren Lehrern gemeinsam nach B\u00fcchern schauen, die sie zur Erstellung ihrer Arbeiten ben\u00f6tigen. Wir arbeiten derzeit an der Umstrukturierung, sodass hier eine Ausleihb\u00fccherei f\u00fcr die Kinder entsteht.<\/p>\n","protected":false},"author":1,"featured_media":0,"parent":229,"menu_order":0,"comment_status":"closed","ping_status":"closed","template":"","meta":{"_acf_changed":false,"footnotes":""},"class_list":["post-241","page","type-page","status-publish","hentry"],"acf":[],"publishpress_future_action":{"enabled":false,"date":"2026-04-24 11:54:20","action":"change-status","newStatus":"draft","terms":[],"taxonomy":"","extraData":[]},"publishpress_future_workflow_manual_trigger":{"enabledWorkflows":[]},"_links":{"self":[{"href":"https:\/\/www.montessori-schule-duesseldorf-sued.de\/cm\/wp-json\/wp\/v2\/pages\/241","targetHints":{"allow":["GET"]}}],"collection":[{"href":"https:\/\/www.montessori-schule-duesseldorf-sued.de\/cm\/wp-json\/wp\/v2\/pages"}],"about":[{"href":"https:\/\/www.montessori-schule-duesseldorf-sued.de\/cm\/wp-json\/wp\/v2\/types\/page"}],"author":[{"embeddable":true,"href":"https:\/\/www.montessori-schule-duesseldorf-sued.de\/cm\/wp-json\/wp\/v2\/users\/1"}],"replies":[{"embeddable":true,"href":"https:\/\/www.montessori-schule-duesseldorf-sued.de\/cm\/wp-json\/wp\/v2\/comments?post=241"}],"version-history":[{"count":8,"href":"https:\/\/www.montessori-schule-duesseldorf-sued.de\/cm\/wp-json\/wp\/v2\/pages\/241\/revisions"}],"predecessor-version":[{"id":6226,"href":"https:\/\/www.montessori-schule-duesseldorf-sued.de\/cm\/wp-json\/wp\/v2\/pages\/241\/revisions\/6226"}],"up":[{"embeddable":true,"href":"https:\/\/www.montessori-schule-duesseldorf-sued.de\/cm\/wp-json\/wp\/v2\/pages\/229"}],"wp:attachment":[{"href":"https:\/\/www.montessori-schule-duesseldorf-sued.de\/cm\/wp-json\/wp\/v2\/media?parent=241"}],"curies":[{"name":"wp","href":"https:\/\/api.w.org\/{rel}","templated":true}]}}