{"id":243,"date":"2015-10-24T21:28:11","date_gmt":"2015-10-24T19:28:11","guid":{"rendered":"http:\/\/www.montessori-schule-duesseldorf-sued.de\/cm\/?page_id=243"},"modified":"2025-09-22T09:03:43","modified_gmt":"2025-09-22T07:03:43","slug":"schuelersprechstunde","status":"publish","type":"page","link":"https:\/\/www.montessori-schule-duesseldorf-sued.de\/cm\/schueler\/schuelersprechstunde\/","title":{"rendered":"Sch\u00fclersprechstunde"},"content":{"rendered":"\n<h1 class=\"wp-block-heading\">Sch\u00fclersprechstunde \/ Streitschlichtung<\/h1>\n\n\n<div class=\"wp-block-image\">\n<figure class=\"alignright size-full\"><a href=\"https:\/\/www.montessori-schule-duesseldorf-sued.de\/cm\/wp-content\/uploads\/2022\/09\/schuelersprechstunde.jpg\"><img loading=\"lazy\" decoding=\"async\" width=\"397\" height=\"179\" src=\"https:\/\/www.montessori-schule-duesseldorf-sued.de\/cm\/wp-content\/uploads\/2022\/09\/schuelersprechstunde.jpg\" alt=\"\" class=\"wp-image-5473\" srcset=\"https:\/\/www.montessori-schule-duesseldorf-sued.de\/cm\/wp-content\/uploads\/2022\/09\/schuelersprechstunde.jpg 397w, https:\/\/www.montessori-schule-duesseldorf-sued.de\/cm\/wp-content\/uploads\/2022\/09\/schuelersprechstunde-300x135.jpg 300w, https:\/\/www.montessori-schule-duesseldorf-sued.de\/cm\/wp-content\/uploads\/2022\/09\/schuelersprechstunde-24x11.jpg 24w, https:\/\/www.montessori-schule-duesseldorf-sued.de\/cm\/wp-content\/uploads\/2022\/09\/schuelersprechstunde-36x16.jpg 36w, https:\/\/www.montessori-schule-duesseldorf-sued.de\/cm\/wp-content\/uploads\/2022\/09\/schuelersprechstunde-48x22.jpg 48w\" sizes=\"auto, (max-width: 397px) 100vw, 397px\" \/><\/a><\/figure>\n<\/div>\n\n\n<p>\u201eDer hat aber angefangen!\u201c So oder so \u00e4hnlich gibt es schon mal Streit zwischen den Kindern. Wenn es nicht gelingt diesen unter den Kindern zu kl\u00e4ren, gibt es t\u00e4glich in der f\u00fcnften das Angebot einer Sch\u00fclersprechstunde und Streitschlichtung in unserem Verwaltungstrakt.<\/p>\n","protected":false},"excerpt":{"rendered":"<p>Sch\u00fclersprechstunde \/ Streitschlichtung \u201eDer hat aber angefangen!\u201c So oder so \u00e4hnlich gibt es schon mal Streit zwischen den Kindern. Wenn es nicht gelingt diesen unter den Kindern zu kl\u00e4ren, gibt es t\u00e4glich in der f\u00fcnften das Angebot einer Sch\u00fclersprechstunde und Streitschlichtung in unserem Verwaltungstrakt.<\/p>\n","protected":false},"author":1,"featured_media":0,"parent":229,"menu_order":0,"comment_status":"closed","ping_status":"closed","template":"","meta":{"_acf_changed":false,"footnotes":""},"class_list":["post-243","page","type-page","status-publish","hentry"],"acf":[],"publishpress_future_action":{"enabled":false,"date":"2026-04-23 21:18:46","action":"change-status","newStatus":"draft","terms":[],"taxonomy":"","extraData":[]},"publishpress_future_workflow_manual_trigger":{"enabledWorkflows":[]},"_links":{"self":[{"href":"https:\/\/www.montessori-schule-duesseldorf-sued.de\/cm\/wp-json\/wp\/v2\/pages\/243","targetHints":{"allow":["GET"]}}],"collection":[{"href":"https:\/\/www.montessori-schule-duesseldorf-sued.de\/cm\/wp-json\/wp\/v2\/pages"}],"about":[{"href":"https:\/\/www.montessori-schule-duesseldorf-sued.de\/cm\/wp-json\/wp\/v2\/types\/page"}],"author":[{"embeddable":true,"href":"https:\/\/www.montessori-schule-duesseldorf-sued.de\/cm\/wp-json\/wp\/v2\/users\/1"}],"replies":[{"embeddable":true,"href":"https:\/\/www.montessori-schule-duesseldorf-sued.de\/cm\/wp-json\/wp\/v2\/comments?post=243"}],"version-history":[{"count":6,"href":"https:\/\/www.montessori-schule-duesseldorf-sued.de\/cm\/wp-json\/wp\/v2\/pages\/243\/revisions"}],"predecessor-version":[{"id":7629,"href":"https:\/\/www.montessori-schule-duesseldorf-sued.de\/cm\/wp-json\/wp\/v2\/pages\/243\/revisions\/7629"}],"up":[{"embeddable":true,"href":"https:\/\/www.montessori-schule-duesseldorf-sued.de\/cm\/wp-json\/wp\/v2\/pages\/229"}],"wp:attachment":[{"href":"https:\/\/www.montessori-schule-duesseldorf-sued.de\/cm\/wp-json\/wp\/v2\/media?parent=243"}],"curies":[{"name":"wp","href":"https:\/\/api.w.org\/{rel}","templated":true}]}}