{"id":2472,"date":"2018-06-06T11:01:12","date_gmt":"2018-06-06T09:01:12","guid":{"rendered":"http:\/\/www.montessori-schule-duesseldorf-sued.de\/cm\/?page_id=2472"},"modified":"2019-09-26T15:55:25","modified_gmt":"2019-09-26T13:55:25","slug":"zirkuswoche-2018","status":"publish","type":"page","link":"https:\/\/www.montessori-schule-duesseldorf-sued.de\/cm\/zirkuswoche-2018\/","title":{"rendered":"Zirkuswoche 2018"},"content":{"rendered":"<h1>Zirkus Zappzarap<\/h1>\n<p><img loading=\"lazy\" decoding=\"async\" class=\"size-full wp-image-2476 aligncenter\" style=\"box-shadow: none;\" src=\"http:\/\/www.montessori-schule-duesseldorf-sued.de\/cm\/wp-content\/uploads\/2018\/06\/teaser.jpg\" alt=\"\" width=\"925\" height=\"187\" srcset=\"https:\/\/www.montessori-schule-duesseldorf-sued.de\/cm\/wp-content\/uploads\/2018\/06\/teaser.jpg 925w, https:\/\/www.montessori-schule-duesseldorf-sued.de\/cm\/wp-content\/uploads\/2018\/06\/teaser-300x61.jpg 300w, https:\/\/www.montessori-schule-duesseldorf-sued.de\/cm\/wp-content\/uploads\/2018\/06\/teaser-768x155.jpg 768w, https:\/\/www.montessori-schule-duesseldorf-sued.de\/cm\/wp-content\/uploads\/2018\/06\/teaser-624x126.jpg 624w, https:\/\/www.montessori-schule-duesseldorf-sued.de\/cm\/wp-content\/uploads\/2018\/06\/teaser-24x5.jpg 24w, https:\/\/www.montessori-schule-duesseldorf-sued.de\/cm\/wp-content\/uploads\/2018\/06\/teaser-36x7.jpg 36w, https:\/\/www.montessori-schule-duesseldorf-sued.de\/cm\/wp-content\/uploads\/2018\/06\/teaser-48x10.jpg 48w\" sizes=\"auto, (max-width: 925px) 100vw, 925px\" \/><\/p>\n<p>Eine ganze Woche lang war bei uns der Zirkus los! In und um einem echten Zirkuszelt wurde ge\u00fcbt, Kunstst\u00fccke einstudiert und eigene Grenzen erweitert. Die Woche gipfelte in ganzen vier Vorf\u00fchrungen f\u00fcr ein begeistertes Publikum.<\/p>\n<p><strong>Sehen Sie hier ein paar Eindr\u00fccke.<\/strong><\/p>\n<div style=\"width: 625px;\" class=\"wp-video\"><video class=\"wp-video-shortcode\" id=\"video-2472-1\" width=\"625\" height=\"351\" preload=\"metadata\" controls=\"controls\"><source type=\"video\/mp4\" src=\"https:\/\/www.montessori-schule-duesseldorf-sued.de\/cm\/wp-content\/uploads\/2018\/06\/MONTE_ZIRKUS_2018_TRAILER_58s_480p.mp4?_=1\" \/><a href=\"https:\/\/www.montessori-schule-duesseldorf-sued.de\/cm\/wp-content\/uploads\/2018\/06\/MONTE_ZIRKUS_2018_TRAILER_58s_480p.mp4\">https:\/\/www.montessori-schule-duesseldorf-sued.de\/cm\/wp-content\/uploads\/2018\/06\/MONTE_ZIRKUS_2018_TRAILER_58s_480p.mp4<\/a><\/video><\/div>\n","protected":false},"excerpt":{"rendered":"<p>Zirkus Zappzarap Eine ganze Woche lang war bei uns der Zirkus los! In und um einem echten Zirkuszelt wurde ge\u00fcbt, Kunstst\u00fccke einstudiert und eigene Grenzen erweitert. Die Woche gipfelte in ganzen vier Vorf\u00fchrungen f\u00fcr ein begeistertes Publikum. Sehen Sie hier ein paar Eindr\u00fccke.<\/p>\n","protected":false},"author":1,"featured_media":0,"parent":0,"menu_order":0,"comment_status":"closed","ping_status":"closed","template":"","meta":{"_acf_changed":false,"footnotes":""},"class_list":["post-2472","page","type-page","status-publish","hentry"],"acf":[],"publishpress_future_action":{"enabled":false,"date":"2026-04-21 16:48:08","action":"change-status","newStatus":"draft","terms":[],"taxonomy":"","extraData":[]},"publishpress_future_workflow_manual_trigger":{"enabledWorkflows":[]},"_links":{"self":[{"href":"https:\/\/www.montessori-schule-duesseldorf-sued.de\/cm\/wp-json\/wp\/v2\/pages\/2472","targetHints":{"allow":["GET"]}}],"collection":[{"href":"https:\/\/www.montessori-schule-duesseldorf-sued.de\/cm\/wp-json\/wp\/v2\/pages"}],"about":[{"href":"https:\/\/www.montessori-schule-duesseldorf-sued.de\/cm\/wp-json\/wp\/v2\/types\/page"}],"author":[{"embeddable":true,"href":"https:\/\/www.montessori-schule-duesseldorf-sued.de\/cm\/wp-json\/wp\/v2\/users\/1"}],"replies":[{"embeddable":true,"href":"https:\/\/www.montessori-schule-duesseldorf-sued.de\/cm\/wp-json\/wp\/v2\/comments?post=2472"}],"version-history":[{"count":11,"href":"https:\/\/www.montessori-schule-duesseldorf-sued.de\/cm\/wp-json\/wp\/v2\/pages\/2472\/revisions"}],"predecessor-version":[{"id":3047,"href":"https:\/\/www.montessori-schule-duesseldorf-sued.de\/cm\/wp-json\/wp\/v2\/pages\/2472\/revisions\/3047"}],"wp:attachment":[{"href":"https:\/\/www.montessori-schule-duesseldorf-sued.de\/cm\/wp-json\/wp\/v2\/media?parent=2472"}],"curies":[{"name":"wp","href":"https:\/\/api.w.org\/{rel}","templated":true}]}}