{"id":253,"date":"2015-10-24T21:31:58","date_gmt":"2015-10-24T19:31:58","guid":{"rendered":"http:\/\/www.montessori-schule-duesseldorf-sued.de\/cm\/?page_id=253"},"modified":"2025-09-22T09:17:30","modified_gmt":"2025-09-22T07:17:30","slug":"elternmitwirkung","status":"publish","type":"page","link":"https:\/\/www.montessori-schule-duesseldorf-sued.de\/cm\/eltern-3\/elternmitwirkung\/","title":{"rendered":"Elternmitwirkung"},"content":{"rendered":"\n<h1 class=\"wp-block-heading\">Elternmitwirkung<\/h1>\n\n\n\n<h2 class=\"wp-block-heading\">Klassenpflegschaft<\/h2>\n\n\n<div class=\"wp-block-image\">\n<figure class=\"alignright\"><img loading=\"lazy\" decoding=\"async\" width=\"316\" height=\"252\" src=\"http:\/\/www.montessori-schule-duesseldorf-sued.de\/cm\/wp-content\/uploads\/2015\/10\/00.jpg\" alt=\"\" class=\"wp-image-471\" srcset=\"https:\/\/www.montessori-schule-duesseldorf-sued.de\/cm\/wp-content\/uploads\/2015\/10\/00.jpg 316w, https:\/\/www.montessori-schule-duesseldorf-sued.de\/cm\/wp-content\/uploads\/2015\/10\/00-300x239.jpg 300w, https:\/\/www.montessori-schule-duesseldorf-sued.de\/cm\/wp-content\/uploads\/2015\/10\/00-24x19.jpg 24w, https:\/\/www.montessori-schule-duesseldorf-sued.de\/cm\/wp-content\/uploads\/2015\/10\/00-36x29.jpg 36w, https:\/\/www.montessori-schule-duesseldorf-sued.de\/cm\/wp-content\/uploads\/2015\/10\/00-48x38.jpg 48w\" sizes=\"auto, (max-width: 316px) 100vw, 316px\" \/><\/figure>\n<\/div>\n\n\n<p>Die Klassenpflegschaft sind die Erziehungsberechtigten der Kinder einer Klasse. Sie w\u00e4hlen eine\/n Vorsitzende\/n und eine\/n Stellvertreter\/in.<\/p>\n\n\n\n<p>Mindestens zweimal im Schuljahr trifft sich die Klassenpflegschaft zu einem Elternabend, an dem es Informationen \u00fcber das Schulleben, den Unterricht und die neuen Projekte gibt.<\/p>\n\n\n\n<p>Aufgabe der Klassenpflegschaftsvorsitzenden sind die Organisation von Festen, die Weitergabe von Informationen (per Mailverteiler) sowie der Austausch zwischen Eltern und Klassenlehrern.<\/p>\n\n\n\n<h2 class=\"wp-block-heading\">Schulpflegschaft<\/h2>\n\n\n\n<p>Die gew\u00e4hlten Klassenpflegschaftsvorsitzenden bilden zusammen die Schulpflegschaft. Sie treffen sich zur Schulpflegschaftssitzung und w\u00e4hlen aus ihren eigenen Reihen einen Vorsitzenden sowie zwei Vertreter. Die Schulpflegschaft vertritt die Interessen der Eltern gegen\u00fcber der Schulleitung und den anderen Gremien.<\/p>\n\n\n\n<p>Aufgaben der Schulpflegschaft ist die Organisation und Koordinierung von Festen und Veranstaltungen. Dar\u00fcber hinaus sind sie Ansprechpartner f\u00fcr Fragen, W\u00fcnsche und Anregungen der Eltern und Bindeglied zur Schulleitung.<\/p>\n\n\n\n<h2 class=\"wp-block-heading\">Schulkonferenz<\/h2>\n\n\n\n<p>Die Schulkonferenz ist das oberste Mitwirkungsgremium einer jeden Schule. Sie entscheidet \u00fcber alle schulischen Angelegenheiten, z.B. Festlegung der beweglichen Ferientage, Klassenfahrten, neue B\u00fccher, Projekte, das Schulprogramm, die Annahme einer neuen Schulleitung und vieles mehr.<\/p>\n\n\n\n<p>Mitglieder der Schulkonferenz sind zu gleichen Teilen die gew\u00e4hlten Vertreter des Lehrerkollegiums sowie der Schulpflegschaft (Eltern). Die Schulleiterin ist ebenfalls Mitglied dieses Gremiums.<\/p>\n\n\n\n<h2 class=\"wp-block-heading\">Mitarbeit in der Schule:<\/h2>\n\n\n\n<div style=\"width: 335px; margin-left: 15px; float: right;\"><style type=\"text\/css\">.easingslider-467 { max-width: 387px; }.easingslider-467 .easingslider-image { max-height: 259px; max-width: 387px; }.easingslider-467 .easingslider-fade-in, .easingslider-fade-out { -webkit-animation-duration: 400ms; -moz-animation-duration: 400ms; animation-duration: 400ms; }<\/style><script type=\"text\/javascript\">window.EasingSlider467 = {\"width\":387,\"height\":259,\"singleItem\":true,\"items\":1,\"itemsDesktop\":false,\"itemsDesktopSmall\":false,\"itemsTablet\":false,\"itemsTabletSmall\":false,\"itemsMobile\":false,\"responsive\":true,\"lazyLoad\":true,\"autoPlay\":4000,\"slideSpeed\":400,\"navigation\":true,\"navigationText\":[\"\",\"\"],\"pagination\":true,\"autoHeight\":false,\"mouseDrag\":false,\"touchDrag\":false,\"addClassActive\":true,\"transitionStyle\":\"fade\"};<\/script><div data-id=\"467\" class=\"easingslider easingslider-467 easingslider-container easingslider-resizing-enabled easingslider-aspect-ratio easingslider-arrows-inside easingslider-pagination-hover easingslider-pagination-inside easingslider-pagination-bottom-center\"><div class=\"easingslider-slide\"><a href=\"none\" target=\"\"><img decoding=\"async\" src=\"https:\/\/www.montessori-schule-duesseldorf-sued.de\/cm\/wp-content\/plugins\/easing-slider\/assets\/images\/placeholder-pixel.png\" data-src=\"https:\/\/www.montessori-schule-duesseldorf-sued.de\/cm\/wp-content\/uploads\/2015\/11\/011-387x259.jpg\" alt=\"\" title=\"\" class=\"easingslider-image easingslider-lazy\" \/><\/a><\/div><div class=\"easingslider-slide\"><a href=\"none\" target=\"\"><img decoding=\"async\" src=\"https:\/\/www.montessori-schule-duesseldorf-sued.de\/cm\/wp-content\/plugins\/easing-slider\/assets\/images\/placeholder-pixel.png\" data-src=\"https:\/\/www.montessori-schule-duesseldorf-sued.de\/cm\/wp-content\/uploads\/2015\/11\/021-387x259.jpg\" alt=\"\" title=\"\" class=\"easingslider-image easingslider-lazy\" \/><\/a><\/div><div class=\"easingslider-slide\"><a href=\"none\" target=\"\"><img decoding=\"async\" src=\"https:\/\/www.montessori-schule-duesseldorf-sued.de\/cm\/wp-content\/plugins\/easing-slider\/assets\/images\/placeholder-pixel.png\" data-src=\"https:\/\/www.montessori-schule-duesseldorf-sued.de\/cm\/wp-content\/uploads\/2015\/11\/031-387x259.jpg\" alt=\"\" title=\"\" class=\"easingslider-image easingslider-lazy\" \/><\/a><\/div><div class=\"easingslider-slide\"><a href=\"none\" target=\"\"><img decoding=\"async\" src=\"https:\/\/www.montessori-schule-duesseldorf-sued.de\/cm\/wp-content\/plugins\/easing-slider\/assets\/images\/placeholder-pixel.png\" data-src=\"https:\/\/www.montessori-schule-duesseldorf-sued.de\/cm\/wp-content\/uploads\/2015\/11\/041-387x259.jpg\" alt=\"\" title=\"\" class=\"easingslider-image easingslider-lazy\" \/><\/a><\/div><div class=\"easingslider-slide\"><a href=\"none\" target=\"\"><img decoding=\"async\" src=\"https:\/\/www.montessori-schule-duesseldorf-sued.de\/cm\/wp-content\/plugins\/easing-slider\/assets\/images\/placeholder-pixel.png\" data-src=\"https:\/\/www.montessori-schule-duesseldorf-sued.de\/cm\/wp-content\/uploads\/2015\/11\/051-387x259.jpg\" alt=\"\" title=\"\" class=\"easingslider-image easingslider-lazy\" \/><\/a><\/div><div class=\"easingslider-slide\"><a href=\"none\" target=\"\"><img decoding=\"async\" src=\"https:\/\/www.montessori-schule-duesseldorf-sued.de\/cm\/wp-content\/plugins\/easing-slider\/assets\/images\/placeholder-pixel.png\" data-src=\"https:\/\/www.montessori-schule-duesseldorf-sued.de\/cm\/wp-content\/uploads\/2015\/11\/061-387x259.jpg\" alt=\"\" title=\"\" class=\"easingslider-image easingslider-lazy\" \/><\/a><\/div><\/div><\/div>\n\n\n\n<p>Neben der Mitarbeit in den Gremien gibt es bei uns eine Vielzahl von M\u00f6glichkeiten sich aktiv mit in die Arbeit der Schule einzubringen:<\/p>\n\n\n\n<p><strong>Leseeltern<\/strong>: Im Rahmen der Freiarbeit kommen Eltern f\u00fcr etwa zwei Stunden mit in den Unterricht hinein und lesen mit den Kindern. (d.h. die Kinder lesen den M\u00fcttern\/V\u00e4tern etwas vor). Die Kinder genie\u00dfen das sehr und auch die Eltern profitieren davon, einmal M\u00e4uschen spielen zu k\u00f6nnen und eine \u201eInnenansicht\u201c der Freiarbeit zu bekommen.<\/p>\n\n\n\n<p><strong>Ausflugsbegleiter:<\/strong> Bei unseren Ausfl\u00fcgen ins Museum, zum Theater, zum Gottesdienst, in die B\u00fccherei, beim Fahrradtraining und und und. Wir brauchen Sie!<\/p>\n\n\n\n<p><strong>Projektwochenhelfer:<\/strong> Einmal im Jahr gibt es eine Projektwoche in unserer Schule, an deren Ende das Schulfest gefeiert wird. Da es sich in der Regel um kreative, experimentelle, handwerkliche Aufgaben handelt, brauchen wir unbedingt Unterst\u00fctzung, um den Kindern auch das Werkzeug in die Hand zu geben, damit sie bohren, feilen, h\u00e4mmern, mit Feuer experimentieren usw. k\u00f6nnen.<\/p>\n\n\n\n<p><strong>Eisschuhhelfer:<\/strong> Unsere Viertkl\u00e4ssler fahren zum Schlittschuhlaufen. Damit die Zeit auf dem Eis so lang wie m\u00f6glich wird, haben wir Eltern, die uns beim Schlittschuhbinden helfen, denn das ist gar nicht so einfach.<\/p>\n\n\n\n<p><strong>Crosslauf:<\/strong> Einmal im Jahr gibt es einen Crosslauf durch die Urdenbacher K\u00e4mpe. Dann l\u00e4uft die ganze Schule gemeinsam durch den Wald. Ein tolles Sportfest. Auch daf\u00fcr ben\u00f6tigen wir Eltern, die den Sportlern Wasser anreichen, mitlaufen, anfeuern oder Stempel f\u00fcr gelaufene Runden verteilen.<\/p>\n\n\n\n<p><strong>Feste\/Wettbewerbe:<\/strong> Hier entsteht nun die Schnittmenge zur Schulpflegschaft, denn es gibt einige Feste und Wettbewerbe, die organisiert werden m\u00fcssen. Das \u00fcbernimmt die Schulpflegschaft. Aber allein k\u00f6nnen die 24 M\u00e4nner und Frauen das nicht schaffen. Sie brauchen die Unterst\u00fctzung aller Eltern, damit wir zusammen ein tolles Schulfest ausrichten k\u00f6nnen.<\/p>\n\n\n\n<p><strong>Sie sehen also, es gibt viel zu tun. Bringen Sie sich gerne ein, damit Sie mit Ihren Kindern und uns eine tolle Grundschulzeit gestalten k\u00f6nnen.<\/strong><\/p>\n","protected":false},"excerpt":{"rendered":"<p>Elternmitwirkung Klassenpflegschaft Die Klassenpflegschaft sind die Erziehungsberechtigten der Kinder einer Klasse. Sie w\u00e4hlen eine\/n Vorsitzende\/n und eine\/n Stellvertreter\/in. Mindestens zweimal im Schuljahr trifft sich die Klassenpflegschaft zu einem Elternabend, an dem es Informationen \u00fcber das Schulleben, den Unterricht und die neuen Projekte gibt. Aufgabe der Klassenpflegschaftsvorsitzenden sind die Organisation von Festen, die Weitergabe von Informationen<span>&#8230;<strong> <a style=\"color:#000000\" href=\"https:\/\/www.montessori-schule-duesseldorf-sued.de\/cm\/eltern-3\/elternmitwirkung\/\">(Hier k\u00f6nnen Sie weiterlesen&#8230;)<\/a><\/strong><\/span><\/p>\n","protected":false},"author":1,"featured_media":0,"parent":251,"menu_order":0,"comment_status":"closed","ping_status":"closed","template":"","meta":{"_acf_changed":false,"footnotes":""},"class_list":["post-253","page","type-page","status-publish","hentry"],"acf":[],"publishpress_future_action":{"enabled":false,"date":"2026-04-21 13:14:58","action":"change-status","newStatus":"draft","terms":[],"taxonomy":"","extraData":[]},"publishpress_future_workflow_manual_trigger":{"enabledWorkflows":[]},"_links":{"self":[{"href":"https:\/\/www.montessori-schule-duesseldorf-sued.de\/cm\/wp-json\/wp\/v2\/pages\/253","targetHints":{"allow":["GET"]}}],"collection":[{"href":"https:\/\/www.montessori-schule-duesseldorf-sued.de\/cm\/wp-json\/wp\/v2\/pages"}],"about":[{"href":"https:\/\/www.montessori-schule-duesseldorf-sued.de\/cm\/wp-json\/wp\/v2\/types\/page"}],"author":[{"embeddable":true,"href":"https:\/\/www.montessori-schule-duesseldorf-sued.de\/cm\/wp-json\/wp\/v2\/users\/1"}],"replies":[{"embeddable":true,"href":"https:\/\/www.montessori-schule-duesseldorf-sued.de\/cm\/wp-json\/wp\/v2\/comments?post=253"}],"version-history":[{"count":18,"href":"https:\/\/www.montessori-schule-duesseldorf-sued.de\/cm\/wp-json\/wp\/v2\/pages\/253\/revisions"}],"predecessor-version":[{"id":7636,"href":"https:\/\/www.montessori-schule-duesseldorf-sued.de\/cm\/wp-json\/wp\/v2\/pages\/253\/revisions\/7636"}],"up":[{"embeddable":true,"href":"https:\/\/www.montessori-schule-duesseldorf-sued.de\/cm\/wp-json\/wp\/v2\/pages\/251"}],"wp:attachment":[{"href":"https:\/\/www.montessori-schule-duesseldorf-sued.de\/cm\/wp-json\/wp\/v2\/media?parent=253"}],"curies":[{"name":"wp","href":"https:\/\/api.w.org\/{rel}","templated":true}]}}