{"id":255,"date":"2015-10-24T21:32:18","date_gmt":"2015-10-24T19:32:18","guid":{"rendered":"http:\/\/www.montessori-schule-duesseldorf-sued.de\/cm\/?page_id=255"},"modified":"2023-10-17T22:32:54","modified_gmt":"2023-10-17T20:32:54","slug":"elternseminare","status":"publish","type":"page","link":"https:\/\/www.montessori-schule-duesseldorf-sued.de\/cm\/eltern-3\/elternseminare\/","title":{"rendered":"Elternseminare"},"content":{"rendered":"<h1>Elternseminare<\/h1>\n<p><img loading=\"lazy\" decoding=\"async\" class=\"alignright size-full wp-image-2370\" src=\"http:\/\/www.montessori-schule-duesseldorf-sued.de\/cm\/wp-content\/uploads\/2018\/03\/0000-1.jpg\" alt=\"\" width=\"200\" height=\"307\" srcset=\"https:\/\/www.montessori-schule-duesseldorf-sued.de\/cm\/wp-content\/uploads\/2018\/03\/0000-1.jpg 200w, https:\/\/www.montessori-schule-duesseldorf-sued.de\/cm\/wp-content\/uploads\/2018\/03\/0000-1-195x300.jpg 195w, https:\/\/www.montessori-schule-duesseldorf-sued.de\/cm\/wp-content\/uploads\/2018\/03\/0000-1-16x24.jpg 16w, https:\/\/www.montessori-schule-duesseldorf-sued.de\/cm\/wp-content\/uploads\/2018\/03\/0000-1-23x36.jpg 23w, https:\/\/www.montessori-schule-duesseldorf-sued.de\/cm\/wp-content\/uploads\/2018\/03\/0000-1-31x48.jpg 31w\" sizes=\"auto, (max-width: 200px) 100vw, 200px\" \/>Jedes Jahr findet im Fr\u00fchjahr der <strong>Informationsabend<\/strong> zur Montessorip\u00e4dagogik statt. Darin erhalten die Eltern nicht nur Informationen zu den vier Bereichen:<\/p>\n<ol>\n<li>Die P\u00e4dagogik Maria Montessoris<\/li>\n<li>Mathematik<\/li>\n<li>Sprache<\/li>\n<li>Kosmische Erziehung \/ Sachunterricht<\/li>\n<\/ol>\n<p>Vielmehr stellen die beteiligten Lehrerinnen und Lehrer viele Materialien vor, mit denen die Kinder lernen und erl\u00e4utern ihre Zielsetzung und Handhabung. In kleinen Gruppen haben die Eltern Gelegenheit, einmal selber &#8222;Schulkind&#8220; zu spielen und dabei ganz neue Lernerfahrungen zu machen.<\/p>\n<p>Ziel dieser Seminare ist, die Montessorip\u00e4dagogik darzustellen, wie sie in unserer Schule umgesetzt und gelebt wird. Ganz sicher wird man danach besser verstehen, was die Kinder aus der Schule erz\u00e4hlen. Daher empfehlen wir allen neuen Eltern, an diesem Elternkurs teilzunehmen.<\/p>\n","protected":false},"excerpt":{"rendered":"<p>Elternseminare Jedes Jahr findet im Fr\u00fchjahr der Informationsabend zur Montessorip\u00e4dagogik statt. Darin erhalten die Eltern nicht nur Informationen zu den vier Bereichen: Die P\u00e4dagogik Maria Montessoris Mathematik Sprache Kosmische Erziehung \/ Sachunterricht Vielmehr stellen die beteiligten Lehrerinnen und Lehrer viele Materialien vor, mit denen die Kinder lernen und erl\u00e4utern ihre Zielsetzung und Handhabung. In kleinen<span>&#8230;<strong> <a style=\"color:#000000\" href=\"https:\/\/www.montessori-schule-duesseldorf-sued.de\/cm\/eltern-3\/elternseminare\/\">(Hier k\u00f6nnen Sie weiterlesen&#8230;)<\/a><\/strong><\/span><\/p>\n","protected":false},"author":1,"featured_media":0,"parent":251,"menu_order":0,"comment_status":"closed","ping_status":"closed","template":"","meta":{"_acf_changed":false,"footnotes":""},"class_list":["post-255","page","type-page","status-publish","hentry"],"acf":[],"publishpress_future_action":{"enabled":false,"date":"2026-05-09 10:50:16","action":"change-status","newStatus":"draft","terms":[],"taxonomy":"","extraData":[]},"publishpress_future_workflow_manual_trigger":{"enabledWorkflows":[]},"_links":{"self":[{"href":"https:\/\/www.montessori-schule-duesseldorf-sued.de\/cm\/wp-json\/wp\/v2\/pages\/255","targetHints":{"allow":["GET"]}}],"collection":[{"href":"https:\/\/www.montessori-schule-duesseldorf-sued.de\/cm\/wp-json\/wp\/v2\/pages"}],"about":[{"href":"https:\/\/www.montessori-schule-duesseldorf-sued.de\/cm\/wp-json\/wp\/v2\/types\/page"}],"author":[{"embeddable":true,"href":"https:\/\/www.montessori-schule-duesseldorf-sued.de\/cm\/wp-json\/wp\/v2\/users\/1"}],"replies":[{"embeddable":true,"href":"https:\/\/www.montessori-schule-duesseldorf-sued.de\/cm\/wp-json\/wp\/v2\/comments?post=255"}],"version-history":[{"count":24,"href":"https:\/\/www.montessori-schule-duesseldorf-sued.de\/cm\/wp-json\/wp\/v2\/pages\/255\/revisions"}],"predecessor-version":[{"id":6231,"href":"https:\/\/www.montessori-schule-duesseldorf-sued.de\/cm\/wp-json\/wp\/v2\/pages\/255\/revisions\/6231"}],"up":[{"embeddable":true,"href":"https:\/\/www.montessori-schule-duesseldorf-sued.de\/cm\/wp-json\/wp\/v2\/pages\/251"}],"wp:attachment":[{"href":"https:\/\/www.montessori-schule-duesseldorf-sued.de\/cm\/wp-json\/wp\/v2\/media?parent=255"}],"curies":[{"name":"wp","href":"https:\/\/api.w.org\/{rel}","templated":true}]}}