{"id":257,"date":"2015-10-24T21:32:39","date_gmt":"2015-10-24T19:32:39","guid":{"rendered":"http:\/\/www.montessori-schule-duesseldorf-sued.de\/cm\/?page_id=257"},"modified":"2025-01-10T10:25:26","modified_gmt":"2025-01-10T09:25:26","slug":"foerderverein","status":"publish","type":"page","link":"https:\/\/www.montessori-schule-duesseldorf-sued.de\/cm\/eltern-3\/foerderverein\/","title":{"rendered":"F\u00f6rderverein"},"content":{"rendered":"<h1>F\u00f6rderverein<\/h1>\n<p>Der &#8222;Verein der Freunde und F\u00f6rderer der Montessori-Grundschule Emil-Barth-Stra\u00dfe e.V.&#8220; wurde 1996 gegr\u00fcndet und umfasst mittlerweile \u00fcber 150 Mitglieder aus der Elternschaft, das gesamte Kollegium sowie viele Ehemalige.<\/p>\n<p>Seit 2006 ist der F\u00f6rderverein Tr\u00e4ger der Offenen Ganztagsschule der MGS Emil-Barth-Stra\u00dfe. Er ist Arbeitgeber von mehreren festangestellten Erzieherinnen und Erg\u00e4nzungskr\u00e4ften, die in beiden Ma\u00dfnahmen t\u00e4tig sind.<\/p>\n<p>Neben den unternehmerischen Aufgaben sieht der Verein weiterhin seine Aufgabe in der F\u00f6rderung der Schule und ihrer Sch\u00fcler durch besondere Ausstattungshilfen. Damit konnten bisher nicht unerhebliche Grundlagen zu unserem vielf\u00e4ltigen Bildungs- und Erziehungsangebot gelegt werden. So hat jede Klasse ihr Angebot an weiterf\u00fchrendem Montessori-Material ausgebaut, Medienecken erweitert (Beamer und Computer in allen Klassen installiert) und das Spielangebot f\u00fcr den Pausenbereich konnte, auch durch ein neues Kletterger\u00fcst und den Kunstrasenfu\u00dfballplatz, erg\u00e4nzt werden. Der F\u00f6rderverein erm\u00f6glicht unserer Schule eine wirklich au\u00dfergew\u00f6hnliche Unterst\u00fctzung. So werden jedes Jahr Besuche im Schauspielhaus mit der ganzen Schule finanziell ebenso unterst\u00fctzt, wie die j\u00e4hrlichen Anschaffungen der Lerntageb\u00fccher oder Projekte wie \u201eGewaltfrei lernen\u201c.<\/p>\n<p><img loading=\"lazy\" decoding=\"async\" class=\"alignright wp-image-484\" src=\"http:\/\/www.montessori-schule-duesseldorf-sued.de\/cm\/wp-content\/uploads\/2015\/10\/f01.jpg\" alt=\"\" width=\"367\" height=\"184\" srcset=\"https:\/\/www.montessori-schule-duesseldorf-sued.de\/cm\/wp-content\/uploads\/2015\/10\/f01.jpg 505w, https:\/\/www.montessori-schule-duesseldorf-sued.de\/cm\/wp-content\/uploads\/2015\/10\/f01-300x150.jpg 300w, https:\/\/www.montessori-schule-duesseldorf-sued.de\/cm\/wp-content\/uploads\/2015\/10\/f01-24x12.jpg 24w, https:\/\/www.montessori-schule-duesseldorf-sued.de\/cm\/wp-content\/uploads\/2015\/10\/f01-36x18.jpg 36w, https:\/\/www.montessori-schule-duesseldorf-sued.de\/cm\/wp-content\/uploads\/2015\/10\/f01-48x24.jpg 48w\" sizes=\"auto, (max-width: 367px) 100vw, 367px\" \/>Derzeitiger Vorstand des F\u00f6rdervereins:<\/p>\n<ul>\n<li>Marlene Albrecht-Illner (1. Vorsitzende)<\/li>\n<li>Sandra Gehrke (2. Vorsitzende)<\/li>\n<li>Elke Hasselhoff (Kassenwartin)<\/li>\n<\/ul>\n<p>\u201eDar\u00fcber hinaus ist Herr Linden als Steuerberater mit der Buchhaltung unseres Vereins beauftragt und daher f\u00fcr die Zahlungsangelegenheiten der OGS (Essensgeld, BuT, Betreuung in der Rappelkiste ) Ihr Ansprechpartner. Bei Fragen erreichen Sie ihn unter<br \/>\n<span style=\"color: #000080;\">stb.linden@t-online.de<\/span><\/p>\n<p>Bei Fragen zu Mitgliedschaft und Spenden wenden Sie sich bitte an den Vorstand unter <span style=\"color: #000080;\">vffm_ev@freenet.de<\/span><\/p>\n<p>Die einzelnen Klassen freuen sich nat\u00fcrlich \u00fcber ganz gezielte Klassenspenden, die bitte unter Angabe des Klassennamens auf unser Konto bei der:<\/p>\n<p>Stadtsparkasse<br \/>\nVerein der Freunde und F\u00f6rderer d. St\u00e4dt. Montessorischule<br \/>\nIBAN: DE 67 3005 0110 1007 8139 73<\/p>\n<p>\u00fcberwiesen werden.<\/p>\n<p>Spenden, die der ganzen Schule zugute kommen sollen, \u00fcberweisen Sie bitte auf unser Vereinskonto<\/p>\n<p>IBAN: DE65 3004 0000 0611 3013 00<\/p>\n<p>Spendenbescheinigungen, die \u00fcber 300\u20ac liegen, stellen wir gerne aus.<\/p>\n<p><strong>Bitte unterst\u00fctzen auch Sie uns in unseren Bem\u00fchungen um die Qualit\u00e4t unserer Schule.<\/strong><\/p>\n<p>Eine Beitrittserkl\u00e4rung k\u00f6nnen Sie gleich<a href=\"http:\/\/www.montessori-schule-duesseldorf-sued.de\/cm\/wp-content\/uploads\/2015\/12\/VFFM-Beitritt.pdf\"> hier runterladen.<\/a><\/p>\n<p>Unsere aktuelle Satzung k\u00f6nnen Sie <a href=\"http:\/\/www.montessori-schule-duesseldorf-sued.de\/cm\/wp-content\/uploads\/2019\/04\/Satzung-VFFM.pdf\">hier einsehen.<\/a><\/p>\n<p>Die Protokolle der Sitzungen k\u00f6nnen in unserer Schule eingesehen werden.<\/p>\n","protected":false},"excerpt":{"rendered":"<p>F\u00f6rderverein Der &#8222;Verein der Freunde und F\u00f6rderer der Montessori-Grundschule Emil-Barth-Stra\u00dfe e.V.&#8220; wurde 1996 gegr\u00fcndet und umfasst mittlerweile \u00fcber 150 Mitglieder aus der Elternschaft, das gesamte Kollegium sowie viele Ehemalige. Seit 2006 ist der F\u00f6rderverein Tr\u00e4ger der Offenen Ganztagsschule der MGS Emil-Barth-Stra\u00dfe. Er ist Arbeitgeber von mehreren festangestellten Erzieherinnen und Erg\u00e4nzungskr\u00e4ften, die in beiden Ma\u00dfnahmen t\u00e4tig<span>&#8230;<strong> <a style=\"color:#000000\" href=\"https:\/\/www.montessori-schule-duesseldorf-sued.de\/cm\/eltern-3\/foerderverein\/\">(Hier k\u00f6nnen Sie weiterlesen&#8230;)<\/a><\/strong><\/span><\/p>\n","protected":false},"author":1,"featured_media":0,"parent":251,"menu_order":0,"comment_status":"closed","ping_status":"closed","template":"","meta":{"_acf_changed":false,"footnotes":""},"class_list":["post-257","page","type-page","status-publish","hentry"],"acf":[],"publishpress_future_action":{"enabled":false,"date":"2026-04-12 10:58:37","action":"change-status","newStatus":"draft","terms":[],"taxonomy":"","extraData":[]},"publishpress_future_workflow_manual_trigger":{"enabledWorkflows":[]},"_links":{"self":[{"href":"https:\/\/www.montessori-schule-duesseldorf-sued.de\/cm\/wp-json\/wp\/v2\/pages\/257","targetHints":{"allow":["GET"]}}],"collection":[{"href":"https:\/\/www.montessori-schule-duesseldorf-sued.de\/cm\/wp-json\/wp\/v2\/pages"}],"about":[{"href":"https:\/\/www.montessori-schule-duesseldorf-sued.de\/cm\/wp-json\/wp\/v2\/types\/page"}],"author":[{"embeddable":true,"href":"https:\/\/www.montessori-schule-duesseldorf-sued.de\/cm\/wp-json\/wp\/v2\/users\/1"}],"replies":[{"embeddable":true,"href":"https:\/\/www.montessori-schule-duesseldorf-sued.de\/cm\/wp-json\/wp\/v2\/comments?post=257"}],"version-history":[{"count":16,"href":"https:\/\/www.montessori-schule-duesseldorf-sued.de\/cm\/wp-json\/wp\/v2\/pages\/257\/revisions"}],"predecessor-version":[{"id":7379,"href":"https:\/\/www.montessori-schule-duesseldorf-sued.de\/cm\/wp-json\/wp\/v2\/pages\/257\/revisions\/7379"}],"up":[{"embeddable":true,"href":"https:\/\/www.montessori-schule-duesseldorf-sued.de\/cm\/wp-json\/wp\/v2\/pages\/251"}],"wp:attachment":[{"href":"https:\/\/www.montessori-schule-duesseldorf-sued.de\/cm\/wp-json\/wp\/v2\/media?parent=257"}],"curies":[{"name":"wp","href":"https:\/\/api.w.org\/{rel}","templated":true}]}}