{"id":273,"date":"2015-10-24T21:39:07","date_gmt":"2015-10-24T19:39:07","guid":{"rendered":"http:\/\/www.montessori-schule-duesseldorf-sued.de\/cm\/?page_id=273"},"modified":"2017-06-28T12:12:50","modified_gmt":"2017-06-28T10:12:50","slug":"mittagessen","status":"publish","type":"page","link":"https:\/\/www.montessori-schule-duesseldorf-sued.de\/cm\/betreuung\/mittagessen\/","title":{"rendered":"Mittagessen"},"content":{"rendered":"<h1>Mittagessen<\/h1>\n<div style=\"width: 390px;margin-left: 15px;float: right\"><style type=\"text\/css\">.easingslider-501 { max-width: 387px; }.easingslider-501 .easingslider-image { max-height: 259px; max-width: 387px; }.easingslider-501 .easingslider-fade-in, .easingslider-fade-out { -webkit-animation-duration: 400ms; -moz-animation-duration: 400ms; animation-duration: 400ms; }<\/style><script type=\"text\/javascript\">window.EasingSlider501 = {\"width\":387,\"height\":259,\"singleItem\":true,\"items\":1,\"itemsDesktop\":false,\"itemsDesktopSmall\":false,\"itemsTablet\":false,\"itemsTabletSmall\":false,\"itemsMobile\":false,\"responsive\":true,\"lazyLoad\":true,\"autoPlay\":4000,\"slideSpeed\":400,\"navigation\":true,\"navigationText\":[\"\",\"\"],\"pagination\":true,\"autoHeight\":false,\"mouseDrag\":false,\"touchDrag\":false,\"addClassActive\":true,\"transitionStyle\":\"fade\"};<\/script><div data-id=\"501\" class=\"easingslider easingslider-501 easingslider-container easingslider-resizing-enabled easingslider-aspect-ratio easingslider-arrows-inside easingslider-pagination-hover easingslider-pagination-inside easingslider-pagination-bottom-center\"><div class=\"easingslider-slide\"><a href=\"none\" target=\"\"><img decoding=\"async\" src=\"https:\/\/www.montessori-schule-duesseldorf-sued.de\/cm\/wp-content\/plugins\/easing-slider\/assets\/images\/placeholder-pixel.png\" data-src=\"https:\/\/www.montessori-schule-duesseldorf-sued.de\/cm\/wp-content\/uploads\/2015\/11\/012-387x259.jpg\" alt=\"\" title=\"\" class=\"easingslider-image easingslider-lazy\" \/><\/a><\/div><div class=\"easingslider-slide\"><a href=\"none\" target=\"\"><img decoding=\"async\" src=\"https:\/\/www.montessori-schule-duesseldorf-sued.de\/cm\/wp-content\/plugins\/easing-slider\/assets\/images\/placeholder-pixel.png\" data-src=\"https:\/\/www.montessori-schule-duesseldorf-sued.de\/cm\/wp-content\/uploads\/2015\/11\/022-387x259.jpg\" alt=\"\" title=\"\" class=\"easingslider-image easingslider-lazy\" \/><\/a><\/div><div class=\"easingslider-slide\"><a href=\"none\" target=\"\"><img decoding=\"async\" src=\"https:\/\/www.montessori-schule-duesseldorf-sued.de\/cm\/wp-content\/plugins\/easing-slider\/assets\/images\/placeholder-pixel.png\" data-src=\"https:\/\/www.montessori-schule-duesseldorf-sued.de\/cm\/wp-content\/uploads\/2015\/11\/032-387x259.jpg\" alt=\"\" title=\"\" class=\"easingslider-image easingslider-lazy\" \/><\/a><\/div><div class=\"easingslider-slide\"><a href=\"none\" target=\"\"><img decoding=\"async\" src=\"https:\/\/www.montessori-schule-duesseldorf-sued.de\/cm\/wp-content\/plugins\/easing-slider\/assets\/images\/placeholder-pixel.png\" data-src=\"https:\/\/www.montessori-schule-duesseldorf-sued.de\/cm\/wp-content\/uploads\/2015\/11\/042-387x259.jpg\" alt=\"\" title=\"\" class=\"easingslider-image easingslider-lazy\" \/><\/a><\/div><\/div><\/div>\n<p><strong>Alle Kinder der OGS <\/strong>essen in der Zeit zwischen 12 und 14 Uhr<strong> Mittagessen in der Mensa<\/strong>.<\/p>\n<p>Dazu nehmen sie sich einen Chip aus der bereitgestellten Schale und gehen dann, wenn sie m\u00f6gen, vielleicht gemeinsam mit ihren Freunden, hin\u00fcber in die Mensa. Dort w\u00e4hlen sie ihr Essen aus. Alle Kinder haben gen\u00fcgend Zeit in Ruhe zu essen. Sie d\u00fcrfen sich jederzeit einen Nachschlag holen und aus unserem t\u00e4glich frischen Salatbuffet selber bedienen. Wenn sie aufgegessen haben, r\u00e4umen sie ihr Geschirr ab und gehen zur\u00fcck in die Gruppen. Zum Essen steht den Kindern Wasser zum Trinken zur Verf\u00fcgung.<\/p>\n<p>Das Essen wird \u00fcber einen Catering-Service angeliefert. Der Essensplan f\u00fcr die Woche h\u00e4ngt in der Vitrine aus, so dass sich die Kinder informieren k\u00f6nnen, was es zu essen gibt. Zum Hauptgang wird in der Regel ein Dessert angeboten, z.B. Quark oder Obst.<\/p>\n","protected":false},"excerpt":{"rendered":"<p>Mittagessen Alle Kinder der OGS essen in der Zeit zwischen 12 und 14 Uhr Mittagessen in der Mensa. Dazu nehmen sie sich einen Chip aus der bereitgestellten Schale und gehen dann, wenn sie m\u00f6gen, vielleicht gemeinsam mit ihren Freunden, hin\u00fcber in die Mensa. Dort w\u00e4hlen sie ihr Essen aus. Alle Kinder haben gen\u00fcgend Zeit in<span>&#8230;<strong> <a style=\"color:#000000\" href=\"https:\/\/www.montessori-schule-duesseldorf-sued.de\/cm\/betreuung\/mittagessen\/\">(Hier k\u00f6nnen Sie weiterlesen&#8230;)<\/a><\/strong><\/span><\/p>\n","protected":false},"author":1,"featured_media":0,"parent":262,"menu_order":0,"comment_status":"closed","ping_status":"closed","template":"","meta":{"_acf_changed":false,"footnotes":""},"class_list":["post-273","page","type-page","status-publish","hentry"],"acf":[],"publishpress_future_action":{"enabled":false,"date":"2026-04-24 06:08:04","action":"change-status","newStatus":"draft","terms":[],"taxonomy":"","extraData":[]},"publishpress_future_workflow_manual_trigger":{"enabledWorkflows":[]},"_links":{"self":[{"href":"https:\/\/www.montessori-schule-duesseldorf-sued.de\/cm\/wp-json\/wp\/v2\/pages\/273","targetHints":{"allow":["GET"]}}],"collection":[{"href":"https:\/\/www.montessori-schule-duesseldorf-sued.de\/cm\/wp-json\/wp\/v2\/pages"}],"about":[{"href":"https:\/\/www.montessori-schule-duesseldorf-sued.de\/cm\/wp-json\/wp\/v2\/types\/page"}],"author":[{"embeddable":true,"href":"https:\/\/www.montessori-schule-duesseldorf-sued.de\/cm\/wp-json\/wp\/v2\/users\/1"}],"replies":[{"embeddable":true,"href":"https:\/\/www.montessori-schule-duesseldorf-sued.de\/cm\/wp-json\/wp\/v2\/comments?post=273"}],"version-history":[{"count":7,"href":"https:\/\/www.montessori-schule-duesseldorf-sued.de\/cm\/wp-json\/wp\/v2\/pages\/273\/revisions"}],"predecessor-version":[{"id":1820,"href":"https:\/\/www.montessori-schule-duesseldorf-sued.de\/cm\/wp-json\/wp\/v2\/pages\/273\/revisions\/1820"}],"up":[{"embeddable":true,"href":"https:\/\/www.montessori-schule-duesseldorf-sued.de\/cm\/wp-json\/wp\/v2\/pages\/262"}],"wp:attachment":[{"href":"https:\/\/www.montessori-schule-duesseldorf-sued.de\/cm\/wp-json\/wp\/v2\/media?parent=273"}],"curies":[{"name":"wp","href":"https:\/\/api.w.org\/{rel}","templated":true}]}}