{"id":284,"date":"2015-10-24T21:44:30","date_gmt":"2015-10-24T19:44:30","guid":{"rendered":"http:\/\/www.montessori-schule-duesseldorf-sued.de\/cm\/?page_id=284"},"modified":"2023-10-17T22:59:22","modified_gmt":"2023-10-17T20:59:22","slug":"gewaltfrei-lernen","status":"publish","type":"page","link":"https:\/\/www.montessori-schule-duesseldorf-sued.de\/cm\/projekte\/gewaltfrei-lernen\/","title":{"rendered":"Gewaltfrei lernen"},"content":{"rendered":"<h1>Gewaltfrei lernen<\/h1>\n<p><img loading=\"lazy\" decoding=\"async\" class=\"alignright size-full wp-image-1011\" src=\"http:\/\/www.montessori-schule-duesseldorf-sued.de\/cm\/wp-content\/uploads\/2016\/02\/01.jpg\" alt=\"\" width=\"241\" height=\"341\" srcset=\"https:\/\/www.montessori-schule-duesseldorf-sued.de\/cm\/wp-content\/uploads\/2016\/02\/01.jpg 241w, https:\/\/www.montessori-schule-duesseldorf-sued.de\/cm\/wp-content\/uploads\/2016\/02\/01-212x300.jpg 212w, https:\/\/www.montessori-schule-duesseldorf-sued.de\/cm\/wp-content\/uploads\/2016\/02\/01-17x24.jpg 17w, https:\/\/www.montessori-schule-duesseldorf-sued.de\/cm\/wp-content\/uploads\/2016\/02\/01-25x36.jpg 25w, https:\/\/www.montessori-schule-duesseldorf-sued.de\/cm\/wp-content\/uploads\/2016\/02\/01-34x48.jpg 34w\" sizes=\"auto, (max-width: 241px) 100vw, 241px\" \/><br \/>\nDas Programm zum sozialen Lernen verbindet Bewegung in Partnerspielen mit Konfliktschulung gegen Ausgrenzung, Gewalt und Mobbing. In diesem Trainingsprogramm werden zun\u00e4chst Lehrer und Erzieher geschult und dann alle Kinder in mehreren bewegten Trainingseinheiten zu wirkungsvollen Strategien f\u00fcr den Schulalltag begleitet.<\/p>\n<p>In allen Klassen gibt es eine Box mit \u00dcbungsmaterialien, die die regelm\u00e4\u00dfigen \u00dcbungen in den Klassen erleichtert. Der Drache Draco beleidigt die Kinder, damit diese \u00fcben k\u00f6nnen, wie sie sich im Ernstfall am besten verhalten sollten. Wir haben Vereinbarungen getroffen zur Stopp-h\u00f6r-auf-Regel in drei Schritten, zu Wiedergutmachungen und eine Schattenpause in der N\u00e4he der Lehrerin eingef\u00fchrt, wenn es mal mit den Regeln nicht so gut geklappt hat.<\/p>\n<p>Weitere Informationen k\u00f6nnen Sie unserem <a href=\"http:\/\/www.montessori-schule-duesseldorf-sued.de\/Elternbrief_Gewaltfrei_Lernen.pdf\">hier unserem Eternbrief<\/a> entnehmen.<\/p>\n<p><img loading=\"lazy\" decoding=\"async\" style=\"box-shadow: none;\" src=\"http:\/\/www.montessori-schule-duesseldorf-sued.de\/cm\/wp-content\/uploads\/2016\/02\/02.jpg\" alt=\"\" width=\"537\" height=\"178\" \/><\/p>\n","protected":false},"excerpt":{"rendered":"<p>Gewaltfrei lernen Das Programm zum sozialen Lernen verbindet Bewegung in Partnerspielen mit Konfliktschulung gegen Ausgrenzung, Gewalt und Mobbing. In diesem Trainingsprogramm werden zun\u00e4chst Lehrer und Erzieher geschult und dann alle Kinder in mehreren bewegten Trainingseinheiten zu wirkungsvollen Strategien f\u00fcr den Schulalltag begleitet. In allen Klassen gibt es eine Box mit \u00dcbungsmaterialien, die die regelm\u00e4\u00dfigen \u00dcbungen<span>&#8230;<strong> <a style=\"color:#000000\" href=\"https:\/\/www.montessori-schule-duesseldorf-sued.de\/cm\/projekte\/gewaltfrei-lernen\/\">(Hier k\u00f6nnen Sie weiterlesen&#8230;)<\/a><\/strong><\/span><\/p>\n","protected":false},"author":1,"featured_media":0,"parent":278,"menu_order":0,"comment_status":"closed","ping_status":"closed","template":"","meta":{"_acf_changed":false,"footnotes":""},"class_list":["post-284","page","type-page","status-publish","hentry"],"acf":[],"publishpress_future_action":{"enabled":false,"date":"2026-05-06 10:34:02","action":"change-status","newStatus":"draft","terms":[],"taxonomy":"","extraData":[]},"publishpress_future_workflow_manual_trigger":{"enabledWorkflows":[]},"_links":{"self":[{"href":"https:\/\/www.montessori-schule-duesseldorf-sued.de\/cm\/wp-json\/wp\/v2\/pages\/284","targetHints":{"allow":["GET"]}}],"collection":[{"href":"https:\/\/www.montessori-schule-duesseldorf-sued.de\/cm\/wp-json\/wp\/v2\/pages"}],"about":[{"href":"https:\/\/www.montessori-schule-duesseldorf-sued.de\/cm\/wp-json\/wp\/v2\/types\/page"}],"author":[{"embeddable":true,"href":"https:\/\/www.montessori-schule-duesseldorf-sued.de\/cm\/wp-json\/wp\/v2\/users\/1"}],"replies":[{"embeddable":true,"href":"https:\/\/www.montessori-schule-duesseldorf-sued.de\/cm\/wp-json\/wp\/v2\/comments?post=284"}],"version-history":[{"count":6,"href":"https:\/\/www.montessori-schule-duesseldorf-sued.de\/cm\/wp-json\/wp\/v2\/pages\/284\/revisions"}],"predecessor-version":[{"id":6242,"href":"https:\/\/www.montessori-schule-duesseldorf-sued.de\/cm\/wp-json\/wp\/v2\/pages\/284\/revisions\/6242"}],"up":[{"embeddable":true,"href":"https:\/\/www.montessori-schule-duesseldorf-sued.de\/cm\/wp-json\/wp\/v2\/pages\/278"}],"wp:attachment":[{"href":"https:\/\/www.montessori-schule-duesseldorf-sued.de\/cm\/wp-json\/wp\/v2\/media?parent=284"}],"curies":[{"name":"wp","href":"https:\/\/api.w.org\/{rel}","templated":true}]}}