{"id":288,"date":"2015-10-24T21:45:43","date_gmt":"2015-10-24T19:45:43","guid":{"rendered":"http:\/\/www.montessori-schule-duesseldorf-sued.de\/cm\/?page_id=288"},"modified":"2023-10-17T23:01:43","modified_gmt":"2023-10-17T21:01:43","slug":"theaterfieberkulturrucksack","status":"publish","type":"page","link":"https:\/\/www.montessori-schule-duesseldorf-sued.de\/cm\/projekte\/theaterfieberkulturrucksack\/","title":{"rendered":"Theaterfieber\/Kultur"},"content":{"rendered":"<h1>Theater.Fieber \/ Kultur<\/h1>\n<p><img loading=\"lazy\" decoding=\"async\" class=\"alignright size-full wp-image-561\" src=\"http:\/\/www.montessori-schule-duesseldorf-sued.de\/cm\/wp-content\/uploads\/2015\/10\/019.jpg\" alt=\"\" width=\"400\" height=\"300\" srcset=\"https:\/\/www.montessori-schule-duesseldorf-sued.de\/cm\/wp-content\/uploads\/2015\/10\/019.jpg 400w, https:\/\/www.montessori-schule-duesseldorf-sued.de\/cm\/wp-content\/uploads\/2015\/10\/019-300x225.jpg 300w, https:\/\/www.montessori-schule-duesseldorf-sued.de\/cm\/wp-content\/uploads\/2015\/10\/019-24x18.jpg 24w, https:\/\/www.montessori-schule-duesseldorf-sued.de\/cm\/wp-content\/uploads\/2015\/10\/019-36x27.jpg 36w, https:\/\/www.montessori-schule-duesseldorf-sued.de\/cm\/wp-content\/uploads\/2015\/10\/019-48x36.jpg 48w\" sizes=\"auto, (max-width: 400px) 100vw, 400px\" \/>Seit vielen Jahren bereits hat unsere Schule eine Kooperation mit dem D\u00fcsseldorfer Schauspielhaus, so dass wir in jedem Jahr einmal mit der ganzen Schule eine Auff\u00fchrung des Jungen Schauspielhauses ansehen k\u00f6nnen (Theaterfieber). Unterst\u00fctzt durch unseren F\u00f6rderverein haben wir in den letzten Jahren \u201eMomo\u201c, \u201ePinocchio\u201c, \u201eDer R\u00e4uber Hotzenplotz\u201c und viele andere St\u00fccke sehen k\u00f6nnen.<\/p>\n<p>Dar\u00fcber hinaus besuchen wir regelm\u00e4\u00dfig kulturelle Veranstaltungen wie Veranstaltungen im Museum Kunstpalast oder Angebote der Freizeitst\u00e4tte Garath (B\u00fccherei, KinderKinoFest etc.).<\/p>\n<p><img loading=\"lazy\" decoding=\"async\" class=\"size-full wp-image-1252 aligncenter\" src=\"http:\/\/www.montessori-schule-duesseldorf-sued.de\/cm\/wp-content\/uploads\/2016\/06\/t01.jpg\" alt=\"\" width=\"911\" height=\"288\" srcset=\"https:\/\/www.montessori-schule-duesseldorf-sued.de\/cm\/wp-content\/uploads\/2016\/06\/t01.jpg 911w, https:\/\/www.montessori-schule-duesseldorf-sued.de\/cm\/wp-content\/uploads\/2016\/06\/t01-300x95.jpg 300w, https:\/\/www.montessori-schule-duesseldorf-sued.de\/cm\/wp-content\/uploads\/2016\/06\/t01-768x243.jpg 768w, https:\/\/www.montessori-schule-duesseldorf-sued.de\/cm\/wp-content\/uploads\/2016\/06\/t01-624x197.jpg 624w, https:\/\/www.montessori-schule-duesseldorf-sued.de\/cm\/wp-content\/uploads\/2016\/06\/t01-24x8.jpg 24w, https:\/\/www.montessori-schule-duesseldorf-sued.de\/cm\/wp-content\/uploads\/2016\/06\/t01-36x11.jpg 36w, https:\/\/www.montessori-schule-duesseldorf-sued.de\/cm\/wp-content\/uploads\/2016\/06\/t01-48x15.jpg 48w\" sizes=\"auto, (max-width: 911px) 100vw, 911px\" \/><\/p>\n","protected":false},"excerpt":{"rendered":"<p>Theater.Fieber \/ Kultur Seit vielen Jahren bereits hat unsere Schule eine Kooperation mit dem D\u00fcsseldorfer Schauspielhaus, so dass wir in jedem Jahr einmal mit der ganzen Schule eine Auff\u00fchrung des Jungen Schauspielhauses ansehen k\u00f6nnen (Theaterfieber). Unterst\u00fctzt durch unseren F\u00f6rderverein haben wir in den letzten Jahren \u201eMomo\u201c, \u201ePinocchio\u201c, \u201eDer R\u00e4uber Hotzenplotz\u201c und viele andere St\u00fccke sehen<span>&#8230;<strong> <a style=\"color:#000000\" href=\"https:\/\/www.montessori-schule-duesseldorf-sued.de\/cm\/projekte\/theaterfieberkulturrucksack\/\">(Hier k\u00f6nnen Sie weiterlesen&#8230;)<\/a><\/strong><\/span><\/p>\n","protected":false},"author":1,"featured_media":0,"parent":278,"menu_order":0,"comment_status":"closed","ping_status":"closed","template":"","meta":{"_acf_changed":false,"footnotes":""},"class_list":["post-288","page","type-page","status-publish","hentry"],"acf":[],"publishpress_future_action":{"enabled":false,"date":"2026-05-18 05:13:25","action":"change-status","newStatus":"draft","terms":[],"taxonomy":"","extraData":[]},"publishpress_future_workflow_manual_trigger":{"enabledWorkflows":[]},"_links":{"self":[{"href":"https:\/\/www.montessori-schule-duesseldorf-sued.de\/cm\/wp-json\/wp\/v2\/pages\/288","targetHints":{"allow":["GET"]}}],"collection":[{"href":"https:\/\/www.montessori-schule-duesseldorf-sued.de\/cm\/wp-json\/wp\/v2\/pages"}],"about":[{"href":"https:\/\/www.montessori-schule-duesseldorf-sued.de\/cm\/wp-json\/wp\/v2\/types\/page"}],"author":[{"embeddable":true,"href":"https:\/\/www.montessori-schule-duesseldorf-sued.de\/cm\/wp-json\/wp\/v2\/users\/1"}],"replies":[{"embeddable":true,"href":"https:\/\/www.montessori-schule-duesseldorf-sued.de\/cm\/wp-json\/wp\/v2\/comments?post=288"}],"version-history":[{"count":13,"href":"https:\/\/www.montessori-schule-duesseldorf-sued.de\/cm\/wp-json\/wp\/v2\/pages\/288\/revisions"}],"predecessor-version":[{"id":6243,"href":"https:\/\/www.montessori-schule-duesseldorf-sued.de\/cm\/wp-json\/wp\/v2\/pages\/288\/revisions\/6243"}],"up":[{"embeddable":true,"href":"https:\/\/www.montessori-schule-duesseldorf-sued.de\/cm\/wp-json\/wp\/v2\/pages\/278"}],"wp:attachment":[{"href":"https:\/\/www.montessori-schule-duesseldorf-sued.de\/cm\/wp-json\/wp\/v2\/media?parent=288"}],"curies":[{"name":"wp","href":"https:\/\/api.w.org\/{rel}","templated":true}]}}