{"id":297,"date":"2015-10-24T21:48:54","date_gmt":"2015-10-24T19:48:54","guid":{"rendered":"http:\/\/www.montessori-schule-duesseldorf-sued.de\/cm\/?page_id=297"},"modified":"2025-09-22T09:30:33","modified_gmt":"2025-09-22T07:30:33","slug":"sportfeste-und-wettkaempfe","status":"publish","type":"page","link":"https:\/\/www.montessori-schule-duesseldorf-sued.de\/cm\/projekte\/sportfeste-und-wettkaempfe\/","title":{"rendered":"Sportfeste und Wettk\u00e4mpfe"},"content":{"rendered":"\n<h1 class=\"wp-block-heading\">Sportfeste und Wettk\u00e4mpfe<\/h1>\n\n\n\n<h2 class=\"wp-block-heading\"><figure><img loading=\"lazy\" decoding=\"async\" class=\"wp-image-574 alignleft\" src=\"http:\/\/www.montessori-schule-duesseldorf-sued.de\/cm\/wp-content\/uploads\/2015\/10\/0110.jpg\" alt=\"\" width=\"196\" height=\"147\" srcset=\"https:\/\/www.montessori-schule-duesseldorf-sued.de\/cm\/wp-content\/uploads\/2015\/10\/0110.jpg 350w, https:\/\/www.montessori-schule-duesseldorf-sued.de\/cm\/wp-content\/uploads\/2015\/10\/0110-300x225.jpg 300w, https:\/\/www.montessori-schule-duesseldorf-sued.de\/cm\/wp-content\/uploads\/2015\/10\/0110-24x18.jpg 24w, https:\/\/www.montessori-schule-duesseldorf-sued.de\/cm\/wp-content\/uploads\/2015\/10\/0110-36x27.jpg 36w, https:\/\/www.montessori-schule-duesseldorf-sued.de\/cm\/wp-content\/uploads\/2015\/10\/0110-48x36.jpg 48w\" sizes=\"auto, (max-width: 196px) 100vw, 196px\" \/><\/figure>Crosslauf<\/h2>\n\n\n\n<p>Einmal im Jahr laufen wir durch die Urdenbacher K\u00e4mpe. Alle Kinder, alle Lehrer und eine ganze Menge Eltern. Dann z\u00e4hlen wir die gelaufenen Kilometer zusammen.<\/p>\n\n\n\n<h2 class=\"wp-block-heading\"><figure><img loading=\"lazy\" decoding=\"async\" class=\"alignright size-full wp-image-576\" src=\"http:\/\/www.montessori-schule-duesseldorf-sued.de\/cm\/wp-content\/uploads\/2015\/10\/02.jpg\" alt=\"\" width=\"195\" height=\"260\" srcset=\"https:\/\/www.montessori-schule-duesseldorf-sued.de\/cm\/wp-content\/uploads\/2015\/10\/02.jpg 195w, https:\/\/www.montessori-schule-duesseldorf-sued.de\/cm\/wp-content\/uploads\/2015\/10\/02-18x24.jpg 18w, https:\/\/www.montessori-schule-duesseldorf-sued.de\/cm\/wp-content\/uploads\/2015\/10\/02-27x36.jpg 27w, https:\/\/www.montessori-schule-duesseldorf-sued.de\/cm\/wp-content\/uploads\/2015\/10\/02-36x48.jpg 36w\" sizes=\"auto, (max-width: 195px) 100vw, 195px\" \/><\/figure>Sport- und Spielefest<\/h2>\n\n\n\n<p>Im Sommer gibt es das Sport- und Spielefest. Die Erst- und Zweitkl\u00e4ssler durchlaufen in ihren Gruppen mehrere Stationen, die auf dem Schulgel\u00e4nde aufgebaut sind. Dort gibt es Tauziehen, Hulahoop, Spiele mit dem Fallschirm, Klettern und vieles mehr. Die Dritt- und Viertkl\u00e4ssler k\u00e4mpfen in Gruppen wie \u201eSchneller Hase\u201c und \u201eSuperl\u00e4ufer\u201c um den Sieg. Dabei kommt es nicht nur auf Sportlichkeit, sondern eben auch auf Teamgeist an.<\/p>\n\n\n\n<h2 class=\"wp-block-heading\">Stadtmeisterschaften Fu\u00dfball\/Schwimmen\/Eislaufen<\/h2>\n\n\n\n<p>Es hat eine lange Tradition an unserer Schule, dass wir an den Stadtmeisterschaften im Fu\u00dfball, Schwimmen und Eislaufen teilnehmen. In den letzten Jahren waren wir dabei immer sehr erfolgreich. Dank motivierendem Einsatz von Herrn Kazem, der unsere Kinder zu H\u00f6chstleistungen anspornt, ist die Teilnahme f\u00fcr unsere Schulteams immer ein besonderes Erlebnis.<\/p>\n\n\n<div class=\"wp-block-image\">\n<figure class=\"aligncenter\"><img loading=\"lazy\" decoding=\"async\" width=\"350\" height=\"235\" src=\"http:\/\/www.montessori-schule-duesseldorf-sued.de\/cm\/wp-content\/uploads\/2017\/04\/02-san.jpg\" alt=\"\" class=\"wp-image-1716\" srcset=\"https:\/\/www.montessori-schule-duesseldorf-sued.de\/cm\/wp-content\/uploads\/2017\/04\/02-san.jpg 350w, https:\/\/www.montessori-schule-duesseldorf-sued.de\/cm\/wp-content\/uploads\/2017\/04\/02-san-300x201.jpg 300w, https:\/\/www.montessori-schule-duesseldorf-sued.de\/cm\/wp-content\/uploads\/2017\/04\/02-san-24x16.jpg 24w, https:\/\/www.montessori-schule-duesseldorf-sued.de\/cm\/wp-content\/uploads\/2017\/04\/02-san-36x24.jpg 36w, https:\/\/www.montessori-schule-duesseldorf-sued.de\/cm\/wp-content\/uploads\/2017\/04\/02-san-48x32.jpg 48w\" sizes=\"auto, (max-width: 350px) 100vw, 350px\" \/><\/figure>\n<\/div>\n\n\n<p><\/p>\n\n\n\n<h2 class=\"wp-block-heading\">Benrather Schlosslauf<\/h2>\n\n\n\n<p>Die Montessori-Grundschule \u00fcbernimmt die Organisation der Anmeldungen f\u00fcr unsere Schule. Im vergangenen Jahr sind ann\u00e4hernd 100 Kinder in verschiedenen Staffeln erfolgreich mitgelaufen.<\/p>\n\n\n\n<h2 class=\"wp-block-heading\">Mathematikwettbewerb<\/h2>\n\n\n\n<p>Der j\u00e4hrlich stattfindende Mathematikwettbewerb steht allen interessierten Kindern offen. Es geht darum ein wenig zu knobeln, vernetzt zu denken und eigene Strategien bei der L\u00f6sung von fremden Aufgaben anzuwenden. Die Kinder, die erfolgreich dabei waren, k\u00f6nnen sich in der zweiten Runde mit den anderen Kindern D\u00fcsseldorfs vergleichen. Freude an der Mathematik steht bei diesem Wettbewerb im Vordergrund.<\/p>\n","protected":false},"excerpt":{"rendered":"<p>Sportfeste und Wettk\u00e4mpfe Crosslauf Einmal im Jahr laufen wir durch die Urdenbacher K\u00e4mpe. Alle Kinder, alle Lehrer und eine ganze Menge Eltern. Dann z\u00e4hlen wir die gelaufenen Kilometer zusammen. Sport- und Spielefest Im Sommer gibt es das Sport- und Spielefest. Die Erst- und Zweitkl\u00e4ssler durchlaufen in ihren Gruppen mehrere Stationen, die auf dem Schulgel\u00e4nde aufgebaut<span>&#8230;<strong> <a style=\"color:#000000\" href=\"https:\/\/www.montessori-schule-duesseldorf-sued.de\/cm\/projekte\/sportfeste-und-wettkaempfe\/\">(Hier k\u00f6nnen Sie weiterlesen&#8230;)<\/a><\/strong><\/span><\/p>\n","protected":false},"author":1,"featured_media":0,"parent":278,"menu_order":0,"comment_status":"closed","ping_status":"closed","template":"","meta":{"_acf_changed":false,"footnotes":""},"class_list":["post-297","page","type-page","status-publish","hentry"],"acf":[],"publishpress_future_action":{"enabled":false,"date":"2026-04-29 11:35:50","action":"change-status","newStatus":"draft","terms":[],"taxonomy":"","extraData":[]},"publishpress_future_workflow_manual_trigger":{"enabledWorkflows":[]},"_links":{"self":[{"href":"https:\/\/www.montessori-schule-duesseldorf-sued.de\/cm\/wp-json\/wp\/v2\/pages\/297","targetHints":{"allow":["GET"]}}],"collection":[{"href":"https:\/\/www.montessori-schule-duesseldorf-sued.de\/cm\/wp-json\/wp\/v2\/pages"}],"about":[{"href":"https:\/\/www.montessori-schule-duesseldorf-sued.de\/cm\/wp-json\/wp\/v2\/types\/page"}],"author":[{"embeddable":true,"href":"https:\/\/www.montessori-schule-duesseldorf-sued.de\/cm\/wp-json\/wp\/v2\/users\/1"}],"replies":[{"embeddable":true,"href":"https:\/\/www.montessori-schule-duesseldorf-sued.de\/cm\/wp-json\/wp\/v2\/comments?post=297"}],"version-history":[{"count":10,"href":"https:\/\/www.montessori-schule-duesseldorf-sued.de\/cm\/wp-json\/wp\/v2\/pages\/297\/revisions"}],"predecessor-version":[{"id":7644,"href":"https:\/\/www.montessori-schule-duesseldorf-sued.de\/cm\/wp-json\/wp\/v2\/pages\/297\/revisions\/7644"}],"up":[{"embeddable":true,"href":"https:\/\/www.montessori-schule-duesseldorf-sued.de\/cm\/wp-json\/wp\/v2\/pages\/278"}],"wp:attachment":[{"href":"https:\/\/www.montessori-schule-duesseldorf-sued.de\/cm\/wp-json\/wp\/v2\/media?parent=297"}],"curies":[{"name":"wp","href":"https:\/\/api.w.org\/{rel}","templated":true}]}}