{"id":299,"date":"2015-10-24T21:49:09","date_gmt":"2015-10-24T19:49:09","guid":{"rendered":"http:\/\/www.montessori-schule-duesseldorf-sued.de\/cm\/?page_id=299"},"modified":"2015-11-25T16:50:22","modified_gmt":"2015-11-25T15:50:22","slug":"klassenfahrten","status":"publish","type":"page","link":"https:\/\/www.montessori-schule-duesseldorf-sued.de\/cm\/projekte\/klassenfahrten\/","title":{"rendered":"Klassenfahrten"},"content":{"rendered":"<h1>Klassenfahrten<\/h1>\n<h1><img loading=\"lazy\" decoding=\"async\" class=\"wp-image-579 alignright\" src=\"http:\/\/www.montessori-schule-duesseldorf-sued.de\/cm\/wp-content\/uploads\/2015\/10\/021.jpg\" alt=\"\" width=\"359\" height=\"269\" srcset=\"https:\/\/www.montessori-schule-duesseldorf-sued.de\/cm\/wp-content\/uploads\/2015\/10\/021.jpg 400w, https:\/\/www.montessori-schule-duesseldorf-sued.de\/cm\/wp-content\/uploads\/2015\/10\/021-300x225.jpg 300w, https:\/\/www.montessori-schule-duesseldorf-sued.de\/cm\/wp-content\/uploads\/2015\/10\/021-24x18.jpg 24w, https:\/\/www.montessori-schule-duesseldorf-sued.de\/cm\/wp-content\/uploads\/2015\/10\/021-36x27.jpg 36w, https:\/\/www.montessori-schule-duesseldorf-sued.de\/cm\/wp-content\/uploads\/2015\/10\/021-48x36.jpg 48w\" sizes=\"auto, (max-width: 359px) 100vw, 359px\" \/><\/h1>\n<p>Alle zwei Jahre fahren wir auf Klassenreise. Ja, das geht auch mit Kindern im ersten Schuljahr schon. Durch diese Regelung f\u00e4hrt jedes Kind einmal in Klasse 1\/2 und einmal in Klasse 3\/4 . Interessanterweise haben wir festgestellt, dass es f\u00fcr die \u201eKleinen\u201c gar kein Problem ist. Wer oft Heimweh hat, sind die Gr\u00f6\u00dferen. Aber mit ein bisschen Ablenkung und liebevoller Zuwendung ist bisher jede Klassenfahrt f\u00fcr alle Kinder zu einem tollen Erlebnis geworden \u00fcber das man noch lange spricht. Es gibt verschiedenste Ziele von Burgen \u00fcber Ponyh\u00f6fe bis zu Indianerlagern und Erlebnistouren. Entscheidend ist nicht das Ziel, sondern das Miteinander, das in dieser Zeit gefestigt wird. Wenn man einen unserer Sch\u00fcler am Ende der Grundschulzeit fragt, was er besonders toll fand, w\u00e4re es wirklich \u00fcberraschend, wenn er nicht sagt: die Klassenfahrten!<\/p>\n","protected":false},"excerpt":{"rendered":"<p>Klassenfahrten Alle zwei Jahre fahren wir auf Klassenreise. Ja, das geht auch mit Kindern im ersten Schuljahr schon. Durch diese Regelung f\u00e4hrt jedes Kind einmal in Klasse 1\/2 und einmal in Klasse 3\/4 . Interessanterweise haben wir festgestellt, dass es f\u00fcr die \u201eKleinen\u201c gar kein Problem ist. Wer oft Heimweh hat, sind die Gr\u00f6\u00dferen. Aber<span>&#8230;<strong> <a style=\"color:#000000\" href=\"https:\/\/www.montessori-schule-duesseldorf-sued.de\/cm\/projekte\/klassenfahrten\/\">(Hier k\u00f6nnen Sie weiterlesen&#8230;)<\/a><\/strong><\/span><\/p>\n","protected":false},"author":1,"featured_media":0,"parent":278,"menu_order":0,"comment_status":"closed","ping_status":"closed","template":"","meta":{"_acf_changed":false,"footnotes":""},"class_list":["post-299","page","type-page","status-publish","hentry"],"acf":[],"publishpress_future_action":{"enabled":false,"date":"2026-05-08 23:07:21","action":"change-status","newStatus":"draft","terms":[],"taxonomy":"","extraData":[]},"publishpress_future_workflow_manual_trigger":{"enabledWorkflows":[]},"_links":{"self":[{"href":"https:\/\/www.montessori-schule-duesseldorf-sued.de\/cm\/wp-json\/wp\/v2\/pages\/299","targetHints":{"allow":["GET"]}}],"collection":[{"href":"https:\/\/www.montessori-schule-duesseldorf-sued.de\/cm\/wp-json\/wp\/v2\/pages"}],"about":[{"href":"https:\/\/www.montessori-schule-duesseldorf-sued.de\/cm\/wp-json\/wp\/v2\/types\/page"}],"author":[{"embeddable":true,"href":"https:\/\/www.montessori-schule-duesseldorf-sued.de\/cm\/wp-json\/wp\/v2\/users\/1"}],"replies":[{"embeddable":true,"href":"https:\/\/www.montessori-schule-duesseldorf-sued.de\/cm\/wp-json\/wp\/v2\/comments?post=299"}],"version-history":[{"count":4,"href":"https:\/\/www.montessori-schule-duesseldorf-sued.de\/cm\/wp-json\/wp\/v2\/pages\/299\/revisions"}],"predecessor-version":[{"id":581,"href":"https:\/\/www.montessori-schule-duesseldorf-sued.de\/cm\/wp-json\/wp\/v2\/pages\/299\/revisions\/581"}],"up":[{"embeddable":true,"href":"https:\/\/www.montessori-schule-duesseldorf-sued.de\/cm\/wp-json\/wp\/v2\/pages\/278"}],"wp:attachment":[{"href":"https:\/\/www.montessori-schule-duesseldorf-sued.de\/cm\/wp-json\/wp\/v2\/media?parent=299"}],"curies":[{"name":"wp","href":"https:\/\/api.w.org\/{rel}","templated":true}]}}