{"id":308,"date":"2015-10-24T21:58:46","date_gmt":"2015-10-24T19:58:46","guid":{"rendered":"http:\/\/www.montessori-schule-duesseldorf-sued.de\/cm\/?page_id=308"},"modified":"2022-10-17T11:48:56","modified_gmt":"2022-10-17T09:48:56","slug":"schulkleidung","status":"publish","type":"page","link":"https:\/\/www.montessori-schule-duesseldorf-sued.de\/cm\/informationen\/schulkleidung\/","title":{"rendered":"Schulkleidung"},"content":{"rendered":"<h1>Schulkleidung<\/h1>\n<p>\u00dcber das Tragen von bestimmter Kleidung kann sich eine Gruppenzugeh\u00f6rigkeit bilden. Daher m\u00f6chten wir Schulkleidung anbieten. Dazu kooperieren wir mit einer Firma, die hochwertige Freizeitkleidung f\u00fcr Kinder und Erwachsene anbietet.<\/p>\n<p>Es gibt unterschiedliche Modelle in verschiedenen Farben. Alle sind versehen mit unserem aufgesticktem Schullogo. Wir hoffen, dass diese Kleidung das Wir-Gef\u00fchl unserer Sch\u00fclerinnen und Sch\u00fcler unterst\u00fctzt und die Kinder und Lehrer sich gerne als Mitglieder unserer Schule \u201eouten\u201c.<\/p>\n<p>Dies ist keine Schuluniform, sondern die M\u00f6glichkeit, hochwertige und praktische Kleidung preisg\u00fcnstig zu beziehen, um nicht nur bei Schulfeiern oder Sportveranstaltungen auch durch die Kleidung zu zeigen: wir sind ein Team!<\/p>\n<p>Unsere aktuelle Kollektion bestehend aus T-Shirts (verschiedene Farben), Hoodies (rot, hell-blau, dunkellau) und Zip-Jacken (rot, hell-blau, dunkellau) k\u00f6nnen Sie in unserer Schule im Glasschaukasten vor der Aula der Schule ansehen.<\/p>\n<p>Kaufen k\u00f6nnen Sie unsere Schulkleidung an den Schulfesten oder Sie wenden sich an folgende E-Mailadresse: <a href=\"mailto:schulkleidung.monte@gmail.com\">schulkleidung.monte@gmail.com<\/a><\/p>\n<p><a href=\"http:\/\/www.montessori-schule-duesseldorf-sued.de\/cm\/wp-content\/uploads\/2022\/10\/Schulkleidung-Preisliste.pdf\">(Hier finden Sie unsere aktuelle Preisliste als pdf&#8230;)<\/a><\/p>\n<p>&nbsp;<\/p>\n<p><img loading=\"lazy\" decoding=\"async\" style=\"box-shadow: none;\" src=\"http:\/\/www.montessori-schule-duesseldorf-sued.de\/cm\/wp-content\/uploads\/2015\/10\/Image10.jpg\" alt=\"\" width=\"935\" height=\"215\" \/><\/p>\n","protected":false},"excerpt":{"rendered":"<p>Schulkleidung \u00dcber das Tragen von bestimmter Kleidung kann sich eine Gruppenzugeh\u00f6rigkeit bilden. Daher m\u00f6chten wir Schulkleidung anbieten. Dazu kooperieren wir mit einer Firma, die hochwertige Freizeitkleidung f\u00fcr Kinder und Erwachsene anbietet. Es gibt unterschiedliche Modelle in verschiedenen Farben. Alle sind versehen mit unserem aufgesticktem Schullogo. Wir hoffen, dass diese Kleidung das Wir-Gef\u00fchl unserer Sch\u00fclerinnen und<span>&#8230;<strong> <a style=\"color:#000000\" href=\"https:\/\/www.montessori-schule-duesseldorf-sued.de\/cm\/informationen\/schulkleidung\/\">(Hier k\u00f6nnen Sie weiterlesen&#8230;)<\/a><\/strong><\/span><\/p>\n","protected":false},"author":1,"featured_media":0,"parent":304,"menu_order":0,"comment_status":"closed","ping_status":"closed","template":"","meta":{"_acf_changed":false,"footnotes":""},"class_list":["post-308","page","type-page","status-publish","hentry"],"acf":[],"publishpress_future_action":{"enabled":false,"date":"2026-05-18 05:07:33","action":"change-status","newStatus":"draft","terms":[],"taxonomy":"","extraData":[]},"publishpress_future_workflow_manual_trigger":{"enabledWorkflows":[]},"_links":{"self":[{"href":"https:\/\/www.montessori-schule-duesseldorf-sued.de\/cm\/wp-json\/wp\/v2\/pages\/308","targetHints":{"allow":["GET"]}}],"collection":[{"href":"https:\/\/www.montessori-schule-duesseldorf-sued.de\/cm\/wp-json\/wp\/v2\/pages"}],"about":[{"href":"https:\/\/www.montessori-schule-duesseldorf-sued.de\/cm\/wp-json\/wp\/v2\/types\/page"}],"author":[{"embeddable":true,"href":"https:\/\/www.montessori-schule-duesseldorf-sued.de\/cm\/wp-json\/wp\/v2\/users\/1"}],"replies":[{"embeddable":true,"href":"https:\/\/www.montessori-schule-duesseldorf-sued.de\/cm\/wp-json\/wp\/v2\/comments?post=308"}],"version-history":[{"count":14,"href":"https:\/\/www.montessori-schule-duesseldorf-sued.de\/cm\/wp-json\/wp\/v2\/pages\/308\/revisions"}],"predecessor-version":[{"id":5578,"href":"https:\/\/www.montessori-schule-duesseldorf-sued.de\/cm\/wp-json\/wp\/v2\/pages\/308\/revisions\/5578"}],"up":[{"embeddable":true,"href":"https:\/\/www.montessori-schule-duesseldorf-sued.de\/cm\/wp-json\/wp\/v2\/pages\/304"}],"wp:attachment":[{"href":"https:\/\/www.montessori-schule-duesseldorf-sued.de\/cm\/wp-json\/wp\/v2\/media?parent=308"}],"curies":[{"name":"wp","href":"https:\/\/api.w.org\/{rel}","templated":true}]}}