{"id":3093,"date":"2019-09-28T14:05:30","date_gmt":"2019-09-28T12:05:30","guid":{"rendered":"http:\/\/www.montessori-schule-duesseldorf-sued.de\/cm\/?page_id=3093"},"modified":"2019-09-28T14:07:18","modified_gmt":"2019-09-28T12:07:18","slug":"kosmische-erziehung","status":"publish","type":"page","link":"https:\/\/www.montessori-schule-duesseldorf-sued.de\/cm\/projekte\/kosmische-erziehung\/","title":{"rendered":"Kosmische Erziehung"},"content":{"rendered":"<h1>Die kosmische Erziehung<\/h1>\n<p>&#8230;ist ein wesentlicher Baustein der Montessori-P\u00e4dagogik. Viele Materialien in den Klassen zeigen den Kindern die gro\u00dfen Zusammenh\u00e4nge in unserer Welt anschaulich auf, z.B. die verschiedenen Landkarten, Globen, Land- und Wasserformen, die Zeitmaschine oder die Zeitleisten von der Entwicklung der Erde.<\/p>\n<p>In den kosmischen Erz\u00e4hlungen werden die gro\u00dfen Zusammenh\u00e4nge der Wissenschaften auf anschauliche, kindgerechte Weise dargestellt. Wir m\u00f6chten die Kinder begeistern, ihnen Lust auf Wissenschaft und Forschung machen und nicht zuletzt, ihnen zeigen, dass unsere Welt fantastisch und sch\u00fctzenswert ist. So haben die Kinder die Gelegenheit bei Interesse im Rahmen der Freiarbeit den kosmischen Erz\u00e4hlungen zu lauschen, Fragen zu stellen, mitzuspielen und anschlie\u00dfend ihre Anregungen in der Freiarbeit in der weiteren Arbeit mit den aufbauenden Materialien zu vertiefen.<br \/>\nFolgende gro\u00dfe Erz\u00e4hlungen werden im Wechsel angeboten:<\/p>\n<div style=\"width: 600px; margin-left: 15px; float: right;\"><style type=\"text\/css\">.easingslider-3103 { max-width: 600px; }.easingslider-3103 .easingslider-image { max-height: 400px; max-width: 600px; }.easingslider-3103 .easingslider-fade-in, .easingslider-fade-out { -webkit-animation-duration: 400ms; -moz-animation-duration: 400ms; animation-duration: 400ms; }<\/style><script type=\"text\/javascript\">window.EasingSlider3103 = {\"width\":600,\"height\":400,\"singleItem\":true,\"items\":1,\"itemsDesktop\":false,\"itemsDesktopSmall\":false,\"itemsTablet\":false,\"itemsTabletSmall\":false,\"itemsMobile\":false,\"responsive\":true,\"lazyLoad\":true,\"autoPlay\":4000,\"slideSpeed\":400,\"navigation\":true,\"navigationText\":[\"\",\"\"],\"pagination\":true,\"autoHeight\":false,\"mouseDrag\":false,\"touchDrag\":false,\"addClassActive\":true,\"transitionStyle\":\"fade\"};<\/script><div data-id=\"3103\" class=\"easingslider easingslider-3103 easingslider-container easingslider-resizing-enabled easingslider-aspect-ratio easingslider-arrows-inside easingslider-pagination-inside easingslider-pagination-bottom-center\"><div class=\"easingslider-slide\"><img decoding=\"async\" src=\"https:\/\/www.montessori-schule-duesseldorf-sued.de\/cm\/wp-content\/plugins\/easing-slider\/assets\/images\/placeholder-pixel.png\" data-src=\"https:\/\/www.montessori-schule-duesseldorf-sued.de\/cm\/wp-content\/uploads\/2019\/09\/kosm-08-600x400.jpg\" alt=\"\" title=\"\" class=\"easingslider-image easingslider-lazy\" \/><\/div><div class=\"easingslider-slide\"><img decoding=\"async\" src=\"https:\/\/www.montessori-schule-duesseldorf-sued.de\/cm\/wp-content\/plugins\/easing-slider\/assets\/images\/placeholder-pixel.png\" data-src=\"https:\/\/www.montessori-schule-duesseldorf-sued.de\/cm\/wp-content\/uploads\/2019\/09\/kosm-07-600x400.jpg\" alt=\"\" title=\"\" class=\"easingslider-image easingslider-lazy\" \/><\/div><div class=\"easingslider-slide\"><img decoding=\"async\" src=\"https:\/\/www.montessori-schule-duesseldorf-sued.de\/cm\/wp-content\/plugins\/easing-slider\/assets\/images\/placeholder-pixel.png\" data-src=\"https:\/\/www.montessori-schule-duesseldorf-sued.de\/cm\/wp-content\/uploads\/2019\/09\/kosm-06-600x400.jpg\" alt=\"\" title=\"\" class=\"easingslider-image easingslider-lazy\" \/><\/div><div class=\"easingslider-slide\"><img decoding=\"async\" src=\"https:\/\/www.montessori-schule-duesseldorf-sued.de\/cm\/wp-content\/plugins\/easing-slider\/assets\/images\/placeholder-pixel.png\" data-src=\"https:\/\/www.montessori-schule-duesseldorf-sued.de\/cm\/wp-content\/uploads\/2019\/09\/kosm-04-600x400.jpg\" alt=\"\" title=\"\" class=\"easingslider-image easingslider-lazy\" \/><\/div><div class=\"easingslider-slide\"><img decoding=\"async\" src=\"https:\/\/www.montessori-schule-duesseldorf-sued.de\/cm\/wp-content\/plugins\/easing-slider\/assets\/images\/placeholder-pixel.png\" data-src=\"https:\/\/www.montessori-schule-duesseldorf-sued.de\/cm\/wp-content\/uploads\/2019\/09\/kosm-05-600x400.jpg\" alt=\"\" title=\"\" class=\"easingslider-image easingslider-lazy\" \/><\/div><div class=\"easingslider-slide\"><img decoding=\"async\" src=\"https:\/\/www.montessori-schule-duesseldorf-sued.de\/cm\/wp-content\/plugins\/easing-slider\/assets\/images\/placeholder-pixel.png\" data-src=\"https:\/\/www.montessori-schule-duesseldorf-sued.de\/cm\/wp-content\/uploads\/2019\/09\/kosm-03-600x400.jpg\" alt=\"\" title=\"\" class=\"easingslider-image easingslider-lazy\" \/><\/div><div class=\"easingslider-slide\"><img decoding=\"async\" src=\"https:\/\/www.montessori-schule-duesseldorf-sued.de\/cm\/wp-content\/plugins\/easing-slider\/assets\/images\/placeholder-pixel.png\" data-src=\"https:\/\/www.montessori-schule-duesseldorf-sued.de\/cm\/wp-content\/uploads\/2019\/09\/kosm-02-600x400.jpg\" alt=\"\" title=\"\" class=\"easingslider-image easingslider-lazy\" \/><\/div><div class=\"easingslider-slide\"><img decoding=\"async\" src=\"https:\/\/www.montessori-schule-duesseldorf-sued.de\/cm\/wp-content\/plugins\/easing-slider\/assets\/images\/placeholder-pixel.png\" data-src=\"https:\/\/www.montessori-schule-duesseldorf-sued.de\/cm\/wp-content\/uploads\/2019\/09\/kosm-01-600x400.jpg\" alt=\"\" title=\"\" class=\"easingslider-image easingslider-lazy\" \/><\/div><\/div><\/div>\n<p>1. Von der Entstehung des Universums<br \/>\n2. Von der Entstehung der Welt<br \/>\n3. Vom Kommen des Leben<br \/>\n4. Vom Kommen des Menschen<br \/>\n5. Von der Entstehung der Schrift<br \/>\n6. Von der Entstehung der Zahlen<br \/>\n7. Vom Blutkreislauf\/dem K\u00f6rper<\/p>\n<p>Au\u00dferdem gibt es noch viele kleinere Erz\u00e4hlung, z.B. die Geschichte von der Fotosynthese oder den Fibonacci-Zahlen.&#8220;<\/p>\n","protected":false},"excerpt":{"rendered":"<p>Die kosmische Erziehung &#8230;ist ein wesentlicher Baustein der Montessori-P\u00e4dagogik. Viele Materialien in den Klassen zeigen den Kindern die gro\u00dfen Zusammenh\u00e4nge in unserer Welt anschaulich auf, z.B. die verschiedenen Landkarten, Globen, Land- und Wasserformen, die Zeitmaschine oder die Zeitleisten von der Entwicklung der Erde. In den kosmischen Erz\u00e4hlungen werden die gro\u00dfen Zusammenh\u00e4nge der Wissenschaften auf anschauliche,<span>&#8230;<strong> <a style=\"color:#000000\" href=\"https:\/\/www.montessori-schule-duesseldorf-sued.de\/cm\/projekte\/kosmische-erziehung\/\">(Hier k\u00f6nnen Sie weiterlesen&#8230;)<\/a><\/strong><\/span><\/p>\n","protected":false},"author":1,"featured_media":0,"parent":278,"menu_order":0,"comment_status":"closed","ping_status":"closed","template":"","meta":{"_acf_changed":false,"footnotes":""},"class_list":["post-3093","page","type-page","status-publish","hentry"],"acf":[],"publishpress_future_action":{"enabled":false,"date":"2026-04-21 12:58:56","action":"change-status","newStatus":"draft","terms":[],"taxonomy":"","extraData":[]},"publishpress_future_workflow_manual_trigger":{"enabledWorkflows":[]},"_links":{"self":[{"href":"https:\/\/www.montessori-schule-duesseldorf-sued.de\/cm\/wp-json\/wp\/v2\/pages\/3093","targetHints":{"allow":["GET"]}}],"collection":[{"href":"https:\/\/www.montessori-schule-duesseldorf-sued.de\/cm\/wp-json\/wp\/v2\/pages"}],"about":[{"href":"https:\/\/www.montessori-schule-duesseldorf-sued.de\/cm\/wp-json\/wp\/v2\/types\/page"}],"author":[{"embeddable":true,"href":"https:\/\/www.montessori-schule-duesseldorf-sued.de\/cm\/wp-json\/wp\/v2\/users\/1"}],"replies":[{"embeddable":true,"href":"https:\/\/www.montessori-schule-duesseldorf-sued.de\/cm\/wp-json\/wp\/v2\/comments?post=3093"}],"version-history":[{"count":4,"href":"https:\/\/www.montessori-schule-duesseldorf-sued.de\/cm\/wp-json\/wp\/v2\/pages\/3093\/revisions"}],"predecessor-version":[{"id":3106,"href":"https:\/\/www.montessori-schule-duesseldorf-sued.de\/cm\/wp-json\/wp\/v2\/pages\/3093\/revisions\/3106"}],"up":[{"embeddable":true,"href":"https:\/\/www.montessori-schule-duesseldorf-sued.de\/cm\/wp-json\/wp\/v2\/pages\/278"}],"wp:attachment":[{"href":"https:\/\/www.montessori-schule-duesseldorf-sued.de\/cm\/wp-json\/wp\/v2\/media?parent=3093"}],"curies":[{"name":"wp","href":"https:\/\/api.w.org\/{rel}","templated":true}]}}