{"id":3108,"date":"2019-09-28T17:45:14","date_gmt":"2019-09-28T15:45:14","guid":{"rendered":"http:\/\/www.montessori-schule-duesseldorf-sued.de\/cm\/?page_id=3108"},"modified":"2022-09-10T13:18:51","modified_gmt":"2022-09-10T11:18:51","slug":"medienpass-nrw","status":"publish","type":"page","link":"https:\/\/www.montessori-schule-duesseldorf-sued.de\/cm\/projekte\/medienpass-nrw\/","title":{"rendered":"Medienpass NRW"},"content":{"rendered":"<h1>Medienpass NRW<\/h1>\n<p><img loading=\"lazy\" decoding=\"async\" class=\"size-full wp-image-2835 alignright\" style=\"box-shadow: none;\" src=\"http:\/\/www.montessori-schule-duesseldorf-sued.de\/cm\/wp-content\/uploads\/2019\/03\/00004.jpg\" alt=\"\" width=\"214\" height=\"280\" srcset=\"https:\/\/www.montessori-schule-duesseldorf-sued.de\/cm\/wp-content\/uploads\/2019\/03\/00004.jpg 214w, https:\/\/www.montessori-schule-duesseldorf-sued.de\/cm\/wp-content\/uploads\/2019\/03\/00004-18x24.jpg 18w, https:\/\/www.montessori-schule-duesseldorf-sued.de\/cm\/wp-content\/uploads\/2019\/03\/00004-28x36.jpg 28w, https:\/\/www.montessori-schule-duesseldorf-sued.de\/cm\/wp-content\/uploads\/2019\/03\/00004-37x48.jpg 37w\" sizes=\"auto, (max-width: 214px) 100vw, 214px\" \/>&#8222;Wie lege ich eine Datei an, speichere sie und schicke sie per Email an meinen Freund? Wie kann ich im Internet Informationen zum Thema &#8222;Krokodil&#8220; finden? Welche Gefahren lauern auch im Internet? All dies und noch viel mehr wird in der Bearbeitung des Medienpasses durchgef\u00fchrt. Alle Kinder sollen bis zum Ende ihrer Grundschulzeit das n\u00f6tige Handwerkszeug zum Umgang mit digitalen Medien bei uns erhalten. Dies wird nicht nur theoretisch besprochen, sondern ganz praktisch in Kleingruppen selber ausprobiert.<\/p>\n<p>iPads sind mittlerweile neben unseren Laptops fester Bestandteil unserer t\u00e4glichen Freiarbeit geworden. Kinder recherchieren im Internet f\u00fcr ihre Expertenarbeiten, erstellen eigene Pr\u00e4sentationen oder programmieren mit den Lego WeDo-Robotoren.<\/p>\n<p><img loading=\"lazy\" decoding=\"async\" class=\"size-full wp-image-3111 alignleft\" style=\"box-shadow: none;\" src=\"http:\/\/www.montessori-schule-duesseldorf-sued.de\/cm\/wp-content\/uploads\/2019\/09\/medienpass.jpg\" alt=\"\" width=\"794\" height=\"298\" srcset=\"https:\/\/www.montessori-schule-duesseldorf-sued.de\/cm\/wp-content\/uploads\/2019\/09\/medienpass.jpg 794w, https:\/\/www.montessori-schule-duesseldorf-sued.de\/cm\/wp-content\/uploads\/2019\/09\/medienpass-300x113.jpg 300w, https:\/\/www.montessori-schule-duesseldorf-sued.de\/cm\/wp-content\/uploads\/2019\/09\/medienpass-768x288.jpg 768w, https:\/\/www.montessori-schule-duesseldorf-sued.de\/cm\/wp-content\/uploads\/2019\/09\/medienpass-624x234.jpg 624w, https:\/\/www.montessori-schule-duesseldorf-sued.de\/cm\/wp-content\/uploads\/2019\/09\/medienpass-24x9.jpg 24w, https:\/\/www.montessori-schule-duesseldorf-sued.de\/cm\/wp-content\/uploads\/2019\/09\/medienpass-36x14.jpg 36w, https:\/\/www.montessori-schule-duesseldorf-sued.de\/cm\/wp-content\/uploads\/2019\/09\/medienpass-48x18.jpg 48w\" sizes=\"auto, (max-width: 794px) 100vw, 794px\" \/><\/p>\n","protected":false},"excerpt":{"rendered":"<p>Medienpass NRW &#8222;Wie lege ich eine Datei an, speichere sie und schicke sie per Email an meinen Freund? Wie kann ich im Internet Informationen zum Thema &#8222;Krokodil&#8220; finden? Welche Gefahren lauern auch im Internet? All dies und noch viel mehr wird in der Bearbeitung des Medienpasses durchgef\u00fchrt. Alle Kinder sollen bis zum Ende ihrer Grundschulzeit<span>&#8230;<strong> <a style=\"color:#000000\" href=\"https:\/\/www.montessori-schule-duesseldorf-sued.de\/cm\/projekte\/medienpass-nrw\/\">(Hier k\u00f6nnen Sie weiterlesen&#8230;)<\/a><\/strong><\/span><\/p>\n","protected":false},"author":1,"featured_media":0,"parent":278,"menu_order":0,"comment_status":"closed","ping_status":"closed","template":"","meta":{"_acf_changed":false,"footnotes":""},"class_list":["post-3108","page","type-page","status-publish","hentry"],"acf":[],"publishpress_future_action":{"enabled":false,"date":"2026-05-18 11:46:59","action":"change-status","newStatus":"draft","terms":[],"taxonomy":"","extraData":[]},"publishpress_future_workflow_manual_trigger":{"enabledWorkflows":[]},"_links":{"self":[{"href":"https:\/\/www.montessori-schule-duesseldorf-sued.de\/cm\/wp-json\/wp\/v2\/pages\/3108","targetHints":{"allow":["GET"]}}],"collection":[{"href":"https:\/\/www.montessori-schule-duesseldorf-sued.de\/cm\/wp-json\/wp\/v2\/pages"}],"about":[{"href":"https:\/\/www.montessori-schule-duesseldorf-sued.de\/cm\/wp-json\/wp\/v2\/types\/page"}],"author":[{"embeddable":true,"href":"https:\/\/www.montessori-schule-duesseldorf-sued.de\/cm\/wp-json\/wp\/v2\/users\/1"}],"replies":[{"embeddable":true,"href":"https:\/\/www.montessori-schule-duesseldorf-sued.de\/cm\/wp-json\/wp\/v2\/comments?post=3108"}],"version-history":[{"count":7,"href":"https:\/\/www.montessori-schule-duesseldorf-sued.de\/cm\/wp-json\/wp\/v2\/pages\/3108\/revisions"}],"predecessor-version":[{"id":5487,"href":"https:\/\/www.montessori-schule-duesseldorf-sued.de\/cm\/wp-json\/wp\/v2\/pages\/3108\/revisions\/5487"}],"up":[{"embeddable":true,"href":"https:\/\/www.montessori-schule-duesseldorf-sued.de\/cm\/wp-json\/wp\/v2\/pages\/278"}],"wp:attachment":[{"href":"https:\/\/www.montessori-schule-duesseldorf-sued.de\/cm\/wp-json\/wp\/v2\/media?parent=3108"}],"curies":[{"name":"wp","href":"https:\/\/api.w.org\/{rel}","templated":true}]}}