{"id":3116,"date":"2019-09-28T18:03:56","date_gmt":"2019-09-28T16:03:56","guid":{"rendered":"http:\/\/www.montessori-schule-duesseldorf-sued.de\/cm\/?page_id=3116"},"modified":"2019-09-28T18:05:10","modified_gmt":"2019-09-28T16:05:10","slug":"technikturm","status":"publish","type":"page","link":"https:\/\/www.montessori-schule-duesseldorf-sued.de\/cm\/projekte\/technikturm\/","title":{"rendered":"Technikturm"},"content":{"rendered":"<h1><span style=\"font-family: Arial, serif;\"><span style=\"font-size: medium;\">Technikturm<\/span><\/span><\/h1>\n<p>Um technische Versuche noch intensiver in den Unterricht einbinden zu k\u00f6nnen, hat unser F\u00f6rderverein mit Unterst\u00fctzung der Firma Henkel den Technikturm angeschafft. Alle Lehrerinnen und Lehrer k\u00f6nnen aus diesem Versuche entleihen, die die Kinder dann im Rahmen der Freiarbeit durchf\u00fchren k\u00f6nnen. Dabei geht die Entdeckungsreise vom Bauen eines Kompasses \u00fcber Versuche zum Stromkreislauf bis hin zum Antrieb eines Autos. Nicht nur lehrreich, auch sehr spannend!<img loading=\"lazy\" decoding=\"async\" class=\"size-full wp-image-3117 aligncenter\" style=\"box-shadow: none;\" src=\"http:\/\/www.montessori-schule-duesseldorf-sued.de\/cm\/wp-content\/uploads\/2019\/09\/turm.jpg\" alt=\"\" width=\"752\" height=\"627\" srcset=\"https:\/\/www.montessori-schule-duesseldorf-sued.de\/cm\/wp-content\/uploads\/2019\/09\/turm.jpg 752w, https:\/\/www.montessori-schule-duesseldorf-sued.de\/cm\/wp-content\/uploads\/2019\/09\/turm-300x250.jpg 300w, https:\/\/www.montessori-schule-duesseldorf-sued.de\/cm\/wp-content\/uploads\/2019\/09\/turm-624x520.jpg 624w, https:\/\/www.montessori-schule-duesseldorf-sued.de\/cm\/wp-content\/uploads\/2019\/09\/turm-24x20.jpg 24w, https:\/\/www.montessori-schule-duesseldorf-sued.de\/cm\/wp-content\/uploads\/2019\/09\/turm-36x30.jpg 36w, https:\/\/www.montessori-schule-duesseldorf-sued.de\/cm\/wp-content\/uploads\/2019\/09\/turm-48x40.jpg 48w\" sizes=\"auto, (max-width: 752px) 100vw, 752px\" \/><\/p>\n","protected":false},"excerpt":{"rendered":"<p>Technikturm Um technische Versuche noch intensiver in den Unterricht einbinden zu k\u00f6nnen, hat unser F\u00f6rderverein mit Unterst\u00fctzung der Firma Henkel den Technikturm angeschafft. Alle Lehrerinnen und Lehrer k\u00f6nnen aus diesem Versuche entleihen, die die Kinder dann im Rahmen der Freiarbeit durchf\u00fchren k\u00f6nnen. Dabei geht die Entdeckungsreise vom Bauen eines Kompasses \u00fcber Versuche zum Stromkreislauf bis<span>&#8230;<strong> <a style=\"color:#000000\" href=\"https:\/\/www.montessori-schule-duesseldorf-sued.de\/cm\/projekte\/technikturm\/\">(Hier k\u00f6nnen Sie weiterlesen&#8230;)<\/a><\/strong><\/span><\/p>\n","protected":false},"author":1,"featured_media":0,"parent":278,"menu_order":0,"comment_status":"closed","ping_status":"closed","template":"","meta":{"_acf_changed":false,"footnotes":""},"class_list":["post-3116","page","type-page","status-publish","hentry"],"acf":[],"publishpress_future_action":{"enabled":false,"date":"2026-04-23 23:46:04","action":"change-status","newStatus":"draft","terms":[],"taxonomy":"","extraData":[]},"publishpress_future_workflow_manual_trigger":{"enabledWorkflows":[]},"_links":{"self":[{"href":"https:\/\/www.montessori-schule-duesseldorf-sued.de\/cm\/wp-json\/wp\/v2\/pages\/3116","targetHints":{"allow":["GET"]}}],"collection":[{"href":"https:\/\/www.montessori-schule-duesseldorf-sued.de\/cm\/wp-json\/wp\/v2\/pages"}],"about":[{"href":"https:\/\/www.montessori-schule-duesseldorf-sued.de\/cm\/wp-json\/wp\/v2\/types\/page"}],"author":[{"embeddable":true,"href":"https:\/\/www.montessori-schule-duesseldorf-sued.de\/cm\/wp-json\/wp\/v2\/users\/1"}],"replies":[{"embeddable":true,"href":"https:\/\/www.montessori-schule-duesseldorf-sued.de\/cm\/wp-json\/wp\/v2\/comments?post=3116"}],"version-history":[{"count":2,"href":"https:\/\/www.montessori-schule-duesseldorf-sued.de\/cm\/wp-json\/wp\/v2\/pages\/3116\/revisions"}],"predecessor-version":[{"id":3119,"href":"https:\/\/www.montessori-schule-duesseldorf-sued.de\/cm\/wp-json\/wp\/v2\/pages\/3116\/revisions\/3119"}],"up":[{"embeddable":true,"href":"https:\/\/www.montessori-schule-duesseldorf-sued.de\/cm\/wp-json\/wp\/v2\/pages\/278"}],"wp:attachment":[{"href":"https:\/\/www.montessori-schule-duesseldorf-sued.de\/cm\/wp-json\/wp\/v2\/media?parent=3116"}],"curies":[{"name":"wp","href":"https:\/\/api.w.org\/{rel}","templated":true}]}}