{"id":312,"date":"2015-10-24T21:59:31","date_gmt":"2015-10-24T19:59:31","guid":{"rendered":"http:\/\/www.montessori-schule-duesseldorf-sued.de\/cm\/?page_id=312"},"modified":"2025-01-15T14:52:57","modified_gmt":"2025-01-15T13:52:57","slug":"impressum","status":"publish","type":"page","link":"https:\/\/www.montessori-schule-duesseldorf-sued.de\/cm\/informationen\/impressum\/","title":{"rendered":"Impressum"},"content":{"rendered":"<h1>Impressum<\/h1>\n<p><strong>St\u00e4dtische Montessori-Grundschule<\/strong><br \/>\n<strong> Emil-Barth-Str. 45, 40595 D\u00fcsseldorf<\/strong><\/p>\n<p><strong> Schulleitung:<\/strong> Sandra Gehrke<\/p>\n<p><strong>Tel.:<\/strong> 0211 \/ 89-24848<br \/>\n<strong>Fax:<\/strong> 0211 \/ 89-24863<\/p>\n<p><strong>email:<\/strong> <a class=\"linkification-ext\" title=\"Linkification: mailto:sekretariat.emilbarthstr-mg@duesseldorf.de\" href=\"mailto:sekretariat.emilbarthstr-mg@schule.duesseldorf.de\">sekretariat.emilbarthstr-mg@duesseldorf.de<\/a><\/p>\n<p><strong>Schultr\u00e4ger (\u00e4u\u00dfere Schulangelegenheiten):<\/strong><br \/>\nLandeshauptstadt D\u00fcsseldorf<br \/>\nvertreten durch den Oberb\u00fcrgermeister<br \/>\nRathaus &#8211; Marktplatz 2, 40213 D\u00fcsseldorf<br \/>\n<a class=\"linkification-ext\" title=\"Linkification: mailto:info@duesseldorf.de\" href=\"mailto:info@duesseldorf.de\">info@duesseldorf.de<\/a><\/p>\n<p><strong>Rechtstr\u00e4ger der Schule (innere Schulangelegenheiten):<\/strong><br \/>\nMinisterium f\u00fcr Schule und Weiterbildung des Landes <acronym title=\"Nordrhein-Westfalen\">NRW<\/acronym><br \/>\n40190 D\u00fcsseldorf<br \/>\n<a class=\"linkification-ext\" title=\"Linkification: mailto:poststelle@msw.nrw.de\" href=\"mailto:poststelle@msw.nrw.de\">poststelle@msw.nrw.de<\/a><\/p>\n<p><strong>Verantwortlich(e) f\u00fcr den Inhalt:<\/strong><br \/>\nSandra Gehrke<br \/>\nSt\u00e4dtische Montessori-Grundschule<br \/>\nEmil-Barth-Str. 45, 40595 D\u00fcsseldorf<\/p>\n","protected":false},"excerpt":{"rendered":"<p>Impressum St\u00e4dtische Montessori-Grundschule Emil-Barth-Str. 45, 40595 D\u00fcsseldorf Schulleitung: Sandra Gehrke Tel.: 0211 \/ 89-24848 Fax: 0211 \/ 89-24863 email: sekretariat.emilbarthstr-mg@duesseldorf.de Schultr\u00e4ger (\u00e4u\u00dfere Schulangelegenheiten): Landeshauptstadt D\u00fcsseldorf vertreten durch den Oberb\u00fcrgermeister Rathaus &#8211; Marktplatz 2, 40213 D\u00fcsseldorf info@duesseldorf.de Rechtstr\u00e4ger der Schule (innere Schulangelegenheiten): Ministerium f\u00fcr Schule und Weiterbildung des Landes NRW 40190 D\u00fcsseldorf poststelle@msw.nrw.de Verantwortlich(e) f\u00fcr den<span>&#8230;<strong> <a style=\"color:#000000\" href=\"https:\/\/www.montessori-schule-duesseldorf-sued.de\/cm\/informationen\/impressum\/\">(Hier k\u00f6nnen Sie weiterlesen&#8230;)<\/a><\/strong><\/span><\/p>\n","protected":false},"author":1,"featured_media":0,"parent":304,"menu_order":0,"comment_status":"closed","ping_status":"closed","template":"","meta":{"_acf_changed":false,"footnotes":""},"class_list":["post-312","page","type-page","status-publish","hentry"],"acf":[],"publishpress_future_action":{"enabled":false,"date":"2026-05-11 03:02:46","action":"change-status","newStatus":"draft","terms":[],"taxonomy":"","extraData":[]},"publishpress_future_workflow_manual_trigger":{"enabledWorkflows":[]},"_links":{"self":[{"href":"https:\/\/www.montessori-schule-duesseldorf-sued.de\/cm\/wp-json\/wp\/v2\/pages\/312","targetHints":{"allow":["GET"]}}],"collection":[{"href":"https:\/\/www.montessori-schule-duesseldorf-sued.de\/cm\/wp-json\/wp\/v2\/pages"}],"about":[{"href":"https:\/\/www.montessori-schule-duesseldorf-sued.de\/cm\/wp-json\/wp\/v2\/types\/page"}],"author":[{"embeddable":true,"href":"https:\/\/www.montessori-schule-duesseldorf-sued.de\/cm\/wp-json\/wp\/v2\/users\/1"}],"replies":[{"embeddable":true,"href":"https:\/\/www.montessori-schule-duesseldorf-sued.de\/cm\/wp-json\/wp\/v2\/comments?post=312"}],"version-history":[{"count":5,"href":"https:\/\/www.montessori-schule-duesseldorf-sued.de\/cm\/wp-json\/wp\/v2\/pages\/312\/revisions"}],"predecessor-version":[{"id":7386,"href":"https:\/\/www.montessori-schule-duesseldorf-sued.de\/cm\/wp-json\/wp\/v2\/pages\/312\/revisions\/7386"}],"up":[{"embeddable":true,"href":"https:\/\/www.montessori-schule-duesseldorf-sued.de\/cm\/wp-json\/wp\/v2\/pages\/304"}],"wp:attachment":[{"href":"https:\/\/www.montessori-schule-duesseldorf-sued.de\/cm\/wp-json\/wp\/v2\/media?parent=312"}],"curies":[{"name":"wp","href":"https:\/\/api.w.org\/{rel}","templated":true}]}}