{"id":3239,"date":"2019-11-09T10:26:57","date_gmt":"2019-11-09T09:26:57","guid":{"rendered":"http:\/\/www.montessori-schule-duesseldorf-sued.de\/cm\/?page_id=3239"},"modified":"2019-11-09T11:12:57","modified_gmt":"2019-11-09T10:12:57","slug":"lerntagebuch","status":"publish","type":"page","link":"https:\/\/www.montessori-schule-duesseldorf-sued.de\/cm\/lerntagebuch\/","title":{"rendered":"Lerntagebuch"},"content":{"rendered":"<h1>Lerntagebuch<\/h1>\n<p>Alle Kinder unserer Schule arbeiten t\u00e4glich mit dem sogenannten Lerntagebuch. Was das genau ist, wieso wir damit arbeiten und wie konkret das geht, erfahren Sie hier:<\/p>\n<h2><img loading=\"lazy\" decoding=\"async\" class=\"wp-image-3248 alignright\" style=\"box-shadow: none;\" src=\"http:\/\/www.montessori-schule-duesseldorf-sued.de\/cm\/wp-content\/uploads\/2019\/11\/P9121561.jpg\" alt=\"\" width=\"299\" height=\"242\" srcset=\"https:\/\/www.montessori-schule-duesseldorf-sued.de\/cm\/wp-content\/uploads\/2019\/11\/P9121561.jpg 438w, https:\/\/www.montessori-schule-duesseldorf-sued.de\/cm\/wp-content\/uploads\/2019\/11\/P9121561-300x242.jpg 300w, https:\/\/www.montessori-schule-duesseldorf-sued.de\/cm\/wp-content\/uploads\/2019\/11\/P9121561-24x19.jpg 24w, https:\/\/www.montessori-schule-duesseldorf-sued.de\/cm\/wp-content\/uploads\/2019\/11\/P9121561-36x29.jpg 36w, https:\/\/www.montessori-schule-duesseldorf-sued.de\/cm\/wp-content\/uploads\/2019\/11\/P9121561-48x39.jpg 48w\" sizes=\"auto, (max-width: 299px) 100vw, 299px\" \/>Was ist das Lerntagebuch?<\/h2>\n<p>Das Lerntagebuch, mit dem alle Kinder unserer Schule arbeiten, ist von den Lehrer*innen unserer Schule selber entwickelt worden. Es ist ein Heft mit einer Spiralbindung, indem t\u00e4glich wichtige Informationen aufgeschrieben werden. Das Lerntagebuch ist daher immer im Tornister der Kinder, damit alle Beteiligten (Kinder, Lehrkr\u00e4fte, Betreuer*innen und Eltern) immer Zugriff darauf haben.<\/p>\n<h2>Wie ist das Lerntagebuch aufgebaut?<\/h2>\n<p>Es gibt einen allgemeinen Teil \u00fcber die eigene Schule, eine &#8222;Das-bin-ich&#8220;-Seite, eine Betreuungsseite, in der Abholzeiten und besuchte AGs eingetragen werden, Regeln unserer Schule, Vordrucke f\u00fcr Entschuldigungsschreiben und eine integrierte Postmappe. Au\u00dferdem sind die Materialien f\u00fcr die Freiarbeit als \u00dcbersicht zu finden, damit alle Kinder wissen, welche verpflichtenden Aufgaben in diesem Schuljahr f\u00fcr sie vorgesehen sind.<\/p>\n<p>Das Kernst\u00fcck des Lerntagebuches ist die Wochen\u00fcbersicht. Sie ist f\u00fcr die Anzahl der Schulwochen vorhanden und beinhaltet:<img loading=\"lazy\" decoding=\"async\" class=\" wp-image-3250 alignright\" style=\"box-shadow: none;\" src=\"http:\/\/www.montessori-schule-duesseldorf-sued.de\/cm\/wp-content\/uploads\/2019\/11\/001-1.jpg\" alt=\"\" width=\"243\" height=\"329\" srcset=\"https:\/\/www.montessori-schule-duesseldorf-sued.de\/cm\/wp-content\/uploads\/2019\/11\/001-1.jpg 342w, https:\/\/www.montessori-schule-duesseldorf-sued.de\/cm\/wp-content\/uploads\/2019\/11\/001-1-222x300.jpg 222w, https:\/\/www.montessori-schule-duesseldorf-sued.de\/cm\/wp-content\/uploads\/2019\/11\/001-1-18x24.jpg 18w, https:\/\/www.montessori-schule-duesseldorf-sued.de\/cm\/wp-content\/uploads\/2019\/11\/001-1-27x36.jpg 27w, https:\/\/www.montessori-schule-duesseldorf-sued.de\/cm\/wp-content\/uploads\/2019\/11\/001-1-36x48.jpg 36w\" sizes=\"auto, (max-width: 243px) 100vw, 243px\" \/><\/p>\n<ul>\n<li>das Wochenziel, das sich die Kinder selber setzen,<\/li>\n<li>eine Tabelle f\u00fcr die Wochentage, in welche die Kinder eintragen, was<br \/>\nsie t\u00e4glich in der Freiarbeit gearbeitet haben,<\/li>\n<li>eine Zielscheibe und Smileys, mit welchen die Kinder am Ende der<br \/>\nWoche bewerten, wie gut sie gearbeitet haben und ob sie ihr<br \/>\nWochenziel erreicht haben,<\/li>\n<li>das Feld f\u00fcr die Lernzeitaufgaben, in welches die Kinder eintragen,<br \/>\nwelche Arbeiten sie in den Lernzeiten bearbeitet haben und<\/li>\n<li>das Gespr\u00e4chsfeld f\u00fcr Eltern, Lehrer*innen und Betreuer*innen.<\/li>\n<\/ul>\n<h2>Was sind die Aufgaben des Lerntagebuches?<\/h2>\n<p><img loading=\"lazy\" decoding=\"async\" class=\"wp-image-3252 alignright\" style=\"box-shadow: none;\" src=\"http:\/\/www.montessori-schule-duesseldorf-sued.de\/cm\/wp-content\/uploads\/2019\/11\/002-1.jpg\" alt=\"\" width=\"239\" height=\"319\" srcset=\"https:\/\/www.montessori-schule-duesseldorf-sued.de\/cm\/wp-content\/uploads\/2019\/11\/002-1.jpg 349w, https:\/\/www.montessori-schule-duesseldorf-sued.de\/cm\/wp-content\/uploads\/2019\/11\/002-1-225x300.jpg 225w, https:\/\/www.montessori-schule-duesseldorf-sued.de\/cm\/wp-content\/uploads\/2019\/11\/002-1-18x24.jpg 18w, https:\/\/www.montessori-schule-duesseldorf-sued.de\/cm\/wp-content\/uploads\/2019\/11\/002-1-27x36.jpg 27w, https:\/\/www.montessori-schule-duesseldorf-sued.de\/cm\/wp-content\/uploads\/2019\/11\/002-1-36x48.jpg 36w\" sizes=\"auto, (max-width: 239px) 100vw, 239px\" \/>Das Lerntagebuch verfolgt die Ziele:<\/p>\n<ol>\n<li>Dokumentation der geleisteten Arbeit und der Lernfortschritte<\/li>\n<li>F\u00f6rderung des selbstgesteuerten Lernens\/ Planungsinstrument f\u00fcr die Kinder<\/li>\n<li>Reflexion von Lerninhalten und pers\u00f6nliche Entwicklung (Ziel setzen u. bewerten)<\/li>\n<li>Grundlage f\u00fcr Beratung, Vereinbarungen zur individuellen F\u00f6rderung<\/li>\n<li>F\u00f6rderung der Kommunikation und Transparenz aller Beteiligten (Kinder, Eltern,<br \/>\nLehrer*innen, Betreuer*innen)<\/li>\n<\/ol>\n<h2>Wie wird mit dem Lerntagebuch gearbeitet?<\/h2>\n<p>Zu Beginn des Schuljahres werden die Eltern am Elternabend \u00fcber die Arbeit mit dem Lerntagebuch informiert. Dann werden die Eltern gebeten mit ihren Kindern den allgemeinen Teil, z.B. Abholzeiten aus der Betreuung, Notfalltelefonnummern auszuf\u00fcllen.<\/p>\n<p>Au\u00dferdem bitten wir alle Eltern, dass sie w\u00f6chentlich in das Lerntagebuch ihres Kindes schauen, auf Mitteilungen antworten, ggf. eigene Fragen stellen und in jedem Fall durch ihre w\u00f6chentliche Unterschrift ihre Kenntnisnahme dokumentieren.<\/p>\n<p style=\"padding-left: 40px;\">Die t\u00e4gliche Arbeit der Kinder mit dem Lerntagebuch folgt diesem Ablauf:<\/p>\n<p style=\"padding-left: 40px;\">montags: Eintragen des Wochenziels<br \/>\nt\u00e4glich: Eintragen der geleisteten Arbeit<br \/>\nfreitags: Reflexion und Wochenr\u00fcckblick durch die Sch\u00fcler<br \/>\nMitnahme des Lerntagebuches nach Hause<\/p>\n<p>Jede Lernzeit und Freiarbeit beginnt und endet mit dem Lerntagebuch. Daher kann man sagen, dass das Lerntagebuch unser zentrales Arbeitsinstrument zur Dokumentation ist.<\/p>\n<h2>Woher kommt das Lerntagebuch und was kostet es?<\/h2>\n<p>Das Lerntagebuch wird durch den F\u00f6rderverein der Schule subventioniert, so dass die Eltern noch einen Eigenbeitrag von 5,- Euro pro Heft bezahlen m\u00fcssen. Die Lerntageb\u00fccher werden zentral \u00fcber die Schule bestellt und den Kindern in den ersten Schulwochen zur Verf\u00fcgung gestellt. Bei Verlust m\u00fcssen die Eltern ein Ersatzheft f\u00fcr ebenfalls 5,- Euro bei der Schule kaufen.<\/p>\n","protected":false},"excerpt":{"rendered":"<p>Lerntagebuch Alle Kinder unserer Schule arbeiten t\u00e4glich mit dem sogenannten Lerntagebuch. Was das genau ist, wieso wir damit arbeiten und wie konkret das geht, erfahren Sie hier: Was ist das Lerntagebuch? Das Lerntagebuch, mit dem alle Kinder unserer Schule arbeiten, ist von den Lehrer*innen unserer Schule selber entwickelt worden. Es ist ein Heft mit einer<span>&#8230;<strong> <a style=\"color:#000000\" href=\"https:\/\/www.montessori-schule-duesseldorf-sued.de\/cm\/lerntagebuch\/\">(Hier k\u00f6nnen Sie weiterlesen&#8230;)<\/a><\/strong><\/span><\/p>\n","protected":false},"author":1,"featured_media":0,"parent":0,"menu_order":0,"comment_status":"closed","ping_status":"closed","template":"","meta":{"_acf_changed":false,"footnotes":""},"class_list":["post-3239","page","type-page","status-publish","hentry"],"acf":[],"publishpress_future_action":{"enabled":false,"date":"2026-04-13 13:45:18","action":"change-status","newStatus":"draft","terms":[],"taxonomy":"","extraData":[]},"publishpress_future_workflow_manual_trigger":{"enabledWorkflows":[]},"_links":{"self":[{"href":"https:\/\/www.montessori-schule-duesseldorf-sued.de\/cm\/wp-json\/wp\/v2\/pages\/3239","targetHints":{"allow":["GET"]}}],"collection":[{"href":"https:\/\/www.montessori-schule-duesseldorf-sued.de\/cm\/wp-json\/wp\/v2\/pages"}],"about":[{"href":"https:\/\/www.montessori-schule-duesseldorf-sued.de\/cm\/wp-json\/wp\/v2\/types\/page"}],"author":[{"embeddable":true,"href":"https:\/\/www.montessori-schule-duesseldorf-sued.de\/cm\/wp-json\/wp\/v2\/users\/1"}],"replies":[{"embeddable":true,"href":"https:\/\/www.montessori-schule-duesseldorf-sued.de\/cm\/wp-json\/wp\/v2\/comments?post=3239"}],"version-history":[{"count":14,"href":"https:\/\/www.montessori-schule-duesseldorf-sued.de\/cm\/wp-json\/wp\/v2\/pages\/3239\/revisions"}],"predecessor-version":[{"id":3257,"href":"https:\/\/www.montessori-schule-duesseldorf-sued.de\/cm\/wp-json\/wp\/v2\/pages\/3239\/revisions\/3257"}],"wp:attachment":[{"href":"https:\/\/www.montessori-schule-duesseldorf-sued.de\/cm\/wp-json\/wp\/v2\/media?parent=3239"}],"curies":[{"name":"wp","href":"https:\/\/api.w.org\/{rel}","templated":true}]}}