{"id":3860,"date":"2020-09-21T14:47:23","date_gmt":"2020-09-21T12:47:23","guid":{"rendered":"http:\/\/www.montessori-schule-duesseldorf-sued.de\/cm\/?page_id=3860"},"modified":"2022-02-09T14:21:13","modified_gmt":"2022-02-09T13:21:13","slug":"unsere-corona-regeln","status":"publish","type":"page","link":"https:\/\/www.montessori-schule-duesseldorf-sued.de\/cm\/unsere-corona-regeln\/","title":{"rendered":"Unsere Corona-Regeln"},"content":{"rendered":"<p><strong>Noch brauchen wir sie,<\/strong><\/p>\n<h1>unsere Corona-Infoseite<\/h1>\n<p><strong>Der Loli-Test<\/strong><\/p>\n<ul>\n<li><a href=\"http:\/\/www.montessori-schule-duesseldorf-sued.de\/cm\/wp-content\/uploads\/2022\/02\/20220902-Elternbrief-Schaubild-Testungen.pdf\" data-type=\"URL\"><strong>Der Loli-Test: was passiert wann? Elternbrief vom 9.2.2022<\/strong><\/a><\/li>\n<li><strong><a href=\"http:\/\/www.montessori-schule-duesseldorf-sued.de\/cm\/wp-content\/uploads\/2021\/08\/Lollitest.pdf\">Wie wird der Loli-Test durchgef\u00fchrt? Eine bebilderte Anleitung.<\/a><\/strong><\/li>\n<\/ul>\n<p><strong>Testbescheinigung:<\/strong><\/p>\n<p>Wenn Sie f\u00fcr Ihr Kind eine Testbescheinigung brauchen, gehen Sie bitte wie folgt vor:<\/p>\n<p>1: Drucken Sie das <strong><a href=\"https:\/\/www.montessori-schule-duesseldorf-sued.de\/cm\/wp-content\/uploads\/2021\/06\/Test-Bescheinigung-PCR-Test.pdf\">Formular &#8222;Testbescheinigung&#8220;<\/a><\/strong> aus<br \/>\n2: Tragen Sie Namen, Anschrift und Geburtsdatum Ihres Kindes ein.<br \/>\n3: Geben Sie Ihrem Kind das Formular mit in die Schule (Lerntagebuch).<br \/>\n4: Ihr Kind legt das Formular seiner Klassenleitung zur Unterschrift vor.<br \/>\n5: Ihr Kind legt das Formular Frau Hemmer im Sekretariat zum Stempeln vor.<br \/>\n6: Ihr Kind bringt das Formular wieder mit nach Hause.<\/p>\n<p>Bitte beachten Sie, dass die Ergebnisse der Testungen immer erst einen Tag sp\u00e4ter vorliegen und die Bescheinigungen daher nur eine G\u00fcltigkeit von 48 Stunden haben.<\/p>\n<p>Konkret hei\u00dft das, dass die Kinder, die am Montag und Mittwoch getestet werden (Klassen Loosen, Heimann, Katzuba, Scholand, Schmidt, Austerschmidt) eine Bescheinigung f\u00fcr Dienstag und Donnerstag erhalten k\u00f6nnen.<\/p>\n<p>Die Klassen, die am Dienstag und Donnerstag getestet werden (Klassen Elkassimi, Taufer, Dieler, Mikelat, Klippel, Kuhl) eine Bescheinigung f\u00fcr Mittwoch und Freitag erhalten k\u00f6nnen.<\/p>\n<p>Wir bitten Sie um Verst\u00e4ndnis daf\u00fcr, dass das Ausstellen der Bescheinigungen nur auf diesem Weg m\u00f6glich ist. Falls Sie Fragen haben, wenden Sie sich bitte an Ihre zust\u00e4ndige Klassenleitung. Herzlichen Dank.<\/p>\n<hr \/>\n<p><a href=\"https:\/\/www.montessori-schule-duesseldorf-sued.de\/cm\/unsere-elternbriefe\/\"><strong>Konkrete Hinweise zur jeweils aktuellen Situation finden Sie in unserem Elternbrief&#8230;<\/strong><\/a><\/p>\n<p>Die Jahre 2020 und 2021 stellen uns vor neue, bisher unbekannte Herausforderungen. Die Corona-Pandemie verlangt von uns, dass unsere schulischen Abl\u00e4ufe noch einmal neu gedacht werden m\u00fcssen. Daher bem\u00fchen wir uns, Sie \u00fcber <a href=\"http:\/\/www.montessori-schule-duesseldorf-sued.de\/cm\/unsere-elternbriefe\/\">Elternbriefe<\/a> immer auf dem Laufenden zu halten.<\/p>\n<p>Hier finden Sie nun unsere grundlegenden \u00dcberlegungen dazu:<\/p>\n<ol>\n<li>\u00a0wie wir auf <strong>die Hygiene<\/strong> in allen Bereichen der Schule achten (<strong><a href=\"https:\/\/www.montessori-schule-duesseldorf-sued.de\/cm\/wp-content\/uploads\/2020\/11\/2020-11-Hygienekonzept-im-Rahmen-der-Corona-Pandemie.pdf\">Hygienekonzept<\/a><\/strong>) und<\/li>\n<li>wie wir uns vorbereiten auf den Fall, dass wir nicht in der Schule, sondern <strong>von zuhause unterrichten und lernen<\/strong> m\u00fcssen, z.B. wenn eine Quarant\u00e4ne n\u00f6tig ist (<strong>Konzept zum<\/strong> <strong><a href=\"https:\/\/www.montessori-schule-duesseldorf-sued.de\/cm\/wp-content\/uploads\/2020\/11\/Elternbrief-Distanzlernen.pdf\">Distanzlernen<\/a><\/strong>).<\/li>\n<\/ol>\n<ul>\n<li><a href=\"http:\/\/www.montessori-schule-duesseldorf-sued.de\/cm\/wp-content\/uploads\/2020\/11\/2020-11-Hygienekonzept-im-Rahmen-der-Corona-Pandemie.pdf\"><strong>Hygienekonzept im Rahmen der Corona Pandemie<\/strong><\/a><\/li>\n<li><a href=\"http:\/\/www.montessori-schule-duesseldorf-sued.de\/cm\/wp-content\/uploads\/2020\/11\/Elternbrief-Distanzlernen.pdf\"><strong>Informationen zum Distanzlernen<\/strong><\/a><\/li>\n<\/ul>\n<p><strong><a href=\"http:\/\/www.montessori-schule-duesseldorf-sued.de\/cm\/unsere-elternbriefe\/\">Bitte beachten Sie auch unsere immer aktuellen Elternbriefe.<\/a><\/strong><\/p>\n<p>Wie immer gilt:<\/p>\n<p><strong>Haben Sie Fragen, sind Sie unsicher, haben Sie eine R\u00fcckmeldung f\u00fcr uns: Melden Sie sich gern!<\/strong><br \/>\n<strong>Gemeinsam schaffen wir auch diese Zeit, da sind wir sicher!<\/strong> <img loading=\"lazy\" decoding=\"async\" class=\"size-full wp-image-3935 alignnone\" style=\"box-shadow: none;\" src=\"http:\/\/www.montessori-schule-duesseldorf-sued.de\/cm\/wp-content\/uploads\/2020\/11\/smily.png\" alt=\"\" width=\"15\" height=\"16\" \/><\/p>\n<h2><strong>Liebe Kinder,<\/strong><\/h2>\n<p>falls ihr Euch fragt, wie Ihr Euch nun besonders in der Schule verhalten sollt: hier findet Ihr zwei Infos dazu:<\/p>\n<p><strong><a href=\"http:\/\/www.montessori-schule-duesseldorf-sued.de\/cm\/wp-content\/uploads\/2020\/05\/neue-regeln.pdf\">Unsere neuen Regeln im Haus:<\/a><\/strong><br \/>\n<img loading=\"lazy\" decoding=\"async\" class=\"size-full wp-image-3677 alignleft\" src=\"http:\/\/www.montessori-schule-duesseldorf-sued.de\/cm\/wp-content\/uploads\/2020\/05\/neueregeln.png\" alt=\"\" width=\"149\" height=\"77\" srcset=\"https:\/\/www.montessori-schule-duesseldorf-sued.de\/cm\/wp-content\/uploads\/2020\/05\/neueregeln.png 149w, https:\/\/www.montessori-schule-duesseldorf-sued.de\/cm\/wp-content\/uploads\/2020\/05\/neueregeln-24x12.png 24w, https:\/\/www.montessori-schule-duesseldorf-sued.de\/cm\/wp-content\/uploads\/2020\/05\/neueregeln-36x19.png 36w, https:\/\/www.montessori-schule-duesseldorf-sued.de\/cm\/wp-content\/uploads\/2020\/05\/neueregeln-48x25.png 48w\" sizes=\"auto, (max-width: 149px) 100vw, 149px\" \/><\/p>\n<p><br class=\"\u201cclear\u201d\" \/><br class=\"\u201cclear\u201d\" \/><br class=\"\u201cclear\u201d\" \/><a href=\"http:\/\/www.montessori-schule-duesseldorf-sued.de\/cm\/willkommen-zurueck\/\"><strong>Und ein kleiner Erkl\u00e4rfilm:<\/strong><\/a><\/p>\n<p><img loading=\"lazy\" decoding=\"async\" class=\"alignleft size-full wp-image-3627\" src=\"http:\/\/www.montessori-schule-duesseldorf-sued.de\/cm\/wp-content\/uploads\/2020\/04\/filmschule.png\" alt=\"\" width=\"166\" height=\"80\" srcset=\"https:\/\/www.montessori-schule-duesseldorf-sued.de\/cm\/wp-content\/uploads\/2020\/04\/filmschule.png 166w, https:\/\/www.montessori-schule-duesseldorf-sued.de\/cm\/wp-content\/uploads\/2020\/04\/filmschule-24x12.png 24w, https:\/\/www.montessori-schule-duesseldorf-sued.de\/cm\/wp-content\/uploads\/2020\/04\/filmschule-36x17.png 36w, https:\/\/www.montessori-schule-duesseldorf-sued.de\/cm\/wp-content\/uploads\/2020\/04\/filmschule-48x23.png 48w\" sizes=\"auto, (max-width: 166px) 100vw, 166px\" \/><\/p>\n","protected":false},"excerpt":{"rendered":"<p>Noch brauchen wir sie, unsere Corona-Infoseite Der Loli-Test Der Loli-Test: was passiert wann? Elternbrief vom 9.2.2022 Wie wird der Loli-Test durchgef\u00fchrt? Eine bebilderte Anleitung. Testbescheinigung: Wenn Sie f\u00fcr Ihr Kind eine Testbescheinigung brauchen, gehen Sie bitte wie folgt vor: 1: Drucken Sie das Formular &#8222;Testbescheinigung&#8220; aus 2: Tragen Sie Namen, Anschrift und Geburtsdatum Ihres Kindes<span>&#8230;<strong> <a style=\"color:#000000\" href=\"https:\/\/www.montessori-schule-duesseldorf-sued.de\/cm\/unsere-corona-regeln\/\">(Hier k\u00f6nnen Sie weiterlesen&#8230;)<\/a><\/strong><\/span><\/p>\n","protected":false},"author":1,"featured_media":0,"parent":0,"menu_order":0,"comment_status":"closed","ping_status":"closed","template":"","meta":{"_acf_changed":false,"footnotes":""},"class_list":["post-3860","page","type-page","status-publish","hentry"],"acf":[],"publishpress_future_action":{"enabled":false,"date":"2026-05-04 13:58:00","action":"change-status","newStatus":"draft","terms":[],"taxonomy":"","extraData":[]},"publishpress_future_workflow_manual_trigger":{"enabledWorkflows":[]},"_links":{"self":[{"href":"https:\/\/www.montessori-schule-duesseldorf-sued.de\/cm\/wp-json\/wp\/v2\/pages\/3860","targetHints":{"allow":["GET"]}}],"collection":[{"href":"https:\/\/www.montessori-schule-duesseldorf-sued.de\/cm\/wp-json\/wp\/v2\/pages"}],"about":[{"href":"https:\/\/www.montessori-schule-duesseldorf-sued.de\/cm\/wp-json\/wp\/v2\/types\/page"}],"author":[{"embeddable":true,"href":"https:\/\/www.montessori-schule-duesseldorf-sued.de\/cm\/wp-json\/wp\/v2\/users\/1"}],"replies":[{"embeddable":true,"href":"https:\/\/www.montessori-schule-duesseldorf-sued.de\/cm\/wp-json\/wp\/v2\/comments?post=3860"}],"version-history":[{"count":39,"href":"https:\/\/www.montessori-schule-duesseldorf-sued.de\/cm\/wp-json\/wp\/v2\/pages\/3860\/revisions"}],"predecessor-version":[{"id":3875,"href":"https:\/\/www.montessori-schule-duesseldorf-sued.de\/cm\/wp-json\/wp\/v2\/pages\/3860\/revisions\/3875"}],"wp:attachment":[{"href":"https:\/\/www.montessori-schule-duesseldorf-sued.de\/cm\/wp-json\/wp\/v2\/media?parent=3860"}],"curies":[{"name":"wp","href":"https:\/\/api.w.org\/{rel}","templated":true}]}}