{"id":4189,"date":"2021-02-18T10:18:52","date_gmt":"2021-02-18T09:18:52","guid":{"rendered":"http:\/\/www.montessori-schule-duesseldorf-sued.de\/cm\/?page_id=4189"},"modified":"2021-03-15T17:20:06","modified_gmt":"2021-03-15T16:20:06","slug":"wechselunterricht","status":"publish","type":"page","link":"https:\/\/www.montessori-schule-duesseldorf-sued.de\/cm\/wechselunterricht\/","title":{"rendered":"Wechselunterricht"},"content":{"rendered":"<h2>So funktioniert unser Wechselunterricht f\u00fcr Ihre Kinder<\/h2>\n<ul>\n<li><strong><a href=\"https:\/\/www.montessori-schule-duesseldorf-sued.de\/cm\/wp-content\/uploads\/2021\/02\/20200216-Elternbrief.pdf\">hier finden Sie unsere erkl\u00e4rende Einleitung als Elternbrief<\/a><\/strong><\/li>\n<li><a href=\"http:\/\/www.montessori-schule-duesseldorf-sued.de\/cm\/wp-content\/uploads\/2021\/03\/20210312Elternbrief.pdf\"><strong>kleine Erg\u00e4nzung zum Wechselunterricht (5 Stunden Freiarbeit, eine Stunde l\u00e4nger Schule)<\/strong><\/a><\/li>\n<li><\/li>\n<li><strong><a href=\"https:\/\/www.montessori-schule-duesseldorf-sued.de\/cm\/wp-content\/uploads\/2021\/02\/Wechselunterricht-ab-dem-22-2-21.pdf\">hier haben wir noch einmal alles f\u00fcr Ihre K\u00fchlschrankt\u00fcr oder Magnetwand zusammengefasst<\/a><\/strong><\/li>\n<\/ul>\n","protected":false},"excerpt":{"rendered":"<p>So funktioniert unser Wechselunterricht f\u00fcr Ihre Kinder hier finden Sie unsere erkl\u00e4rende Einleitung als Elternbrief kleine Erg\u00e4nzung zum Wechselunterricht (5 Stunden Freiarbeit, eine Stunde l\u00e4nger Schule) hier haben wir noch einmal alles f\u00fcr Ihre K\u00fchlschrankt\u00fcr oder Magnetwand zusammengefasst<\/p>\n","protected":false},"author":1,"featured_media":0,"parent":0,"menu_order":0,"comment_status":"closed","ping_status":"closed","template":"","meta":{"_acf_changed":false,"footnotes":""},"class_list":["post-4189","page","type-page","status-publish","hentry"],"acf":[],"publishpress_future_action":{"enabled":false,"date":"2026-04-13 07:41:09","action":"change-status","newStatus":"draft","terms":[],"taxonomy":"","extraData":[]},"publishpress_future_workflow_manual_trigger":{"enabledWorkflows":[]},"_links":{"self":[{"href":"https:\/\/www.montessori-schule-duesseldorf-sued.de\/cm\/wp-json\/wp\/v2\/pages\/4189","targetHints":{"allow":["GET"]}}],"collection":[{"href":"https:\/\/www.montessori-schule-duesseldorf-sued.de\/cm\/wp-json\/wp\/v2\/pages"}],"about":[{"href":"https:\/\/www.montessori-schule-duesseldorf-sued.de\/cm\/wp-json\/wp\/v2\/types\/page"}],"author":[{"embeddable":true,"href":"https:\/\/www.montessori-schule-duesseldorf-sued.de\/cm\/wp-json\/wp\/v2\/users\/1"}],"replies":[{"embeddable":true,"href":"https:\/\/www.montessori-schule-duesseldorf-sued.de\/cm\/wp-json\/wp\/v2\/comments?post=4189"}],"version-history":[{"count":8,"href":"https:\/\/www.montessori-schule-duesseldorf-sued.de\/cm\/wp-json\/wp\/v2\/pages\/4189\/revisions"}],"predecessor-version":[{"id":4220,"href":"https:\/\/www.montessori-schule-duesseldorf-sued.de\/cm\/wp-json\/wp\/v2\/pages\/4189\/revisions\/4220"}],"wp:attachment":[{"href":"https:\/\/www.montessori-schule-duesseldorf-sued.de\/cm\/wp-json\/wp\/v2\/media?parent=4189"}],"curies":[{"name":"wp","href":"https:\/\/api.w.org\/{rel}","templated":true}]}}