{"id":4370,"date":"2021-06-07T14:52:54","date_gmt":"2021-06-07T12:52:54","guid":{"rendered":"https:\/\/www.montessori-schule-duesseldorf-sued.de\/cm\/?page_id=4370"},"modified":"2022-09-20T10:03:55","modified_gmt":"2022-09-20T08:03:55","slug":"huehner","status":"publish","type":"page","link":"https:\/\/www.montessori-schule-duesseldorf-sued.de\/cm\/huehner\/","title":{"rendered":"Die H\u00fchner sind los"},"content":{"rendered":"\r\n<h2 class=\"wp-block-heading\"><strong>Die H\u00fchner sind los<\/strong><\/h2>\r\n\r\n\r\n\r\n<div class=\"wp-block-columns is-layout-flex wp-container-core-columns-is-layout-9d6595d7 wp-block-columns-is-layout-flex\">\r\n<div class=\"wp-block-column is-layout-flow wp-block-column-is-layout-flow\">\r\n<p>2020\/21 hat die Corona-Pandemie alles auf den Kopf gestellt. Schule musste auf einmal neu gedacht werden. Wir haben einen gro\u00dfen Schritt in Sachen Digitalisierung gemacht. Das ist toll. Aber wir haben auch gemerkt, dass unsere Kinder noch etwas ganz anderes brauchen. N\u00e4mlich echte Begegnungen mit Menschen, Tieren und Natur. Tiere nehmen Menschen vorurteilsfrei an. Sie haben eine besondere Wirkung auf Kinder.<\/p>\r\n<\/div>\r\n\r\n\r\n\r\n<div class=\"wp-block-column is-layout-flow wp-block-column-is-layout-flow\" style=\"flex-basis: 500px;\"><style type=\"text\/css\">.easingslider-4383 { max-width: 640px; }.easingslider-4383 .easingslider-image { max-height: 400px; max-width: 640px; }.easingslider-4383 .easingslider-fade-in, .easingslider-fade-out { -webkit-animation-duration: 400ms; -moz-animation-duration: 400ms; animation-duration: 400ms; }<\/style><script type=\"text\/javascript\">window.EasingSlider4383 = {\"width\":640,\"height\":400,\"singleItem\":true,\"items\":1,\"itemsDesktop\":false,\"itemsDesktopSmall\":false,\"itemsTablet\":false,\"itemsTabletSmall\":false,\"itemsMobile\":false,\"responsive\":true,\"lazyLoad\":true,\"autoPlay\":4000,\"slideSpeed\":400,\"navigation\":true,\"navigationText\":[\"\",\"\"],\"pagination\":false,\"autoHeight\":false,\"mouseDrag\":false,\"touchDrag\":false,\"addClassActive\":true,\"transitionStyle\":\"fade\"};<\/script><div data-id=\"4383\" class=\"easingslider easingslider-4383 easingslider-container easingslider-resizing-enabled easingslider-aspect-ratio easingslider-arrows-hover easingslider-arrows-inside\"><div class=\"easingslider-slide\"><img decoding=\"async\" src=\"https:\/\/www.montessori-schule-duesseldorf-sued.de\/cm\/wp-content\/plugins\/easing-slider\/assets\/images\/placeholder-pixel.png\" data-src=\"https:\/\/www.montessori-schule-duesseldorf-sued.de\/cm\/wp-content\/uploads\/2021\/06\/hk07-640x400.jpg\" alt=\"\" title=\"\" class=\"easingslider-image easingslider-lazy\" \/><\/div><div class=\"easingslider-slide\"><img decoding=\"async\" src=\"https:\/\/www.montessori-schule-duesseldorf-sued.de\/cm\/wp-content\/plugins\/easing-slider\/assets\/images\/placeholder-pixel.png\" data-src=\"https:\/\/www.montessori-schule-duesseldorf-sued.de\/cm\/wp-content\/uploads\/2021\/06\/hk06-640x400.jpg\" alt=\"\" title=\"\" class=\"easingslider-image easingslider-lazy\" \/><\/div><div class=\"easingslider-slide\"><img decoding=\"async\" src=\"https:\/\/www.montessori-schule-duesseldorf-sued.de\/cm\/wp-content\/plugins\/easing-slider\/assets\/images\/placeholder-pixel.png\" data-src=\"https:\/\/www.montessori-schule-duesseldorf-sued.de\/cm\/wp-content\/uploads\/2021\/06\/hk05-640x400.jpg\" alt=\"\" title=\"\" class=\"easingslider-image easingslider-lazy\" \/><\/div><div class=\"easingslider-slide\"><img decoding=\"async\" src=\"https:\/\/www.montessori-schule-duesseldorf-sued.de\/cm\/wp-content\/plugins\/easing-slider\/assets\/images\/placeholder-pixel.png\" data-src=\"https:\/\/www.montessori-schule-duesseldorf-sued.de\/cm\/wp-content\/uploads\/2021\/06\/hk04-640x400.jpg\" alt=\"\" title=\"\" class=\"easingslider-image easingslider-lazy\" \/><\/div><div class=\"easingslider-slide\"><img decoding=\"async\" src=\"https:\/\/www.montessori-schule-duesseldorf-sued.de\/cm\/wp-content\/plugins\/easing-slider\/assets\/images\/placeholder-pixel.png\" data-src=\"https:\/\/www.montessori-schule-duesseldorf-sued.de\/cm\/wp-content\/uploads\/2021\/06\/hk03-640x400.jpg\" alt=\"\" title=\"\" class=\"easingslider-image easingslider-lazy\" \/><\/div><div class=\"easingslider-slide\"><img decoding=\"async\" src=\"https:\/\/www.montessori-schule-duesseldorf-sued.de\/cm\/wp-content\/plugins\/easing-slider\/assets\/images\/placeholder-pixel.png\" data-src=\"https:\/\/www.montessori-schule-duesseldorf-sued.de\/cm\/wp-content\/uploads\/2021\/06\/hk02-640x400.jpg\" alt=\"\" title=\"\" class=\"easingslider-image easingslider-lazy\" \/><\/div><div class=\"easingslider-slide\"><img decoding=\"async\" src=\"https:\/\/www.montessori-schule-duesseldorf-sued.de\/cm\/wp-content\/plugins\/easing-slider\/assets\/images\/placeholder-pixel.png\" data-src=\"https:\/\/www.montessori-schule-duesseldorf-sued.de\/cm\/wp-content\/uploads\/2021\/06\/hk01-640x400.jpg\" alt=\"\" title=\"\" class=\"easingslider-image easingslider-lazy\" \/><\/div><\/div>\n<\/div>\r\n<\/div>\r\n\r\n\r\n\r\n<p>Wir haben uns viele Gedanken gemacht, mit vielen Leuten gesprochen und viele B\u00fccher zum Thema H\u00fchner gelesen. Wir haben alle Eltern, Kinder, Mitarbeiter:innen der Schule gefragt, ob sie mit dem Projekt H\u00fchner an der Schule einverstanden sind.<\/p>\r\n\r\n\r\n\r\n<div class=\"wp-block-image\">\r\n<figure class=\"alignright size-large is-resized\"><a href=\"https:\/\/www.montessori-schule-duesseldorf-sued.de\/cm\/wp-content\/uploads\/2021\/06\/001.jpg\"><img loading=\"lazy\" decoding=\"async\" class=\"wp-image-4391\" src=\"https:\/\/www.montessori-schule-duesseldorf-sued.de\/cm\/wp-content\/uploads\/2021\/06\/001.jpg\" alt=\"\" width=\"221\" height=\"221\" srcset=\"https:\/\/www.montessori-schule-duesseldorf-sued.de\/cm\/wp-content\/uploads\/2021\/06\/001.jpg 500w, https:\/\/www.montessori-schule-duesseldorf-sued.de\/cm\/wp-content\/uploads\/2021\/06\/001-300x300.jpg 300w, https:\/\/www.montessori-schule-duesseldorf-sued.de\/cm\/wp-content\/uploads\/2021\/06\/001-150x150.jpg 150w, https:\/\/www.montessori-schule-duesseldorf-sued.de\/cm\/wp-content\/uploads\/2021\/06\/001-24x24.jpg 24w, https:\/\/www.montessori-schule-duesseldorf-sued.de\/cm\/wp-content\/uploads\/2021\/06\/001-36x36.jpg 36w, https:\/\/www.montessori-schule-duesseldorf-sued.de\/cm\/wp-content\/uploads\/2021\/06\/001-48x48.jpg 48w\" sizes=\"auto, (max-width: 221px) 100vw, 221px\" \/><\/a><\/figure>\r\n<\/div>\r\n\r\n\r\n\r\n<p>Auch Profis, die schon l\u00e4nger H\u00fchner halten, haben uns Tipps gegeben, worauf wir besonders achten m\u00fcssen. Da gibt es eine Menge zu beachten: Wo m\u00fcssen H\u00fchner angemeldet werden? Wann werden sie geimpft? Wer k\u00fcmmert sich um die Tiere, wenn sie krank werden? Wer besorgt das Futter? Wer versorgt die Tiere am Wochenende und in den Ferien?&#8230;<\/p>\r\n\r\n\r\n\r\n<p>Wir haben das gro\u00dfe Gl\u00fcck durch Herrn Dr. Norbert Tenten von der Biologischen Station des Hauses B\u00fcrgel, einen Fachmann gefunden zu haben, der unser Herzensprojekt unterst\u00fctzt hat. Wie das Projekt verlaufen ist, kann man prima auf dieser Seite sehen: <a href=\"https:\/\/padlet.com\/mgemilbarthstr\/743j7ey6y3i2u9i0\"><strong>&#8222;Die H\u00fchner sind los&#8220;<\/strong><\/a><\/p>\r\n\r\n\r\n\r\n<p>Im Verlauf des Projektes wurden befruchtete H\u00fchnereier in einem Brutautomat in der Schule ausgebr\u00fctet. Die Kinder konnten dann das Schl\u00fcpfen der K\u00fcken und die Aufzucht der ersten Wochen live erleben.<\/p>\r\n\r\n\r\n\r\n<div class=\"wp-block-columns is-layout-flex wp-container-core-columns-is-layout-9d6595d7 wp-block-columns-is-layout-flex\">\r\n<div class=\"wp-block-column is-layout-flow wp-block-column-is-layout-flow\">\r\n<figure class=\"wp-block-video\"><video src=\"http:\/\/www.montessori-schule-duesseldorf-sued.de\/cm\/videos\/2021-05-04-erstes-kuecken.mp4\" controls=\"controls\" width=\"300\" height=\"150\"><\/video><\/figure>\r\n\r\n\r\n\r\n<p>Unser erstes K\u00fcken ist heute in der Schule geschl\u00fcpft! Willkommen bei uns!<\/p>\r\n<\/div>\r\n\r\n\r\n\r\n<div class=\"wp-block-column is-layout-flow wp-block-column-is-layout-flow\">\r\n<figure class=\"wp-block-video\"><video src=\"http:\/\/www.montessori-schule-duesseldorf-sued.de\/cm\/videos\/2021-05-04-bruder.mp4\" controls=\"controls\" width=\"300\" height=\"150\"><\/video><\/figure>\r\n\r\n\r\n\r\n<p>Und schon hat es sein erstes Geschwisterchen\u2026<\/p>\r\n<\/div>\r\n<\/div>\r\n\r\n\r\n\r\n<p>Die ersten Wochen haben die K\u00fcken im H\u00fchnerstall in der L\u00f6wenklasse von Frau Dieler verbracht.<\/p>\r\n\r\n\r\n\r\n<div class=\"wp-block-columns is-layout-flex wp-container-core-columns-is-layout-9d6595d7 wp-block-columns-is-layout-flex\">\r\n<div class=\"wp-block-column is-layout-flow wp-block-column-is-layout-flow\">\r\n<figure class=\"wp-block-video\"><video src=\"https:\/\/www.montessori-schule-duesseldorf-sued.de\/cm\/videos\/2021-05-05-waermelampe.mp4\" controls=\"controls\" width=\"300\" height=\"150\"><\/video><\/figure>\r\n\r\n\r\n\r\n<p>&nbsp;<\/p>\r\n<\/div>\r\n\r\n\r\n\r\n<div class=\"wp-block-column is-layout-flow wp-block-column-is-layout-flow\">\r\n<figure class=\"wp-block-video\"><video src=\"http:\/\/www.montessori-schule-duesseldorf-sued.de\/cm\/videos\/2021-05-08-kueckenstreu.mp4\" controls=\"controls\" width=\"300\" height=\"150\"><\/video><\/figure>\r\n\r\n\r\n\r\n<p>&nbsp;<\/p>\r\n<\/div>\r\n<\/div>\r\n\r\n\r\n\r\n<figure class=\"wp-block-image size-large\"><a href=\"http:\/\/www.montessori-schule-duesseldorf-sued.de\/cm\/wp-content\/uploads\/2021\/05\/waermepumpe.jpg\"><img loading=\"lazy\" decoding=\"async\" width=\"940\" height=\"237\" class=\"wp-image-4318\" src=\"http:\/\/www.montessori-schule-duesseldorf-sued.de\/cm\/wp-content\/uploads\/2021\/05\/waermepumpe.jpg\" alt=\"\" srcset=\"https:\/\/www.montessori-schule-duesseldorf-sued.de\/cm\/wp-content\/uploads\/2021\/05\/waermepumpe.jpg 940w, https:\/\/www.montessori-schule-duesseldorf-sued.de\/cm\/wp-content\/uploads\/2021\/05\/waermepumpe-300x76.jpg 300w, https:\/\/www.montessori-schule-duesseldorf-sued.de\/cm\/wp-content\/uploads\/2021\/05\/waermepumpe-768x194.jpg 768w, https:\/\/www.montessori-schule-duesseldorf-sued.de\/cm\/wp-content\/uploads\/2021\/05\/waermepumpe-624x157.jpg 624w, https:\/\/www.montessori-schule-duesseldorf-sued.de\/cm\/wp-content\/uploads\/2021\/05\/waermepumpe-24x6.jpg 24w, https:\/\/www.montessori-schule-duesseldorf-sued.de\/cm\/wp-content\/uploads\/2021\/05\/waermepumpe-36x9.jpg 36w, https:\/\/www.montessori-schule-duesseldorf-sued.de\/cm\/wp-content\/uploads\/2021\/05\/waermepumpe-48x12.jpg 48w\" sizes=\"auto, (max-width: 940px) 100vw, 940px\" \/><\/a><\/figure>\r\n\r\n\r\n\r\n<p>Dann durften die H\u00fchner in ihren neuen, gro\u00dfen Stall im Innenhof umziehen. Dort k\u00f6nnen sie prima spazieren gehen, sich sonnen, im Gras nach Leckereien scharren und picken wie H\u00fchner das so tun.<\/p>\r\n\r\n\r\n\r\n<div class=\"wp-block-columns is-layout-flex wp-container-core-columns-is-layout-9d6595d7 wp-block-columns-is-layout-flex\">\r\n<div class=\"wp-block-column is-layout-flow wp-block-column-is-layout-flow\" style=\"flex-basis: 500px;\"><style type=\"text\/css\">.easingslider-4405 { max-width: 640px; }.easingslider-4405 .easingslider-image { max-height: 400px; max-width: 640px; }.easingslider-4405 .easingslider-fade-in, .easingslider-fade-out { -webkit-animation-duration: 400ms; -moz-animation-duration: 400ms; animation-duration: 400ms; }<\/style><script type=\"text\/javascript\">window.EasingSlider4405 = {\"width\":640,\"height\":400,\"singleItem\":true,\"items\":1,\"itemsDesktop\":false,\"itemsDesktopSmall\":false,\"itemsTablet\":false,\"itemsTabletSmall\":false,\"itemsMobile\":false,\"responsive\":true,\"lazyLoad\":true,\"autoPlay\":4000,\"slideSpeed\":400,\"navigation\":true,\"navigationText\":[\"\",\"\"],\"pagination\":true,\"autoHeight\":false,\"mouseDrag\":false,\"touchDrag\":false,\"addClassActive\":true,\"transitionStyle\":\"fade\"};<\/script><div data-id=\"4405\" class=\"easingslider easingslider-4405 easingslider-container easingslider-resizing-enabled easingslider-aspect-ratio easingslider-arrows-hover easingslider-arrows-inside easingslider-pagination-hover easingslider-pagination-inside easingslider-pagination-bottom-center\"><div class=\"easingslider-slide\"><img decoding=\"async\" src=\"https:\/\/www.montessori-schule-duesseldorf-sued.de\/cm\/wp-content\/plugins\/easing-slider\/assets\/images\/placeholder-pixel.png\" data-src=\"https:\/\/www.montessori-schule-duesseldorf-sued.de\/cm\/wp-content\/uploads\/2021\/06\/hs08-640x400.jpg\" alt=\"\" title=\"\" class=\"easingslider-image easingslider-lazy\" \/><\/div><div class=\"easingslider-slide\"><img decoding=\"async\" src=\"https:\/\/www.montessori-schule-duesseldorf-sued.de\/cm\/wp-content\/plugins\/easing-slider\/assets\/images\/placeholder-pixel.png\" data-src=\"https:\/\/www.montessori-schule-duesseldorf-sued.de\/cm\/wp-content\/uploads\/2021\/06\/hs07-640x400.jpg\" alt=\"\" title=\"\" class=\"easingslider-image easingslider-lazy\" \/><\/div><div class=\"easingslider-slide\"><img decoding=\"async\" src=\"https:\/\/www.montessori-schule-duesseldorf-sued.de\/cm\/wp-content\/plugins\/easing-slider\/assets\/images\/placeholder-pixel.png\" data-src=\"https:\/\/www.montessori-schule-duesseldorf-sued.de\/cm\/wp-content\/uploads\/2021\/06\/hs06-640x400.jpg\" alt=\"\" title=\"\" class=\"easingslider-image easingslider-lazy\" \/><\/div><div class=\"easingslider-slide\"><img decoding=\"async\" src=\"https:\/\/www.montessori-schule-duesseldorf-sued.de\/cm\/wp-content\/plugins\/easing-slider\/assets\/images\/placeholder-pixel.png\" data-src=\"https:\/\/www.montessori-schule-duesseldorf-sued.de\/cm\/wp-content\/uploads\/2021\/06\/hs05-640x400.jpg\" alt=\"\" title=\"\" class=\"easingslider-image easingslider-lazy\" \/><\/div><div class=\"easingslider-slide\"><img decoding=\"async\" src=\"https:\/\/www.montessori-schule-duesseldorf-sued.de\/cm\/wp-content\/plugins\/easing-slider\/assets\/images\/placeholder-pixel.png\" data-src=\"https:\/\/www.montessori-schule-duesseldorf-sued.de\/cm\/wp-content\/uploads\/2021\/06\/hs04-scaled-640x400.jpg\" alt=\"\" title=\"\" class=\"easingslider-image easingslider-lazy\" \/><\/div><div class=\"easingslider-slide\"><img decoding=\"async\" src=\"https:\/\/www.montessori-schule-duesseldorf-sued.de\/cm\/wp-content\/plugins\/easing-slider\/assets\/images\/placeholder-pixel.png\" data-src=\"https:\/\/www.montessori-schule-duesseldorf-sued.de\/cm\/wp-content\/uploads\/2021\/06\/hs03-640x400.jpg\" alt=\"\" title=\"\" class=\"easingslider-image easingslider-lazy\" \/><\/div><div class=\"easingslider-slide\"><img decoding=\"async\" src=\"https:\/\/www.montessori-schule-duesseldorf-sued.de\/cm\/wp-content\/plugins\/easing-slider\/assets\/images\/placeholder-pixel.png\" data-src=\"https:\/\/www.montessori-schule-duesseldorf-sued.de\/cm\/wp-content\/uploads\/2021\/06\/hs02-640x400.jpg\" alt=\"\" title=\"\" class=\"easingslider-image easingslider-lazy\" \/><\/div><div class=\"easingslider-slide\"><img decoding=\"async\" src=\"https:\/\/www.montessori-schule-duesseldorf-sued.de\/cm\/wp-content\/plugins\/easing-slider\/assets\/images\/placeholder-pixel.png\" data-src=\"https:\/\/www.montessori-schule-duesseldorf-sued.de\/cm\/wp-content\/uploads\/2021\/06\/hs01-640x400.jpg\" alt=\"\" title=\"\" class=\"easingslider-image easingslider-lazy\" \/><\/div><\/div>\n<\/div>\r\n\r\n\r\n\r\n<div class=\"wp-block-column is-layout-flow wp-block-column-is-layout-flow\">\r\n<p>Wochenlang haben unser Sportlehrer Herr Kazem und unser Hausmeister Herr Bruzi an dem super Luxus-H\u00fchnerhaus gebaut. Viele Wagenladungen Holz haben sie aus dem Baumarkt verarbeitet, Fenster eingebaut, eine automatische H\u00fchnert\u00fcr, die morgens auf und abends wieder zugeht eingesetzt und sogar eine Beleuchtung angebracht.<\/p>\r\n<\/div>\r\n<\/div>\r\n\r\n\r\n\r\n<p>Dann durften die H\u00fchner in ihren neuen, gro\u00dfen Stall im Innenhof umziehen. Dort k\u00f6nnen sie prima spazieren gehen, sich sonnen, im Gras nach Leckereien scharren und picken wie H\u00fchner das so tun.<\/p>\r\n\r\n\r\n\r\n<figure class=\"wp-block-image size-large\"><a href=\"https:\/\/www.montessori-schule-duesseldorf-sued.de\/cm\/wp-content\/uploads\/2021\/06\/002.jpg\"><img loading=\"lazy\" decoding=\"async\" width=\"896\" height=\"268\" class=\"wp-image-4412\" src=\"https:\/\/www.montessori-schule-duesseldorf-sued.de\/cm\/wp-content\/uploads\/2021\/06\/002.jpg\" alt=\"\" srcset=\"https:\/\/www.montessori-schule-duesseldorf-sued.de\/cm\/wp-content\/uploads\/2021\/06\/002.jpg 896w, https:\/\/www.montessori-schule-duesseldorf-sued.de\/cm\/wp-content\/uploads\/2021\/06\/002-300x90.jpg 300w, https:\/\/www.montessori-schule-duesseldorf-sued.de\/cm\/wp-content\/uploads\/2021\/06\/002-768x230.jpg 768w, https:\/\/www.montessori-schule-duesseldorf-sued.de\/cm\/wp-content\/uploads\/2021\/06\/002-624x187.jpg 624w, https:\/\/www.montessori-schule-duesseldorf-sued.de\/cm\/wp-content\/uploads\/2021\/06\/002-24x7.jpg 24w, https:\/\/www.montessori-schule-duesseldorf-sued.de\/cm\/wp-content\/uploads\/2021\/06\/002-36x11.jpg 36w, https:\/\/www.montessori-schule-duesseldorf-sued.de\/cm\/wp-content\/uploads\/2021\/06\/002-48x14.jpg 48w\" sizes=\"auto, (max-width: 896px) 100vw, 896px\" \/><\/a><\/figure>\r\n\r\n\r\n\r\n\r\n\r\n<p><img loading=\"lazy\" decoding=\"async\" class=\"size-full wp-image-5534 alignright\" src=\"http:\/\/www.montessori-schule-duesseldorf-sued.de\/cm\/wp-content\/uploads\/2022\/09\/ruehrei.jpg\" alt=\"\" width=\"283\" height=\"310\" srcset=\"https:\/\/www.montessori-schule-duesseldorf-sued.de\/cm\/wp-content\/uploads\/2022\/09\/ruehrei.jpg 283w, https:\/\/www.montessori-schule-duesseldorf-sued.de\/cm\/wp-content\/uploads\/2022\/09\/ruehrei-274x300.jpg 274w, https:\/\/www.montessori-schule-duesseldorf-sued.de\/cm\/wp-content\/uploads\/2022\/09\/ruehrei-22x24.jpg 22w, https:\/\/www.montessori-schule-duesseldorf-sued.de\/cm\/wp-content\/uploads\/2022\/09\/ruehrei-33x36.jpg 33w, https:\/\/www.montessori-schule-duesseldorf-sued.de\/cm\/wp-content\/uploads\/2022\/09\/ruehrei-44x48.jpg 44w\" sizes=\"auto, (max-width: 283px) 100vw, 283px\" \/>Jetzt ist jeder Woche eine andere Gruppe f\u00fcr die Versorgung der H\u00fchner zust\u00e4ndig. Dazu gibt es genaue Anleitungen, damit jeder wei\u00df, was zu tun ist. Einmal f\u00fcr <a href=\"http:\/\/www.montessori-schule-duesseldorf-sued.de\/cm\/wp-content\/uploads\/2021\/06\/Huehnerplan-01.pdf\"><strong>die F\u00fctterung<\/strong> <\/a>und einmal f\u00fcr <strong><a href=\"http:\/\/www.montessori-schule-duesseldorf-sued.de\/cm\/wp-content\/uploads\/2021\/06\/Huehnerplan-02.pdf\">das S\u00e4ubern des Stalles<\/a>.<\/strong><\/p>\r\n\r\n\r\n\r\n<p>Mittlerweile sind wir richtige H\u00fchnerexpert:innen. Die H\u00fchner sind sehr zahm. Sie laufen den Kindern hinterher, fressen aus der Hand und freuen sich \u00fcber Gesellschaft. Wenn wir die Eier der Woche eingesammelt haben, k\u00f6nnen wir am Ende sogar R\u00fchrei f\u00fcr alle daraus machen. Sooo lecker!<\/p>\r\n\r\n\r\n\r\n<p><img loading=\"lazy\" decoding=\"async\" class=\"aligncenter size-full wp-image-5481\" src=\"http:\/\/www.montessori-schule-duesseldorf-sued.de\/cm\/wp-content\/uploads\/2022\/09\/huehner.jpg\" alt=\"\" width=\"849\" height=\"684\" srcset=\"https:\/\/www.montessori-schule-duesseldorf-sued.de\/cm\/wp-content\/uploads\/2022\/09\/huehner.jpg 849w, https:\/\/www.montessori-schule-duesseldorf-sued.de\/cm\/wp-content\/uploads\/2022\/09\/huehner-300x242.jpg 300w, https:\/\/www.montessori-schule-duesseldorf-sued.de\/cm\/wp-content\/uploads\/2022\/09\/huehner-768x619.jpg 768w, https:\/\/www.montessori-schule-duesseldorf-sued.de\/cm\/wp-content\/uploads\/2022\/09\/huehner-624x503.jpg 624w, https:\/\/www.montessori-schule-duesseldorf-sued.de\/cm\/wp-content\/uploads\/2022\/09\/huehner-24x19.jpg 24w, https:\/\/www.montessori-schule-duesseldorf-sued.de\/cm\/wp-content\/uploads\/2022\/09\/huehner-36x29.jpg 36w, https:\/\/www.montessori-schule-duesseldorf-sued.de\/cm\/wp-content\/uploads\/2022\/09\/huehner-48x39.jpg 48w\" sizes=\"auto, (max-width: 849px) 100vw, 849px\" \/><\/p>\r\n<hr class=\"wp-block-separator is-style-wide\" \/>\r\n\r\n\r\n<div class=\"wp-block-group has-light-gray-background-color has-background\"><div class=\"wp-block-group__inner-container is-layout-flow wp-block-group-is-layout-flow\">\r\n<p><strong>Und weil dies eine gute Frage ist, am Schluss noch: warum ausgerechnet H\u00fchner?<\/strong><\/p>\r\n\r\n\r\n\r\n<div class=\"wp-block-image\">\r\n<figure class=\"alignright size-large\"><a href=\"http:\/\/www.montessori-schule-duesseldorf-sued.de\/cm\/wp-content\/uploads\/2021\/06\/01-fre.png\"><img loading=\"lazy\" decoding=\"async\" width=\"308\" height=\"324\" class=\"wp-image-4420\" src=\"http:\/\/www.montessori-schule-duesseldorf-sued.de\/cm\/wp-content\/uploads\/2021\/06\/01-fre.png\" alt=\"\" srcset=\"https:\/\/www.montessori-schule-duesseldorf-sued.de\/cm\/wp-content\/uploads\/2021\/06\/01-fre.png 308w, https:\/\/www.montessori-schule-duesseldorf-sued.de\/cm\/wp-content\/uploads\/2021\/06\/01-fre-285x300.png 285w, https:\/\/www.montessori-schule-duesseldorf-sued.de\/cm\/wp-content\/uploads\/2021\/06\/01-fre-24x24.png 24w, https:\/\/www.montessori-schule-duesseldorf-sued.de\/cm\/wp-content\/uploads\/2021\/06\/01-fre-34x36.png 34w, https:\/\/www.montessori-schule-duesseldorf-sued.de\/cm\/wp-content\/uploads\/2021\/06\/01-fre-46x48.png 46w\" sizes=\"auto, (max-width: 308px) 100vw, 308px\" \/><\/a><\/figure>\r\n<\/div>\r\n\r\n\r\n\r\n<ul class=\"has-light-gray-background-color has-background wp-block-list\">\r\n<li><strong>Steigerung des Verantwortungsbewusstseins<\/strong><br \/>Ich muss mich an den verabredeten F\u00fctterungs- und Reinigungsplan halten, sonst geht es den Tieren nicht gut. Daf\u00fcr bin ich f\u00fcr einen festen Zeitraum verantwortlich.<\/li>\r\n<li><strong>St\u00e4rkung des Selbstwertgef\u00fchls<\/strong><br \/>Tiere gehen unvoreingenommen auf Kinder zu. Ihre Zuneigung tut den Kindern gut. Das ist v\u00f6llig unabh\u00e4ngig davon wie gut ich Mathe oder lesen kann.<\/li>\r\n<li><strong>Achtsamkeit \u00fcben<\/strong><br \/>Vorsichtiger Umgang mit H\u00fchnern und Eiern ist n\u00f6tig, damit die Tiere nicht aufgeregt herumflattern, sich verletzen<\/li>\r\n<li><strong>F\u00f6rderung des Sozialverhaltens &amp; Einhaltung von Regeln<\/strong><br \/>Vorsichtiger Umgang mit den Tieren ist zwingend notwendig, um dem Tier nicht zu schaden. Es gibt feste Regeln f\u00fcr den Tierkontakt, die von allen Kindern eingehalten werden m\u00fcssen. Die Lehrkraft kontrolliert dies und schlie\u00dft Kinder, denen das nicht gelingt, vor\u00fcbergehend vom Kontakt aus. Aber auch Geduld, bis sich das Huhn einmal n\u00e4hert, Konzentrationsf\u00e4higkeit auf die Abl\u00e4ufe der F\u00fctterung und Reinigung oder bei der Beobachtung werden geschult.<\/li>\r\n<li><strong>F\u00f6rderung motorischer F\u00e4higkeiten<\/strong><br \/>Vorsichtige Handhabung\/Kontaktaufnahme mit dem Tier, Koordination der Motorik n\u00f6tig, z.B. durch ruhige Bewegungen. \u00dcbungen des t\u00e4glichen Lebens beim Schneiden des Futters, Sp\u00fclen der Schalen oder Putzen des Stalls.<\/li>\r\n<li><strong>Zulassen von K\u00f6rpern\u00e4he<\/strong><br \/>Durch direkten K\u00f6rperkontakt zu den Tieren entsteht ein angenehmes Gef\u00fchl der Geborgenheit.<\/li>\r\n<li><strong>Unterst\u00fctzung kognitiver F\u00e4higkeiten<\/strong><br \/>Notwendiges Wissen \u00fcber die Tiere vermitteln, mit Gl\u00fcck intrinsisch motiviert, da die Kinder besonderes Interesse an den Tieren haben.<\/li>\r\n<li><strong>Verbesserung des Gruppenklimas<\/strong><br \/>Gruppendynamik einer Klasse wird durch die gemeinsame Aufgabe, die Tiere zu versorgen, positiv beeinflusst.<\/li>\r\n<li><strong>F\u00f6rderung des Umweltbewusstseins<\/strong><br \/>Der direkte Kontakt mit Tieren entwickelt bei den Kindern auch einen verantwortungsvollen Umgang mit der Umwelt. Es schafft Respekt vor den Tieren und schafft eine Grundlage f\u00fcr emotionale Verbindung mit ihnen. Wer einmal erlebt hat, wie sich das Huhn mit dem Legen eines Eis abm\u00fcht und gef\u00fchlt hat, wie das noch warme Ei in der Hand liegt, der wird ein solches Ei sch\u00e4tzen und auch H\u00fchner als ein Nutztier mit anderen Augen sehen.<\/li>\r\n<\/ul>\r\n<\/div><\/div>\r\n","protected":false},"excerpt":{"rendered":"<p>Die H\u00fchner sind los 2020\/21 hat die Corona-Pandemie alles auf den Kopf gestellt. Schule musste auf einmal neu gedacht werden. Wir haben einen gro\u00dfen Schritt in Sachen Digitalisierung gemacht. Das ist toll. Aber wir haben auch gemerkt, dass unsere Kinder noch etwas ganz anderes brauchen. N\u00e4mlich echte Begegnungen mit Menschen, Tieren und Natur. Tiere nehmen<span>&#8230;<strong> <a style=\"color:#000000\" href=\"https:\/\/www.montessori-schule-duesseldorf-sued.de\/cm\/huehner\/\">(Hier k\u00f6nnen Sie weiterlesen&#8230;)<\/a><\/strong><\/span><\/p>\n","protected":false},"author":1,"featured_media":0,"parent":0,"menu_order":0,"comment_status":"closed","ping_status":"closed","template":"","meta":{"_acf_changed":false,"footnotes":""},"class_list":["post-4370","page","type-page","status-publish","hentry"],"acf":[],"publishpress_future_action":{"enabled":false,"date":"2026-05-11 02:57:37","action":"change-status","newStatus":"draft","terms":[],"taxonomy":"","extraData":[]},"publishpress_future_workflow_manual_trigger":{"enabledWorkflows":[]},"_links":{"self":[{"href":"https:\/\/www.montessori-schule-duesseldorf-sued.de\/cm\/wp-json\/wp\/v2\/pages\/4370","targetHints":{"allow":["GET"]}}],"collection":[{"href":"https:\/\/www.montessori-schule-duesseldorf-sued.de\/cm\/wp-json\/wp\/v2\/pages"}],"about":[{"href":"https:\/\/www.montessori-schule-duesseldorf-sued.de\/cm\/wp-json\/wp\/v2\/types\/page"}],"author":[{"embeddable":true,"href":"https:\/\/www.montessori-schule-duesseldorf-sued.de\/cm\/wp-json\/wp\/v2\/users\/1"}],"replies":[{"embeddable":true,"href":"https:\/\/www.montessori-schule-duesseldorf-sued.de\/cm\/wp-json\/wp\/v2\/comments?post=4370"}],"version-history":[{"count":35,"href":"https:\/\/www.montessori-schule-duesseldorf-sued.de\/cm\/wp-json\/wp\/v2\/pages\/4370\/revisions"}],"predecessor-version":[{"id":5535,"href":"https:\/\/www.montessori-schule-duesseldorf-sued.de\/cm\/wp-json\/wp\/v2\/pages\/4370\/revisions\/5535"}],"wp:attachment":[{"href":"https:\/\/www.montessori-schule-duesseldorf-sued.de\/cm\/wp-json\/wp\/v2\/media?parent=4370"}],"curies":[{"name":"wp","href":"https:\/\/api.w.org\/{rel}","templated":true}]}}