{"id":5246,"date":"2022-06-02T13:07:12","date_gmt":"2022-06-02T11:07:12","guid":{"rendered":"https:\/\/www.montessori-schule-duesseldorf-sued.de\/cm\/?page_id=5246"},"modified":"2026-04-14T09:37:17","modified_gmt":"2026-04-14T07:37:17","slug":"so-ein-zirkus","status":"publish","type":"page","link":"https:\/\/www.montessori-schule-duesseldorf-sued.de\/cm\/so-ein-zirkus\/","title":{"rendered":"So ein Zirkus!"},"content":{"rendered":"\n<h1 class=\"wp-block-heading\">So ein Zirkus!<\/h1>\n\n\n\n<p>Wenn Kinder vor Begeisterung schreien und klatschen, weil die Lehrer:innen ihnen eine Zirkusshow pr\u00e4sentieren, wenn Kinder, die sich sonst eher um jede Pr\u00e4sentation vor der Klasse dr\u00fccken, in der Manege vor 160 Kindern stolz ihre neu erlernten Tricks zeigen, wenn Kinder voller Selbstbewusstsein sagen: \u201eIch kann das schon allein.\u201c und \u201eSchau, was ich gelernt habe.\u201c, wenn Kinder vor kreativen Ideen f\u00fcr ihre Auff\u00fchrung nur so spr\u00fchen, wenn es auf dem Au\u00dfengel\u00e4nde \u00fcberall voller fr\u00f6hlicher kleiner und gro\u00dfer Menschen wimmelt, die proben und lachen, <strong>dann ist der Zirkusgeist da!<\/strong><\/p>\n\n\n\n<figure class=\"wp-block-video\"><video controls poster=\"http:\/\/www.montessori-schule-duesseldorf-sued.de\/cm\/wp-content\/uploads\/2026\/04\/2026-Zirkus-Teaser-Film.jpg\" src=\"https:\/\/www.montessori-schule-duesseldorf-sued.de\/cm\/videos\/ZIRKUS-2022-Trailer.mp4\"><\/video><\/figure>\n\n\n\n<p class=\"has-small-font-size\"><\/p>\n\n\n\n<p>Schauen Sie in diesem Teaser-Film, wie zum wiederholten mal unter tatkr\u00e4ftiger Hilfe unserer Eltern ein wirklich nicht gerade kleines Zelt auf unserem Schulhof aufgebaut wird.<\/p>\n\n\n<div class=\"wp-block-image\">\n<figure class=\"alignright size-full is-resized\"><a href=\"https:\/\/www.montessori-schule-duesseldorf-sued.de\/cm\/wp-content\/uploads\/2022\/06\/P5041994.jpg\"><img loading=\"lazy\" decoding=\"async\" width=\"526\" height=\"351\" src=\"https:\/\/www.montessori-schule-duesseldorf-sued.de\/cm\/wp-content\/uploads\/2022\/06\/P5041994.jpg\" alt=\"\" class=\"wp-image-5254\" style=\"width:340px;height:227px\" srcset=\"https:\/\/www.montessori-schule-duesseldorf-sued.de\/cm\/wp-content\/uploads\/2022\/06\/P5041994.jpg 526w, https:\/\/www.montessori-schule-duesseldorf-sued.de\/cm\/wp-content\/uploads\/2022\/06\/P5041994-300x200.jpg 300w, https:\/\/www.montessori-schule-duesseldorf-sued.de\/cm\/wp-content\/uploads\/2022\/06\/P5041994-24x16.jpg 24w, https:\/\/www.montessori-schule-duesseldorf-sued.de\/cm\/wp-content\/uploads\/2022\/06\/P5041994-36x24.jpg 36w, https:\/\/www.montessori-schule-duesseldorf-sued.de\/cm\/wp-content\/uploads\/2022\/06\/P5041994-48x32.jpg 48w\" sizes=\"auto, (max-width: 526px) 100vw, 526px\" \/><\/a><\/figure>\n<\/div>\n\n\n<p>Schon im Vorfeld hatten wir allen Nachbarn mitgeteilt: <\/p>\n\n\n\n<p class=\"has-text-color has-medium-font-size\" style=\"color:#137540\"><strong>DER ZIRKUS KOMMT!<\/strong><\/p>\n\n\n\n<p>Und zwar, um genau zu sein, unser Zirkus. Denn der Zirkus &#8222;<strong>Zappzarap<\/strong>&#8220; ist mehr als ein Mitmachzirkus. Dieser Zirkus ist etwas sehr besonderes f\u00fcr uns alle. Hier bieten uns keine Zirkusleute eine fix und fertige Auff\u00fchrung. Die ganze Zirkus-Show wird eine Woche unter fachkundiger Anleitung von allen Kindern  vorbereitet und ein ge\u00fcbt. <\/p>\n\n\n\n<h2 class=\"wp-block-heading\">Entdecken, sich trauen, ausprobieren&#8230;<\/h2>\n\n\n\n<figure class=\"wp-block-image size-full\"><a href=\"https:\/\/www.montessori-schule-duesseldorf-sued.de\/cm\/wp-content\/uploads\/2022\/06\/0002.jpg\"><img loading=\"lazy\" decoding=\"async\" width=\"927\" height=\"259\" src=\"https:\/\/www.montessori-schule-duesseldorf-sued.de\/cm\/wp-content\/uploads\/2022\/06\/0002.jpg\" alt=\"\" class=\"wp-image-5260\" srcset=\"https:\/\/www.montessori-schule-duesseldorf-sued.de\/cm\/wp-content\/uploads\/2022\/06\/0002.jpg 927w, https:\/\/www.montessori-schule-duesseldorf-sued.de\/cm\/wp-content\/uploads\/2022\/06\/0002-300x84.jpg 300w, https:\/\/www.montessori-schule-duesseldorf-sued.de\/cm\/wp-content\/uploads\/2022\/06\/0002-768x215.jpg 768w, https:\/\/www.montessori-schule-duesseldorf-sued.de\/cm\/wp-content\/uploads\/2022\/06\/0002-624x174.jpg 624w, https:\/\/www.montessori-schule-duesseldorf-sued.de\/cm\/wp-content\/uploads\/2022\/06\/0002-24x7.jpg 24w, https:\/\/www.montessori-schule-duesseldorf-sued.de\/cm\/wp-content\/uploads\/2022\/06\/0002-36x10.jpg 36w, https:\/\/www.montessori-schule-duesseldorf-sued.de\/cm\/wp-content\/uploads\/2022\/06\/0002-48x13.jpg 48w\" sizes=\"auto, (max-width: 927px) 100vw, 927px\" \/><\/a><\/figure>\n\n\n<div class=\"wp-block-image\">\n<figure class=\"aligncenter size-full\"><a href=\"https:\/\/www.montessori-schule-duesseldorf-sued.de\/cm\/wp-content\/uploads\/2022\/06\/0001.jpg\"><img loading=\"lazy\" decoding=\"async\" width=\"857\" height=\"614\" src=\"https:\/\/www.montessori-schule-duesseldorf-sued.de\/cm\/wp-content\/uploads\/2022\/06\/0001.jpg\" alt=\"\" class=\"wp-image-5261\" srcset=\"https:\/\/www.montessori-schule-duesseldorf-sued.de\/cm\/wp-content\/uploads\/2022\/06\/0001.jpg 857w, https:\/\/www.montessori-schule-duesseldorf-sued.de\/cm\/wp-content\/uploads\/2022\/06\/0001-300x215.jpg 300w, https:\/\/www.montessori-schule-duesseldorf-sued.de\/cm\/wp-content\/uploads\/2022\/06\/0001-768x550.jpg 768w, https:\/\/www.montessori-schule-duesseldorf-sued.de\/cm\/wp-content\/uploads\/2022\/06\/0001-624x447.jpg 624w, https:\/\/www.montessori-schule-duesseldorf-sued.de\/cm\/wp-content\/uploads\/2022\/06\/0001-24x17.jpg 24w, https:\/\/www.montessori-schule-duesseldorf-sued.de\/cm\/wp-content\/uploads\/2022\/06\/0001-36x26.jpg 36w, https:\/\/www.montessori-schule-duesseldorf-sued.de\/cm\/wp-content\/uploads\/2022\/06\/0001-48x34.jpg 48w\" sizes=\"auto, (max-width: 857px) 100vw, 857px\" \/><\/a><\/figure>\n<\/div>\n\n\n<figure class=\"wp-block-image size-full\"><a href=\"https:\/\/www.montessori-schule-duesseldorf-sued.de\/cm\/wp-content\/uploads\/2022\/06\/0003.jpg\"><img loading=\"lazy\" decoding=\"async\" width=\"916\" height=\"243\" src=\"https:\/\/www.montessori-schule-duesseldorf-sued.de\/cm\/wp-content\/uploads\/2022\/06\/0003.jpg\" alt=\"\" class=\"wp-image-5263\" srcset=\"https:\/\/www.montessori-schule-duesseldorf-sued.de\/cm\/wp-content\/uploads\/2022\/06\/0003.jpg 916w, https:\/\/www.montessori-schule-duesseldorf-sued.de\/cm\/wp-content\/uploads\/2022\/06\/0003-300x80.jpg 300w, https:\/\/www.montessori-schule-duesseldorf-sued.de\/cm\/wp-content\/uploads\/2022\/06\/0003-768x204.jpg 768w, https:\/\/www.montessori-schule-duesseldorf-sued.de\/cm\/wp-content\/uploads\/2022\/06\/0003-624x166.jpg 624w, https:\/\/www.montessori-schule-duesseldorf-sued.de\/cm\/wp-content\/uploads\/2022\/06\/0003-24x6.jpg 24w, https:\/\/www.montessori-schule-duesseldorf-sued.de\/cm\/wp-content\/uploads\/2022\/06\/0003-36x10.jpg 36w, https:\/\/www.montessori-schule-duesseldorf-sued.de\/cm\/wp-content\/uploads\/2022\/06\/0003-48x13.jpg 48w\" sizes=\"auto, (max-width: 916px) 100vw, 916px\" \/><\/a><\/figure>\n\n\n\n<h2 class=\"wp-block-heading\">Kannst Du nicht war gestern!<\/h2>\n\n\n\n<p>So lautet das Motto des Zirkus ZappZarap. Denn f\u00fcr jedes Kind war etwas dabei. Jedes Kind konnte in Ruhe aussuchen und ausprobieren. Ob Seiltanz, Zaubern, bei den Clowns, beim Feuerspucken oder hoch hinaus am Trapez. Immer war eine helfende Hand da, immer jemand, der Mut machte. Und schon nach wenigen Tagen \u00fcberfl\u00fcgelten unsere Sch\u00fcler:innen uns Erwachsenen in allen Disziplinen.<\/p>\n\n\n\n<h2 class=\"wp-block-heading\">Manege frei!<\/h2>\n\n\n\n<p>Was f\u00fcr eine Woche. Aber dann der H\u00f6hepunkt f\u00fcr jedes Kind und nat\u00fcrlich f\u00fcr alle Eltern! Die Auff\u00fchrungen. Vier mal hie\u00df es nun: Manege frei f\u00fcr die Zirkusleute, Manege frei f\u00fcr unsere Sch\u00fcler:innen!<\/p>\n\n\n\n\n\n\n<p class=\"has-small-font-size\"><em>(Alle unsere Fotos finden unsere Eltern im Passwort gesch\u00fctzten <a href=\"https:\/\/www.montessori-schule-duesseldorf-sued.de\/fotos\/index.php\">Fotobereich<\/a>. Die Zugangsdaten k\u00f6nnen von unseren Eltern in der Schule erfragt werden. Den Zugang zu den Filmen k\u00f6nnen die Eltern nat\u00fcrlich ebenfalls bei uns erfahren.)<\/em><\/p>\n\n\n\n<h2 class=\"wp-block-heading\">Und dann?<\/h2>\n\n\n<div class=\"wp-block-image\">\n<figure class=\"alignright size-full is-resized\"><a href=\"https:\/\/www.montessori-schule-duesseldorf-sued.de\/cm\/wp-content\/uploads\/2022\/06\/000.jpg\"><img loading=\"lazy\" decoding=\"async\" width=\"230\" height=\"154\" src=\"https:\/\/www.montessori-schule-duesseldorf-sued.de\/cm\/wp-content\/uploads\/2022\/06\/000.jpg\" alt=\"\" class=\"wp-image-5284\" style=\"width:166px;height:111px\" srcset=\"https:\/\/www.montessori-schule-duesseldorf-sued.de\/cm\/wp-content\/uploads\/2022\/06\/000.jpg 230w, https:\/\/www.montessori-schule-duesseldorf-sued.de\/cm\/wp-content\/uploads\/2022\/06\/000-24x16.jpg 24w, https:\/\/www.montessori-schule-duesseldorf-sued.de\/cm\/wp-content\/uploads\/2022\/06\/000-36x24.jpg 36w, https:\/\/www.montessori-schule-duesseldorf-sued.de\/cm\/wp-content\/uploads\/2022\/06\/000-48x32.jpg 48w\" sizes=\"auto, (max-width: 230px) 100vw, 230px\" \/><\/a><\/figure>\n<\/div>\n\n\n<p>Nun, wir wissen nicht wirklich, wer stolzer am Ende war. Die Kinder oder die Eltern. Aber ein kleines Geheimnis darf ich hier am Ende verraten. Irgend jemand hat am Ende, nachdem alles wieder abgebaut war, an den Stellen, wo wir die Verankerungen f\u00fcr das Zelt setzten, eine Markierung auf den Hof gemalt. F\u00fcr das n\u00e4chste mal?<\/p>\n","protected":false},"excerpt":{"rendered":"<p>So ein Zirkus! Wenn Kinder vor Begeisterung schreien und klatschen, weil die Lehrer:innen ihnen eine Zirkusshow pr\u00e4sentieren, wenn Kinder, die sich sonst eher um jede Pr\u00e4sentation vor der Klasse dr\u00fccken, in der Manege vor 160 Kindern stolz ihre neu erlernten Tricks zeigen, wenn Kinder voller Selbstbewusstsein sagen: \u201eIch kann das schon allein.\u201c und \u201eSchau, was<span>&#8230;<strong> <a style=\"color:#000000\" href=\"https:\/\/www.montessori-schule-duesseldorf-sued.de\/cm\/so-ein-zirkus\/\">(Hier k\u00f6nnen Sie weiterlesen&#8230;)<\/a><\/strong><\/span><\/p>\n","protected":false},"author":1,"featured_media":0,"parent":0,"menu_order":0,"comment_status":"closed","ping_status":"closed","template":"","meta":{"_acf_changed":false,"footnotes":""},"class_list":["post-5246","page","type-page","status-publish","hentry"],"acf":[],"publishpress_future_action":{"enabled":false,"date":"2026-04-21 13:15:47","action":"change-status","newStatus":"draft","terms":[],"taxonomy":"","extraData":[]},"publishpress_future_workflow_manual_trigger":{"enabledWorkflows":[]},"_links":{"self":[{"href":"https:\/\/www.montessori-schule-duesseldorf-sued.de\/cm\/wp-json\/wp\/v2\/pages\/5246","targetHints":{"allow":["GET"]}}],"collection":[{"href":"https:\/\/www.montessori-schule-duesseldorf-sued.de\/cm\/wp-json\/wp\/v2\/pages"}],"about":[{"href":"https:\/\/www.montessori-schule-duesseldorf-sued.de\/cm\/wp-json\/wp\/v2\/types\/page"}],"author":[{"embeddable":true,"href":"https:\/\/www.montessori-schule-duesseldorf-sued.de\/cm\/wp-json\/wp\/v2\/users\/1"}],"replies":[{"embeddable":true,"href":"https:\/\/www.montessori-schule-duesseldorf-sued.de\/cm\/wp-json\/wp\/v2\/comments?post=5246"}],"version-history":[{"count":23,"href":"https:\/\/www.montessori-schule-duesseldorf-sued.de\/cm\/wp-json\/wp\/v2\/pages\/5246\/revisions"}],"predecessor-version":[{"id":7907,"href":"https:\/\/www.montessori-schule-duesseldorf-sued.de\/cm\/wp-json\/wp\/v2\/pages\/5246\/revisions\/7907"}],"wp:attachment":[{"href":"https:\/\/www.montessori-schule-duesseldorf-sued.de\/cm\/wp-json\/wp\/v2\/media?parent=5246"}],"curies":[{"name":"wp","href":"https:\/\/api.w.org\/{rel}","templated":true}]}}