{"id":653,"date":"2015-11-28T17:21:37","date_gmt":"2015-11-28T16:21:37","guid":{"rendered":"http:\/\/www.montessori-schule-duesseldorf-sued.de\/cm\/?page_id=653"},"modified":"2026-01-20T07:45:48","modified_gmt":"2026-01-20T06:45:48","slug":"schulfreie-tage-und-ogs-zeiten","status":"publish","type":"page","link":"https:\/\/www.montessori-schule-duesseldorf-sued.de\/cm\/informationen\/schulfreie-tage-und-ogs-zeiten\/","title":{"rendered":"Schulfreie Tage und OGS-Zeiten"},"content":{"rendered":"<h1>Schulfreie Tage und OGS-Zeiten in den Ferien<\/h1>\n<h2>Schuljahr 2025\/26<\/h2>\n<h2>Bewegliche (Ferien)tage:<\/h2>\n<p>OGS ge\u00f6ffnet:\u00a0 13.2.2026 (Karnevalsfreitag), 5.6.2026 (nach Frohnleichnam)<br \/>\nOGS geschlossen:\u00a0\u00a0 16.2.2026 (Rosenmontag)<\/p>\n<h2>Pfingsten<\/h2>\n<p>OGS ge\u00f6ffnet:\u00a0 26.5.2026 (Pfingstdienstag),<br \/>\nOGS geschlossen:\u00a0 25.5.2026 (Pfingstmontag)<\/p>\n<h2>P\u00e4dagogischer Tag:<\/h2>\n<p>OGS ge\u00f6ffnet: 17.2. + 13.4.2026<\/p>\n<h2>Herbstferien<\/h2>\n<p>OGS ge\u00f6ffnet:\u00a0\u00a0 13. &#8211; 17.10.2025<br \/>\nOGS geschlossen:\u00a0\u00a0 20. &#8211; 24.10.2025<\/p>\n<h2>Weihnachtsferien<\/h2>\n<p>OGS ge\u00f6ffnet:\u00a0\u00a0 ab 5.1.2026<br \/>\nOGS geschlossen:\u00a0\u00a0 22.12.24 &#8211; 2.1.2026<\/p>\n<h2>Osterferien<\/h2>\n<p>OGS ge\u00f6ffnet:\u00a0\u00a0 30.3. &#8211; 2.4.2026<br \/>\nOGS geschlossen:\u00a0\u00a0 7. &#8211; 10.4.2026<\/p>\n<h2>Sommerferien 2026<br \/>\n(20.7. &#8211; 1.9.2026)<\/h2>\n<p>OGS ge\u00f6ffnet:\u00a0\u00a0 20.7. &#8211; 7.8. + 1.9.2026<br \/>\nOGS geschlossen:\u00a0\u00a0 10. &#8211; 31.8.2026 (inkl.)<\/p>\n<p><em>Eine Beurlaubung z.B. f\u00fcr wichtige famili\u00e4re Ereignisse wird w\u00e4hrend der gesamten Grundschulzeit nur 1x gew\u00e4hrt und sollte daher gut bedacht sein. Schriftliche Gesuche richten Sie bitte mit einer Vorlaufzeit von mindestens 2 Wochen an Ihre Klassenleitung\/die Schulleitung.<br \/>\n<\/em><\/p>\n","protected":false},"excerpt":{"rendered":"<p>Schulfreie Tage und OGS-Zeiten in den Ferien Schuljahr 2025\/26 Bewegliche (Ferien)tage: OGS ge\u00f6ffnet:\u00a0 13.2.2026 (Karnevalsfreitag), 5.6.2026 (nach Frohnleichnam) OGS geschlossen:\u00a0\u00a0 16.2.2026 (Rosenmontag) Pfingsten OGS ge\u00f6ffnet:\u00a0 26.5.2026 (Pfingstdienstag), OGS geschlossen:\u00a0 25.5.2026 (Pfingstmontag) P\u00e4dagogischer Tag: OGS ge\u00f6ffnet: 17.2. + 13.4.2026 Herbstferien OGS ge\u00f6ffnet:\u00a0\u00a0 13. &#8211; 17.10.2025 OGS geschlossen:\u00a0\u00a0 20. &#8211; 24.10.2025 Weihnachtsferien OGS ge\u00f6ffnet:\u00a0\u00a0 ab 5.1.2026 OGS<span>&#8230;<strong> <a style=\"color:#000000\" href=\"https:\/\/www.montessori-schule-duesseldorf-sued.de\/cm\/informationen\/schulfreie-tage-und-ogs-zeiten\/\">(Hier k\u00f6nnen Sie weiterlesen&#8230;)<\/a><\/strong><\/span><\/p>\n","protected":false},"author":1,"featured_media":0,"parent":304,"menu_order":0,"comment_status":"closed","ping_status":"closed","template":"","meta":{"_acf_changed":false,"footnotes":""},"class_list":["post-653","page","type-page","status-publish","hentry"],"acf":[],"publishpress_future_action":{"enabled":false,"date":"2026-05-07 01:33:44","action":"change-status","newStatus":"draft","terms":[],"taxonomy":"","extraData":[]},"publishpress_future_workflow_manual_trigger":{"enabledWorkflows":[]},"_links":{"self":[{"href":"https:\/\/www.montessori-schule-duesseldorf-sued.de\/cm\/wp-json\/wp\/v2\/pages\/653","targetHints":{"allow":["GET"]}}],"collection":[{"href":"https:\/\/www.montessori-schule-duesseldorf-sued.de\/cm\/wp-json\/wp\/v2\/pages"}],"about":[{"href":"https:\/\/www.montessori-schule-duesseldorf-sued.de\/cm\/wp-json\/wp\/v2\/types\/page"}],"author":[{"embeddable":true,"href":"https:\/\/www.montessori-schule-duesseldorf-sued.de\/cm\/wp-json\/wp\/v2\/users\/1"}],"replies":[{"embeddable":true,"href":"https:\/\/www.montessori-schule-duesseldorf-sued.de\/cm\/wp-json\/wp\/v2\/comments?post=653"}],"version-history":[{"count":55,"href":"https:\/\/www.montessori-schule-duesseldorf-sued.de\/cm\/wp-json\/wp\/v2\/pages\/653\/revisions"}],"predecessor-version":[{"id":7787,"href":"https:\/\/www.montessori-schule-duesseldorf-sued.de\/cm\/wp-json\/wp\/v2\/pages\/653\/revisions\/7787"}],"up":[{"embeddable":true,"href":"https:\/\/www.montessori-schule-duesseldorf-sued.de\/cm\/wp-json\/wp\/v2\/pages\/304"}],"wp:attachment":[{"href":"https:\/\/www.montessori-schule-duesseldorf-sued.de\/cm\/wp-json\/wp\/v2\/media?parent=653"}],"curies":[{"name":"wp","href":"https:\/\/api.w.org\/{rel}","templated":true}]}}