{"id":6944,"date":"2024-11-13T15:54:47","date_gmt":"2024-11-13T14:54:47","guid":{"rendered":"https:\/\/www.montessori-schule-duesseldorf-sued.de\/cm\/?page_id=6944"},"modified":"2024-11-19T10:21:11","modified_gmt":"2024-11-19T09:21:11","slug":"news","status":"publish","type":"page","link":"https:\/\/www.montessori-schule-duesseldorf-sued.de\/cm\/news\/","title":{"rendered":"aktuelles"},"content":{"rendered":"\n<div class=\"gb-grid-wrapper gb-grid-wrapper-a878ced9 gb-query-loop-wrapper\">\n<div class=\"gb-grid-column gb-grid-column-1fc994fc gb-query-loop-item post-7898 post type-post status-publish format-standard has-post-thumbnail hentry category-allgemein\"><div class=\"gb-container gb-container-1fc994fc\">\n<figure class=\"gb-block-image gb-block-image-7ce25f48\"><a href=\"https:\/\/www.montessori-schule-duesseldorf-sued.de\/cm\/2026\/04\/14\/feuer-rief-die-lehrerin\/\"><img loading=\"lazy\" decoding=\"async\" width=\"300\" height=\"200\" src=\"https:\/\/www.montessori-schule-duesseldorf-sued.de\/cm\/wp-content\/uploads\/2026\/04\/2026-Zirkus-teaser-bb.jpg\" class=\"gb-image-7ce25f48\" alt=\"\" srcset=\"https:\/\/www.montessori-schule-duesseldorf-sued.de\/cm\/wp-content\/uploads\/2026\/04\/2026-Zirkus-teaser-bb.jpg 300w, https:\/\/www.montessori-schule-duesseldorf-sued.de\/cm\/wp-content\/uploads\/2026\/04\/2026-Zirkus-teaser-bb-24x16.jpg 24w, https:\/\/www.montessori-schule-duesseldorf-sued.de\/cm\/wp-content\/uploads\/2026\/04\/2026-Zirkus-teaser-bb-36x24.jpg 36w, https:\/\/www.montessori-schule-duesseldorf-sued.de\/cm\/wp-content\/uploads\/2026\/04\/2026-Zirkus-teaser-bb-48x32.jpg 48w\" sizes=\"auto, (max-width: 300px) 100vw, 300px\" \/><\/a><\/figure>\n\n<h2 class=\"gb-headline gb-headline-8527f5b6 gb-headline-text\"><a href=\"https:\/\/www.montessori-schule-duesseldorf-sued.de\/cm\/2026\/04\/14\/feuer-rief-die-lehrerin\/\">FEUER! &#8211; rief die Lehrerin&#8230;<\/a><\/h2>\n\n<p class=\"gb-headline gb-headline-18bc971b gb-headline-text\"><time class=\"entry-date published\" datetime=\"2026-04-14T09:28:03+02:00\">14. April 2026<\/time><\/p>\n\n<div class=\"gb-headline gb-headline-dde7fad0 gb-headline-text\">Aber keine Sorge, es hat nicht wirklich gebrannt! Alle paar Monate hat unser Lehrerteam einen sogenannten p\u00e4dagogischen Tag. An diesem &#8230; <a class=\"gb-dynamic-read-more\" href=\"https:\/\/www.montessori-schule-duesseldorf-sued.de\/cm\/2026\/04\/14\/feuer-rief-die-lehrerin\/\" aria-label=\"Mehr zu FEUER! &#8211; rief die Lehrerin&#8230;\">Weiterlesen&#8230;<\/a><\/div>\n<\/div><\/div>\n\n<div class=\"gb-grid-column gb-grid-column-1fc994fc gb-query-loop-item post-7891 post type-post status-publish format-standard has-post-thumbnail hentry category-allgemein\"><div class=\"gb-container gb-container-1fc994fc\">\n<figure class=\"gb-block-image gb-block-image-7ce25f48\"><a href=\"https:\/\/www.montessori-schule-duesseldorf-sued.de\/cm\/2026\/03\/30\/der-fruehling-kommt\/\"><img loading=\"lazy\" decoding=\"async\" width=\"300\" height=\"200\" src=\"https:\/\/www.montessori-schule-duesseldorf-sued.de\/cm\/wp-content\/uploads\/2026\/03\/2026-Acker-bb.jpg\" class=\"gb-image-7ce25f48\" alt=\"\" srcset=\"https:\/\/www.montessori-schule-duesseldorf-sued.de\/cm\/wp-content\/uploads\/2026\/03\/2026-Acker-bb.jpg 300w, https:\/\/www.montessori-schule-duesseldorf-sued.de\/cm\/wp-content\/uploads\/2026\/03\/2026-Acker-bb-24x16.jpg 24w, https:\/\/www.montessori-schule-duesseldorf-sued.de\/cm\/wp-content\/uploads\/2026\/03\/2026-Acker-bb-36x24.jpg 36w, https:\/\/www.montessori-schule-duesseldorf-sued.de\/cm\/wp-content\/uploads\/2026\/03\/2026-Acker-bb-48x32.jpg 48w\" sizes=\"auto, (max-width: 300px) 100vw, 300px\" \/><\/a><\/figure>\n\n<h2 class=\"gb-headline gb-headline-8527f5b6 gb-headline-text\"><a href=\"https:\/\/www.montessori-schule-duesseldorf-sued.de\/cm\/2026\/03\/30\/der-fruehling-kommt\/\">Der Fr\u00fchling kommt&#8230;<\/a><\/h2>\n\n<p class=\"gb-headline gb-headline-18bc971b gb-headline-text\"><time class=\"entry-date published\" datetime=\"2026-03-30T10:04:33+02:00\">30. M\u00e4rz 2026<\/time><\/p>\n\n<div class=\"gb-headline gb-headline-dde7fad0 gb-headline-text\">Ganz langsam, aber unaufhaltsam, kommt der Fr\u00fchling. Nach und nach werden nun unsere Schulbeete wieder aufgedeckt und mit den ersten &#8230; <a class=\"gb-dynamic-read-more\" href=\"https:\/\/www.montessori-schule-duesseldorf-sued.de\/cm\/2026\/03\/30\/der-fruehling-kommt\/\" aria-label=\"Mehr zu Der Fr\u00fchling kommt&#8230;\">Weiterlesen&#8230;<\/a><\/div>\n<\/div><\/div>\n\n<div class=\"gb-grid-column gb-grid-column-1fc994fc gb-query-loop-item post-7886 post type-post status-publish format-standard has-post-thumbnail hentry category-allgemein category-sport tag-sport tag-veranstaltung\"><div class=\"gb-container gb-container-1fc994fc\">\n<figure class=\"gb-block-image gb-block-image-7ce25f48\"><a href=\"https:\/\/www.montessori-schule-duesseldorf-sued.de\/cm\/2026\/03\/30\/unsere-mini-wm-2\/\"><img loading=\"lazy\" decoding=\"async\" width=\"300\" height=\"200\" src=\"https:\/\/www.montessori-schule-duesseldorf-sued.de\/cm\/wp-content\/uploads\/2026\/03\/2026-MiniWM-bb.jpg\" class=\"gb-image-7ce25f48\" alt=\"\" srcset=\"https:\/\/www.montessori-schule-duesseldorf-sued.de\/cm\/wp-content\/uploads\/2026\/03\/2026-MiniWM-bb.jpg 300w, https:\/\/www.montessori-schule-duesseldorf-sued.de\/cm\/wp-content\/uploads\/2026\/03\/2026-MiniWM-bb-24x16.jpg 24w, https:\/\/www.montessori-schule-duesseldorf-sued.de\/cm\/wp-content\/uploads\/2026\/03\/2026-MiniWM-bb-36x24.jpg 36w, https:\/\/www.montessori-schule-duesseldorf-sued.de\/cm\/wp-content\/uploads\/2026\/03\/2026-MiniWM-bb-48x32.jpg 48w\" sizes=\"auto, (max-width: 300px) 100vw, 300px\" \/><\/a><\/figure>\n\n<h2 class=\"gb-headline gb-headline-8527f5b6 gb-headline-text\"><a href=\"https:\/\/www.montessori-schule-duesseldorf-sued.de\/cm\/2026\/03\/30\/unsere-mini-wm-2\/\">Unsere Mini-WM<\/a><\/h2>\n\n<p class=\"gb-headline gb-headline-18bc971b gb-headline-text\"><time class=\"entry-date published\" datetime=\"2026-03-30T09:45:36+02:00\">30. M\u00e4rz 2026<\/time><\/p>\n\n<div class=\"gb-headline gb-headline-dde7fad0 gb-headline-text\">Einmal im Jahr veranstalten wir unser schulinternes Fu\u00dfballturnier. Zw\u00f6lf Mannschaften k\u00e4mpfen hier um den Schulpokal. Schon Wochen vorher wird intensiv &#8230; <a class=\"gb-dynamic-read-more\" href=\"https:\/\/www.montessori-schule-duesseldorf-sued.de\/cm\/2026\/03\/30\/unsere-mini-wm-2\/\" aria-label=\"Mehr zu Unsere Mini-WM\">Weiterlesen&#8230;<\/a><\/div>\n<\/div><\/div>\n\n<div class=\"gb-grid-column gb-grid-column-1fc994fc gb-query-loop-item post-7882 post type-post status-publish format-standard has-post-thumbnail hentry category-allgemein category-sport\"><div class=\"gb-container gb-container-1fc994fc\">\n<figure class=\"gb-block-image gb-block-image-7ce25f48\"><a href=\"https:\/\/www.montessori-schule-duesseldorf-sued.de\/cm\/2026\/03\/25\/eislaufmeisterschaft\/\"><img loading=\"lazy\" decoding=\"async\" width=\"300\" height=\"200\" src=\"https:\/\/www.montessori-schule-duesseldorf-sued.de\/cm\/wp-content\/uploads\/2026\/03\/2026-eislaufen-bb.jpg\" class=\"gb-image-7ce25f48\" alt=\"\" srcset=\"https:\/\/www.montessori-schule-duesseldorf-sued.de\/cm\/wp-content\/uploads\/2026\/03\/2026-eislaufen-bb.jpg 300w, https:\/\/www.montessori-schule-duesseldorf-sued.de\/cm\/wp-content\/uploads\/2026\/03\/2026-eislaufen-bb-24x16.jpg 24w, https:\/\/www.montessori-schule-duesseldorf-sued.de\/cm\/wp-content\/uploads\/2026\/03\/2026-eislaufen-bb-36x24.jpg 36w, https:\/\/www.montessori-schule-duesseldorf-sued.de\/cm\/wp-content\/uploads\/2026\/03\/2026-eislaufen-bb-48x32.jpg 48w\" sizes=\"auto, (max-width: 300px) 100vw, 300px\" \/><\/a><\/figure>\n\n<h2 class=\"gb-headline gb-headline-8527f5b6 gb-headline-text\"><a href=\"https:\/\/www.montessori-schule-duesseldorf-sued.de\/cm\/2026\/03\/25\/eislaufmeisterschaft\/\">Eislaufmeisterschaft&#8230;<\/a><\/h2>\n\n<p class=\"gb-headline gb-headline-18bc971b gb-headline-text\"><time class=\"entry-date published\" datetime=\"2026-03-25T14:23:51+01:00\">25. M\u00e4rz 2026<\/time><\/p>\n\n<div class=\"gb-headline gb-headline-dde7fad0 gb-headline-text\">Auch dieses Jahr nehmen wir wieder bei der st\u00e4dtischen Eislaufmeisterschaft einen Pokal mit nach Hause. Wir erreichten dieses Jahr den &#8230; <a class=\"gb-dynamic-read-more\" href=\"https:\/\/www.montessori-schule-duesseldorf-sued.de\/cm\/2026\/03\/25\/eislaufmeisterschaft\/\" aria-label=\"Mehr zu Eislaufmeisterschaft&#8230;\">Weiterlesen&#8230;<\/a><\/div>\n<\/div><\/div>\n\n<div class=\"gb-grid-column gb-grid-column-1fc994fc gb-query-loop-item post-7870 post type-post status-publish format-standard has-post-thumbnail hentry category-allgemein\"><div class=\"gb-container gb-container-1fc994fc\">\n<figure class=\"gb-block-image gb-block-image-7ce25f48\"><a href=\"https:\/\/www.montessori-schule-duesseldorf-sued.de\/cm\/2026\/03\/23\/dreck-weg-tag\/\"><img loading=\"lazy\" decoding=\"async\" width=\"300\" height=\"200\" src=\"https:\/\/www.montessori-schule-duesseldorf-sued.de\/cm\/wp-content\/uploads\/2026\/03\/2026-dreckwegtag-bb.jpg\" class=\"gb-image-7ce25f48\" alt=\"\" srcset=\"https:\/\/www.montessori-schule-duesseldorf-sued.de\/cm\/wp-content\/uploads\/2026\/03\/2026-dreckwegtag-bb.jpg 300w, https:\/\/www.montessori-schule-duesseldorf-sued.de\/cm\/wp-content\/uploads\/2026\/03\/2026-dreckwegtag-bb-24x16.jpg 24w, https:\/\/www.montessori-schule-duesseldorf-sued.de\/cm\/wp-content\/uploads\/2026\/03\/2026-dreckwegtag-bb-36x24.jpg 36w, https:\/\/www.montessori-schule-duesseldorf-sued.de\/cm\/wp-content\/uploads\/2026\/03\/2026-dreckwegtag-bb-48x32.jpg 48w\" sizes=\"auto, (max-width: 300px) 100vw, 300px\" \/><\/a><\/figure>\n\n<h2 class=\"gb-headline gb-headline-8527f5b6 gb-headline-text\"><a href=\"https:\/\/www.montessori-schule-duesseldorf-sued.de\/cm\/2026\/03\/23\/dreck-weg-tag\/\">Dreck-weg-Tag<\/a><\/h2>\n\n<p class=\"gb-headline gb-headline-18bc971b gb-headline-text\"><time class=\"entry-date published\" datetime=\"2026-03-23T11:47:56+01:00\">23. M\u00e4rz 2026<\/time><\/p>\n\n<div class=\"gb-headline gb-headline-dde7fad0 gb-headline-text\">Seid 27 Jahren gibt es in D\u00fcsseldorf den sogenannten &#8222;Dreck weg Tag&#8220;. Und auch unseren Sch\u00fcler:innen ist der viele achtlos &#8230; <a class=\"gb-dynamic-read-more\" href=\"https:\/\/www.montessori-schule-duesseldorf-sued.de\/cm\/2026\/03\/23\/dreck-weg-tag\/\" aria-label=\"Mehr zu Dreck-weg-Tag\">Weiterlesen&#8230;<\/a><\/div>\n<\/div><\/div>\n\n<div class=\"gb-grid-column gb-grid-column-1fc994fc gb-query-loop-item post-7864 post type-post status-publish format-standard has-post-thumbnail hentry category-allgemein\"><div class=\"gb-container gb-container-1fc994fc\">\n<figure class=\"gb-block-image gb-block-image-7ce25f48\"><a href=\"https:\/\/www.montessori-schule-duesseldorf-sued.de\/cm\/2026\/03\/11\/unsere-zukuenftigen-zu-gast\/\"><img loading=\"lazy\" decoding=\"async\" width=\"300\" height=\"200\" src=\"https:\/\/www.montessori-schule-duesseldorf-sued.de\/cm\/wp-content\/uploads\/2026\/03\/2026-schulspiel-bb.jpg\" class=\"gb-image-7ce25f48\" alt=\"\" srcset=\"https:\/\/www.montessori-schule-duesseldorf-sued.de\/cm\/wp-content\/uploads\/2026\/03\/2026-schulspiel-bb.jpg 300w, https:\/\/www.montessori-schule-duesseldorf-sued.de\/cm\/wp-content\/uploads\/2026\/03\/2026-schulspiel-bb-24x16.jpg 24w, https:\/\/www.montessori-schule-duesseldorf-sued.de\/cm\/wp-content\/uploads\/2026\/03\/2026-schulspiel-bb-36x24.jpg 36w, https:\/\/www.montessori-schule-duesseldorf-sued.de\/cm\/wp-content\/uploads\/2026\/03\/2026-schulspiel-bb-48x32.jpg 48w\" sizes=\"auto, (max-width: 300px) 100vw, 300px\" \/><\/a><\/figure>\n\n<h2 class=\"gb-headline gb-headline-8527f5b6 gb-headline-text\"><a href=\"https:\/\/www.montessori-schule-duesseldorf-sued.de\/cm\/2026\/03\/11\/unsere-zukuenftigen-zu-gast\/\">Unsere Zuk\u00fcnftigen&#8230;<\/a><\/h2>\n\n<p class=\"gb-headline gb-headline-18bc971b gb-headline-text\"><time class=\"entry-date published\" datetime=\"2026-03-11T14:16:48+01:00\">11. M\u00e4rz 2026<\/time><\/p>\n\n<div class=\"gb-headline gb-headline-dde7fad0 gb-headline-text\">Nicht nur unsere zuk\u00fcnftigen Sch\u00fcler:innen k\u00f6nnen es nicht erwarten, zu uns zu kommen, auch wir sind schon etwas ungeduldig. Daher &#8230; <a class=\"gb-dynamic-read-more\" href=\"https:\/\/www.montessori-schule-duesseldorf-sued.de\/cm\/2026\/03\/11\/unsere-zukuenftigen-zu-gast\/\" aria-label=\"Mehr zu Unsere Zuk\u00fcnftigen&#8230;\">Weiterlesen&#8230;<\/a><\/div>\n<\/div><\/div>\n\n<div class=\"gb-grid-column gb-grid-column-1fc994fc gb-query-loop-item post-7856 post type-post status-publish format-standard has-post-thumbnail hentry category-allgemein tag-veranstaltung\"><div class=\"gb-container gb-container-1fc994fc\">\n<figure class=\"gb-block-image gb-block-image-7ce25f48\"><a href=\"https:\/\/www.montessori-schule-duesseldorf-sued.de\/cm\/2026\/03\/06\/das-kinderparlament-zu-gast\/\"><img loading=\"lazy\" decoding=\"async\" width=\"300\" height=\"200\" src=\"https:\/\/www.montessori-schule-duesseldorf-sued.de\/cm\/wp-content\/uploads\/2026\/03\/2026-Kinderparlament-bb.jpg\" class=\"gb-image-7ce25f48\" alt=\"\" srcset=\"https:\/\/www.montessori-schule-duesseldorf-sued.de\/cm\/wp-content\/uploads\/2026\/03\/2026-Kinderparlament-bb.jpg 300w, https:\/\/www.montessori-schule-duesseldorf-sued.de\/cm\/wp-content\/uploads\/2026\/03\/2026-Kinderparlament-bb-24x16.jpg 24w, https:\/\/www.montessori-schule-duesseldorf-sued.de\/cm\/wp-content\/uploads\/2026\/03\/2026-Kinderparlament-bb-36x24.jpg 36w, https:\/\/www.montessori-schule-duesseldorf-sued.de\/cm\/wp-content\/uploads\/2026\/03\/2026-Kinderparlament-bb-48x32.jpg 48w\" sizes=\"auto, (max-width: 300px) 100vw, 300px\" \/><\/a><\/figure>\n\n<h2 class=\"gb-headline gb-headline-8527f5b6 gb-headline-text\"><a href=\"https:\/\/www.montessori-schule-duesseldorf-sued.de\/cm\/2026\/03\/06\/das-kinderparlament-zu-gast\/\">Das Kinderparlament zu Gast&#8230;<\/a><\/h2>\n\n<p class=\"gb-headline gb-headline-18bc971b gb-headline-text\"><time class=\"entry-date published\" datetime=\"2026-03-06T12:15:35+01:00\">6. M\u00e4rz 2026<\/time><\/p>\n\n<div class=\"gb-headline gb-headline-dde7fad0 gb-headline-text\">Wir schreiben immer wieder mal auf diesen Seiten: Demokratie ist so ein Mitmachding. Das wissen auch die Kinder und Jugendliche &#8230; <a class=\"gb-dynamic-read-more\" href=\"https:\/\/www.montessori-schule-duesseldorf-sued.de\/cm\/2026\/03\/06\/das-kinderparlament-zu-gast\/\" aria-label=\"Mehr zu Das Kinderparlament zu Gast&#8230;\">Weiterlesen&#8230;<\/a><\/div>\n<\/div><\/div>\n\n<div class=\"gb-grid-column gb-grid-column-1fc994fc gb-query-loop-item post-7849 post type-post status-publish format-standard has-post-thumbnail hentry category-allgemein tag-gesundheit\"><div class=\"gb-container gb-container-1fc994fc\">\n<figure class=\"gb-block-image gb-block-image-7ce25f48\"><a href=\"https:\/\/www.montessori-schule-duesseldorf-sued.de\/cm\/2026\/02\/27\/sauberes-wasser\/\"><img loading=\"lazy\" decoding=\"async\" width=\"300\" height=\"200\" src=\"https:\/\/www.montessori-schule-duesseldorf-sued.de\/cm\/wp-content\/uploads\/2026\/02\/2026-sauberes-wasser-bb.jpg\" class=\"gb-image-7ce25f48\" alt=\"\" srcset=\"https:\/\/www.montessori-schule-duesseldorf-sued.de\/cm\/wp-content\/uploads\/2026\/02\/2026-sauberes-wasser-bb.jpg 300w, https:\/\/www.montessori-schule-duesseldorf-sued.de\/cm\/wp-content\/uploads\/2026\/02\/2026-sauberes-wasser-bb-24x16.jpg 24w, https:\/\/www.montessori-schule-duesseldorf-sued.de\/cm\/wp-content\/uploads\/2026\/02\/2026-sauberes-wasser-bb-36x24.jpg 36w, https:\/\/www.montessori-schule-duesseldorf-sued.de\/cm\/wp-content\/uploads\/2026\/02\/2026-sauberes-wasser-bb-48x32.jpg 48w\" sizes=\"auto, (max-width: 300px) 100vw, 300px\" \/><\/a><\/figure>\n\n<h2 class=\"gb-headline gb-headline-8527f5b6 gb-headline-text\"><a href=\"https:\/\/www.montessori-schule-duesseldorf-sued.de\/cm\/2026\/02\/27\/sauberes-wasser\/\">Sauberes Wasser&#8230;<\/a><\/h2>\n\n<p class=\"gb-headline gb-headline-18bc971b gb-headline-text\"><time class=\"entry-date published\" datetime=\"2026-02-27T10:49:37+01:00\">27. Februar 2026<\/time><\/p>\n\n<div class=\"gb-headline gb-headline-dde7fad0 gb-headline-text\">Saubere Sache, sauberes Wasser. Wir alle m\u00f6chten doch unsere Welt erhalten und vielleicht sogar auch manches in der Natur reparieren. &#8230; <a class=\"gb-dynamic-read-more\" href=\"https:\/\/www.montessori-schule-duesseldorf-sued.de\/cm\/2026\/02\/27\/sauberes-wasser\/\" aria-label=\"Mehr zu Sauberes Wasser&#8230;\">Weiterlesen&#8230;<\/a><\/div>\n<\/div><\/div>\n\n<div class=\"gb-grid-column gb-grid-column-1fc994fc gb-query-loop-item post-7842 post type-post status-publish format-standard has-post-thumbnail hentry category-allgemein tag-kultur tag-veranstaltung\"><div class=\"gb-container gb-container-1fc994fc\">\n<figure class=\"gb-block-image gb-block-image-7ce25f48\"><a href=\"https:\/\/www.montessori-schule-duesseldorf-sued.de\/cm\/2026\/02\/12\/et-is-widder-so-wick\/\"><img loading=\"lazy\" decoding=\"async\" width=\"300\" height=\"200\" src=\"https:\/\/www.montessori-schule-duesseldorf-sued.de\/cm\/wp-content\/uploads\/2026\/02\/2026-Karneval-bb.jpg\" class=\"gb-image-7ce25f48\" alt=\"\" srcset=\"https:\/\/www.montessori-schule-duesseldorf-sued.de\/cm\/wp-content\/uploads\/2026\/02\/2026-Karneval-bb.jpg 300w, https:\/\/www.montessori-schule-duesseldorf-sued.de\/cm\/wp-content\/uploads\/2026\/02\/2026-Karneval-bb-24x16.jpg 24w, https:\/\/www.montessori-schule-duesseldorf-sued.de\/cm\/wp-content\/uploads\/2026\/02\/2026-Karneval-bb-36x24.jpg 36w, https:\/\/www.montessori-schule-duesseldorf-sued.de\/cm\/wp-content\/uploads\/2026\/02\/2026-Karneval-bb-48x32.jpg 48w\" sizes=\"auto, (max-width: 300px) 100vw, 300px\" \/><\/a><\/figure>\n\n<h2 class=\"gb-headline gb-headline-8527f5b6 gb-headline-text\"><a href=\"https:\/\/www.montessori-schule-duesseldorf-sued.de\/cm\/2026\/02\/12\/et-is-widder-so-wick\/\">Et is widder so wick&#8230;<\/a><\/h2>\n\n<p class=\"gb-headline gb-headline-18bc971b gb-headline-text\"><time class=\"entry-date published\" datetime=\"2026-02-12T14:52:28+01:00\">12. Februar 2026<\/time><\/p>\n\n<div class=\"gb-headline gb-headline-dde7fad0 gb-headline-text\">Es ist wieder soweit&#8230; &#8230;die Schule ist au\u00dfer Rand und Band. Das lange Karneval-Wochenende wird auch bei uns wie immer &#8230; <a class=\"gb-dynamic-read-more\" href=\"https:\/\/www.montessori-schule-duesseldorf-sued.de\/cm\/2026\/02\/12\/et-is-widder-so-wick\/\" aria-label=\"Mehr zu Et is widder so wick&#8230;\">Weiterlesen&#8230;<\/a><\/div>\n<\/div><\/div>\n<\/div>\n\n<div class=\"gb-container gb-container-75225060 gb-query-loop-pagination\">\n\n\n<span class=\"gb-button gb-button-19cb30b6 gb-button-text page-numbers gb-block-is-current\" aria-current=\"page\">1<\/span><a class=\"gb-button gb-button-19cb30b6 gb-button-text page-numbers\" href=\"?query-5d73a8bd-page=2\">2<\/a><a class=\"gb-button gb-button-19cb30b6 gb-button-text page-numbers\" href=\"?query-5d73a8bd-page=3\">3<\/a><span class=\"gb-button gb-button-19cb30b6 gb-button-text page-numbers dots\">\u2026<\/span><a class=\"gb-button gb-button-19cb30b6 gb-button-text page-numbers\" href=\"?query-5d73a8bd-page=33\">33<\/a>\n\n<a class=\"gb-button gb-button-bd1bcf56 gb-button-text\" href=\"\/cm\/wp-json\/wp\/v2\/pages\/6944?query-5d73a8bd-page=2\">Weiter<\/a>\n<\/div>\n","protected":false},"excerpt":{"rendered":"","protected":false},"author":1,"featured_media":0,"parent":0,"menu_order":0,"comment_status":"closed","ping_status":"closed","template":"","meta":{"_acf_changed":false,"footnotes":""},"class_list":["post-6944","page","type-page","status-publish","hentry"],"acf":[],"publishpress_future_action":{"enabled":false,"date":"2026-04-23 07:46:48","action":"change-status","newStatus":"draft","terms":[],"taxonomy":"","extraData":[]},"publishpress_future_workflow_manual_trigger":{"enabledWorkflows":[]},"_links":{"self":[{"href":"https:\/\/www.montessori-schule-duesseldorf-sued.de\/cm\/wp-json\/wp\/v2\/pages\/6944","targetHints":{"allow":["GET"]}}],"collection":[{"href":"https:\/\/www.montessori-schule-duesseldorf-sued.de\/cm\/wp-json\/wp\/v2\/pages"}],"about":[{"href":"https:\/\/www.montessori-schule-duesseldorf-sued.de\/cm\/wp-json\/wp\/v2\/types\/page"}],"author":[{"embeddable":true,"href":"https:\/\/www.montessori-schule-duesseldorf-sued.de\/cm\/wp-json\/wp\/v2\/users\/1"}],"replies":[{"embeddable":true,"href":"https:\/\/www.montessori-schule-duesseldorf-sued.de\/cm\/wp-json\/wp\/v2\/comments?post=6944"}],"version-history":[{"count":57,"href":"https:\/\/www.montessori-schule-duesseldorf-sued.de\/cm\/wp-json\/wp\/v2\/pages\/6944\/revisions"}],"predecessor-version":[{"id":7180,"href":"https:\/\/www.montessori-schule-duesseldorf-sued.de\/cm\/wp-json\/wp\/v2\/pages\/6944\/revisions\/7180"}],"wp:attachment":[{"href":"https:\/\/www.montessori-schule-duesseldorf-sued.de\/cm\/wp-json\/wp\/v2\/media?parent=6944"}],"curies":[{"name":"wp","href":"https:\/\/api.w.org\/{rel}","templated":true}]}}