{"id":7058,"date":"2024-11-15T12:21:22","date_gmt":"2024-11-15T11:21:22","guid":{"rendered":"https:\/\/www.montessori-schule-duesseldorf-sued.de\/cm\/?page_id=7058"},"modified":"2026-01-12T12:21:42","modified_gmt":"2026-01-12T11:21:42","slug":"startseite-baustelle-11-2024","status":"publish","type":"page","link":"https:\/\/www.montessori-schule-duesseldorf-sued.de\/cm\/","title":{"rendered":"Startseite-2024"},"content":{"rendered":"<div class=\"gb-container gb-container-897dbcd5\">\n<div class=\"n2-section-smartslider fitvidsignore  n2_clear\" data-ssid=\"26\"><div id=\"n2-ss-26-align\" class=\"n2-ss-align\"><div class=\"n2-padding\"><div id=\"n2-ss-26\" data-creator=\"Smart Slider 3\" data-responsive=\"auto\" class=\"n2-ss-slider n2-ow n2-has-hover n2notransition  \"><div class=\"n2-ss-slider-wrapper-inside\">\n        <div class=\"n2-ss-slider-1 n2_ss__touch_element n2-ow\">\n            <div class=\"n2-ss-slider-2 n2-ow\">\n                                                <div class=\"n2-ss-slider-3 n2-ow\">\n\n                    <div class=\"n2-ss-slide-backgrounds n2-ow-all\"><div class=\"n2-ss-slide-background\" data-public-id=\"1\" data-mode=\"fill\"><div class=\"n2-ss-slide-background-image\" data-blur=\"0\" data-opacity=\"100\" data-x=\"50\" data-y=\"50\" data-alt=\"\" data-title=\"\"><picture class=\"skip-lazy\" data-skip-lazy=\"1\"><img decoding=\"async\" src=\"\/\/www.montessori-schule-duesseldorf-sued.de\/cm\/wp-content\/uploads\/2018\/12\/slider02-2.jpg\" alt=\"\" title=\"\" loading=\"lazy\" class=\"skip-lazy\" data-skip-lazy=\"1\"><\/picture><\/div><div data-color=\"RGBA(255,255,255,0)\" style=\"background-color: RGBA(255,255,255,0);\" class=\"n2-ss-slide-background-color\"><\/div><\/div><div class=\"n2-ss-slide-background\" data-public-id=\"2\" data-mode=\"fill\" aria-hidden=\"true\"><div class=\"n2-ss-slide-background-image\" data-blur=\"0\" data-opacity=\"100\" data-x=\"50\" data-y=\"50\" data-alt=\"\" data-title=\"\"><picture class=\"skip-lazy\" data-skip-lazy=\"1\"><img decoding=\"async\" src=\"\/\/www.montessori-schule-duesseldorf-sued.de\/cm\/wp-content\/uploads\/2015\/12\/slider12.jpg\" alt=\"\" title=\"\" loading=\"lazy\" class=\"skip-lazy\" data-skip-lazy=\"1\"><\/picture><\/div><div data-color=\"RGBA(255,255,255,0)\" style=\"background-color: RGBA(255,255,255,0);\" class=\"n2-ss-slide-background-color\"><\/div><\/div><div class=\"n2-ss-slide-background\" data-public-id=\"3\" data-mode=\"fill\" aria-hidden=\"true\"><div class=\"n2-ss-slide-background-image\" data-blur=\"0\" data-opacity=\"100\" data-x=\"50\" data-y=\"50\" data-alt=\"\" data-title=\"\"><picture class=\"skip-lazy\" data-skip-lazy=\"1\"><img decoding=\"async\" src=\"\/\/www.montessori-schule-duesseldorf-sued.de\/cm\/wp-content\/uploads\/2015\/11\/slider08.jpg\" alt=\"\" title=\"\" loading=\"lazy\" class=\"skip-lazy\" data-skip-lazy=\"1\"><\/picture><\/div><div data-color=\"RGBA(255,255,255,0)\" style=\"background-color: RGBA(255,255,255,0);\" class=\"n2-ss-slide-background-color\"><\/div><\/div><div class=\"n2-ss-slide-background\" data-public-id=\"4\" data-mode=\"fill\" aria-hidden=\"true\"><div class=\"n2-ss-slide-background-image\" data-blur=\"0\" data-opacity=\"100\" data-x=\"50\" data-y=\"50\" data-alt=\"\" data-title=\"\"><picture class=\"skip-lazy\" data-skip-lazy=\"1\"><img decoding=\"async\" src=\"\/\/www.montessori-schule-duesseldorf-sued.de\/cm\/wp-content\/uploads\/2019\/09\/slider-vorne.jpg\" alt=\"\" title=\"\" loading=\"lazy\" class=\"skip-lazy\" data-skip-lazy=\"1\"><\/picture><\/div><div data-color=\"RGBA(255,255,255,0)\" style=\"background-color: RGBA(255,255,255,0);\" class=\"n2-ss-slide-background-color\"><\/div><\/div><div class=\"n2-ss-slide-background\" data-public-id=\"5\" data-mode=\"fill\" aria-hidden=\"true\"><div class=\"n2-ss-slide-background-image\" data-blur=\"0\" data-opacity=\"100\" data-x=\"50\" data-y=\"50\" data-alt=\"\" data-title=\"\"><picture class=\"skip-lazy\" data-skip-lazy=\"1\"><img decoding=\"async\" src=\"\/\/www.montessori-schule-duesseldorf-sued.de\/cm\/wp-content\/uploads\/2015\/11\/slider10.jpg\" alt=\"\" title=\"\" loading=\"lazy\" class=\"skip-lazy\" data-skip-lazy=\"1\"><\/picture><\/div><div data-color=\"RGBA(255,255,255,0)\" style=\"background-color: RGBA(255,255,255,0);\" class=\"n2-ss-slide-background-color\"><\/div><\/div><div class=\"n2-ss-slide-background\" data-public-id=\"6\" data-mode=\"fill\" aria-hidden=\"true\"><div class=\"n2-ss-slide-background-image\" data-blur=\"0\" data-opacity=\"100\" data-x=\"50\" data-y=\"50\" data-alt=\"\" data-title=\"\"><picture class=\"skip-lazy\" data-skip-lazy=\"1\"><img decoding=\"async\" src=\"\/\/www.montessori-schule-duesseldorf-sued.de\/cm\/wp-content\/uploads\/2019\/09\/slider09-2.jpg\" alt=\"\" title=\"\" loading=\"lazy\" class=\"skip-lazy\" data-skip-lazy=\"1\"><\/picture><\/div><div data-color=\"RGBA(255,255,255,0)\" style=\"background-color: RGBA(255,255,255,0);\" class=\"n2-ss-slide-background-color\"><\/div><\/div><div class=\"n2-ss-slide-background\" data-public-id=\"7\" data-mode=\"fill\" aria-hidden=\"true\"><div class=\"n2-ss-slide-background-image\" data-blur=\"0\" data-opacity=\"100\" data-x=\"50\" data-y=\"50\" data-alt=\"\" data-title=\"\"><picture class=\"skip-lazy\" data-skip-lazy=\"1\"><img decoding=\"async\" src=\"\/\/www.montessori-schule-duesseldorf-sued.de\/cm\/wp-content\/uploads\/2015\/11\/slider04.jpg\" alt=\"\" title=\"\" loading=\"lazy\" class=\"skip-lazy\" data-skip-lazy=\"1\"><\/picture><\/div><div data-color=\"RGBA(255,255,255,0)\" style=\"background-color: RGBA(255,255,255,0);\" class=\"n2-ss-slide-background-color\"><\/div><\/div><\/div>                    <div class=\"n2-ss-slider-4 n2-ow\">\n                        <svg xmlns=\"http:\/\/www.w3.org\/2000\/svg\" viewBox=\"0 0 960 300\" data-related-device=\"desktopPortrait\" class=\"n2-ow n2-ss-preserve-size n2-ss-preserve-size--slider n2-ss-slide-limiter\"><\/svg><div data-first=\"1\" data-slide-duration=\"0\" data-id=\"718\" data-slide-public-id=\"1\" data-title=\"slider02-2\" class=\"n2-ss-slide n2-ow  n2-ss-slide-718\"><div role=\"note\" class=\"n2-ss-slide--focus\" tabindex=\"-1\">slider02-2<\/div><div class=\"n2-ss-layers-container n2-ss-slide-limiter n2-ow\"><div class=\"n2-ss-layer n2-ow n-uc-d8qKdVC3oXaX\" data-sstype=\"slide\" data-pm=\"default\"><\/div><\/div><\/div><div data-slide-duration=\"0\" data-id=\"717\" data-slide-public-id=\"2\" aria-hidden=\"true\" data-title=\"slider12\" class=\"n2-ss-slide n2-ow  n2-ss-slide-717\"><div role=\"note\" class=\"n2-ss-slide--focus\" tabindex=\"-1\">slider12<\/div><div class=\"n2-ss-layers-container n2-ss-slide-limiter n2-ow\"><div class=\"n2-ss-layer n2-ow n-uc-FGnpabtO229V\" data-sstype=\"slide\" data-pm=\"default\"><\/div><\/div><\/div><div data-slide-duration=\"0\" data-id=\"715\" data-slide-public-id=\"3\" aria-hidden=\"true\" data-title=\"slider08\" class=\"n2-ss-slide n2-ow  n2-ss-slide-715\"><div role=\"note\" class=\"n2-ss-slide--focus\" tabindex=\"-1\">slider08<\/div><div class=\"n2-ss-layers-container n2-ss-slide-limiter n2-ow\"><div class=\"n2-ss-layer n2-ow n-uc-J1D2bXUVLX3v\" data-sstype=\"slide\" data-pm=\"default\"><\/div><\/div><\/div><div data-slide-duration=\"0\" data-id=\"720\" data-slide-public-id=\"4\" aria-hidden=\"true\" data-title=\"slider-vorne\" class=\"n2-ss-slide n2-ow  n2-ss-slide-720\"><div role=\"note\" class=\"n2-ss-slide--focus\" tabindex=\"-1\">slider-vorne<\/div><div class=\"n2-ss-layers-container n2-ss-slide-limiter n2-ow\"><div class=\"n2-ss-layer n2-ow n-uc-ZT0tqFRw6IvJ\" data-sstype=\"slide\" data-pm=\"default\"><\/div><\/div><\/div><div data-slide-duration=\"0\" data-id=\"716\" data-slide-public-id=\"5\" aria-hidden=\"true\" data-title=\"slider10\" class=\"n2-ss-slide n2-ow  n2-ss-slide-716\"><div role=\"note\" class=\"n2-ss-slide--focus\" tabindex=\"-1\">slider10<\/div><div class=\"n2-ss-layers-container n2-ss-slide-limiter n2-ow\"><div class=\"n2-ss-layer n2-ow n-uc-AOaZYCm1xJzs\" data-sstype=\"slide\" data-pm=\"default\"><\/div><\/div><\/div><div data-slide-duration=\"0\" data-id=\"719\" data-slide-public-id=\"6\" aria-hidden=\"true\" data-title=\"slider09-2\" class=\"n2-ss-slide n2-ow  n2-ss-slide-719\"><div role=\"note\" class=\"n2-ss-slide--focus\" tabindex=\"-1\">slider09-2<\/div><div class=\"n2-ss-layers-container n2-ss-slide-limiter n2-ow\"><div class=\"n2-ss-layer n2-ow n-uc-AozA6860932q\" data-sstype=\"slide\" data-pm=\"default\"><\/div><\/div><\/div><div data-slide-duration=\"0\" data-id=\"722\" data-slide-public-id=\"7\" aria-hidden=\"true\" data-title=\"slider04\" class=\"n2-ss-slide n2-ow  n2-ss-slide-722\"><div role=\"note\" class=\"n2-ss-slide--focus\" tabindex=\"-1\">slider04<\/div><div class=\"n2-ss-layers-container n2-ss-slide-limiter n2-ow\"><div class=\"n2-ss-layer n2-ow n-uc-g1dv9Zy5k2Js\" data-sstype=\"slide\" data-pm=\"default\"><\/div><\/div><\/div>                    <\/div>\n\n                                    <\/div>\n            <\/div>\n        <\/div>\n        <div class=\"n2-ss-slider-controls n2-ss-slider-controls-absolute-left-center\"><div style=\"--widget-offset:15px;\" class=\"n2-ss-widget nextend-arrow n2-ow-all nextend-arrow-previous  nextend-arrow-animated-fade\" data-hide-mobileportrait=\"1\" id=\"n2-ss-26-arrow-previous\" role=\"button\" aria-label=\"previous arrow\" tabindex=\"0\"><img loading=\"lazy\" decoding=\"async\" width=\"32\" height=\"32\" class=\"skip-lazy\" data-skip-lazy=\"1\" src=\"data:image\/svg+xml;base64,PHN2ZyB3aWR0aD0iMzIiIGhlaWdodD0iMzIiIHZpZXdCb3g9IjAgMCAzMiAzMiIgeG1sbnM9Imh0dHA6Ly93d3cudzMub3JnLzIwMDAvc3ZnIj4KICAgIDxwYXRoIGQ9Ik0xMS40MzMgMTUuOTkyTDIyLjY5IDUuNzEyYy4zOTMtLjM5LjM5My0xLjAzIDAtMS40Mi0uMzkzLS4zOS0xLjAzLS4zOS0xLjQyMyAwbC0xMS45OCAxMC45NGMtLjIxLjIxLS4zLjQ5LS4yODUuNzYtLjAxNS4yOC4wNzUuNTYuMjg0Ljc3bDExLjk4IDEwLjk0Yy4zOTMuMzkgMS4wMy4zOSAxLjQyNCAwIC4zOTMtLjQuMzkzLTEuMDMgMC0xLjQybC0xMS4yNTctMTAuMjkiCiAgICAgICAgICBmaWxsPSIjZmZmZmZmIiBvcGFjaXR5PSIwLjgiIGZpbGwtcnVsZT0iZXZlbm9kZCIvPgo8L3N2Zz4=\" alt=\"previous arrow\"><\/div><\/div><div class=\"n2-ss-slider-controls n2-ss-slider-controls-absolute-right-center\"><div style=\"--widget-offset:15px;\" class=\"n2-ss-widget nextend-arrow n2-ow-all nextend-arrow-next  nextend-arrow-animated-fade\" data-hide-mobileportrait=\"1\" id=\"n2-ss-26-arrow-next\" role=\"button\" aria-label=\"next arrow\" tabindex=\"0\"><img loading=\"lazy\" decoding=\"async\" width=\"32\" height=\"32\" class=\"skip-lazy\" data-skip-lazy=\"1\" src=\"data:image\/svg+xml;base64,PHN2ZyB3aWR0aD0iMzIiIGhlaWdodD0iMzIiIHZpZXdCb3g9IjAgMCAzMiAzMiIgeG1sbnM9Imh0dHA6Ly93d3cudzMub3JnLzIwMDAvc3ZnIj4KICAgIDxwYXRoIGQ9Ik0xMC43MjIgNC4yOTNjLS4zOTQtLjM5LTEuMDMyLS4zOS0xLjQyNyAwLS4zOTMuMzktLjM5MyAxLjAzIDAgMS40MmwxMS4yODMgMTAuMjgtMTEuMjgzIDEwLjI5Yy0uMzkzLjM5LS4zOTMgMS4wMiAwIDEuNDIuMzk1LjM5IDEuMDMzLjM5IDEuNDI3IDBsMTIuMDA3LTEwLjk0Yy4yMS0uMjEuMy0uNDkuMjg0LS43Ny4wMTQtLjI3LS4wNzYtLjU1LS4yODYtLjc2TDEwLjcyIDQuMjkzeiIKICAgICAgICAgIGZpbGw9IiNmZmZmZmYiIG9wYWNpdHk9IjAuOCIgZmlsbC1ydWxlPSJldmVub2RkIi8+Cjwvc3ZnPg==\" alt=\"next arrow\"><\/div><\/div><\/div><\/div><ss3-loader><\/ss3-loader><\/div><\/div><div class=\"n2_clear\"><\/div><\/div>\n<\/div>\n\n\n<div style=\"height:11px\" aria-hidden=\"true\" class=\"wp-block-spacer\"><\/div>\n\n\n\n<div class=\"gb-grid-wrapper gb-grid-wrapper-a878ced9 gb-query-loop-wrapper\">\n<div class=\"gb-grid-column gb-grid-column-1fc994fc gb-query-loop-item post-7898 post type-post status-publish format-standard has-post-thumbnail hentry category-allgemein\"><div class=\"gb-container gb-container-1fc994fc\">\n<figure class=\"gb-block-image gb-block-image-7ce25f48\"><a href=\"https:\/\/www.montessori-schule-duesseldorf-sued.de\/cm\/2026\/04\/14\/feuer-rief-die-lehrerin\/\"><img loading=\"lazy\" decoding=\"async\" width=\"300\" height=\"200\" src=\"https:\/\/www.montessori-schule-duesseldorf-sued.de\/cm\/wp-content\/uploads\/2026\/04\/2026-Zirkus-teaser-bb.jpg\" class=\"gb-image-7ce25f48\" alt=\"\" srcset=\"https:\/\/www.montessori-schule-duesseldorf-sued.de\/cm\/wp-content\/uploads\/2026\/04\/2026-Zirkus-teaser-bb.jpg 300w, https:\/\/www.montessori-schule-duesseldorf-sued.de\/cm\/wp-content\/uploads\/2026\/04\/2026-Zirkus-teaser-bb-24x16.jpg 24w, https:\/\/www.montessori-schule-duesseldorf-sued.de\/cm\/wp-content\/uploads\/2026\/04\/2026-Zirkus-teaser-bb-36x24.jpg 36w, https:\/\/www.montessori-schule-duesseldorf-sued.de\/cm\/wp-content\/uploads\/2026\/04\/2026-Zirkus-teaser-bb-48x32.jpg 48w\" sizes=\"auto, (max-width: 300px) 100vw, 300px\" \/><\/a><\/figure>\n\n<h2 class=\"gb-headline gb-headline-8527f5b6 gb-headline-text\"><a href=\"https:\/\/www.montessori-schule-duesseldorf-sued.de\/cm\/2026\/04\/14\/feuer-rief-die-lehrerin\/\">FEUER! &#8211; rief die Lehrerin&#8230;<\/a><\/h2>\n\n<p class=\"gb-headline gb-headline-18bc971b gb-headline-text\"><time class=\"entry-date published\" datetime=\"2026-04-14T09:28:03+02:00\">14. April 2026<\/time><\/p>\n\n<div class=\"gb-headline gb-headline-dde7fad0 gb-headline-text\">Aber keine Sorge, es hat nicht wirklich gebrannt! Alle paar Monate hat unser Lehrerteam einen sogenannten p\u00e4dagogischen Tag. An diesem &#8230; <a class=\"gb-dynamic-read-more\" href=\"https:\/\/www.montessori-schule-duesseldorf-sued.de\/cm\/2026\/04\/14\/feuer-rief-die-lehrerin\/\" aria-label=\"Mehr zu FEUER! &#8211; rief die Lehrerin&#8230;\">Weiterlesen&#8230;<\/a><\/div>\n<\/div><\/div>\n\n<div class=\"gb-grid-column gb-grid-column-1fc994fc gb-query-loop-item post-7891 post type-post status-publish format-standard has-post-thumbnail hentry category-allgemein\"><div class=\"gb-container gb-container-1fc994fc\">\n<figure class=\"gb-block-image gb-block-image-7ce25f48\"><a href=\"https:\/\/www.montessori-schule-duesseldorf-sued.de\/cm\/2026\/03\/30\/der-fruehling-kommt\/\"><img loading=\"lazy\" decoding=\"async\" width=\"300\" height=\"200\" src=\"https:\/\/www.montessori-schule-duesseldorf-sued.de\/cm\/wp-content\/uploads\/2026\/03\/2026-Acker-bb.jpg\" class=\"gb-image-7ce25f48\" alt=\"\" srcset=\"https:\/\/www.montessori-schule-duesseldorf-sued.de\/cm\/wp-content\/uploads\/2026\/03\/2026-Acker-bb.jpg 300w, https:\/\/www.montessori-schule-duesseldorf-sued.de\/cm\/wp-content\/uploads\/2026\/03\/2026-Acker-bb-24x16.jpg 24w, https:\/\/www.montessori-schule-duesseldorf-sued.de\/cm\/wp-content\/uploads\/2026\/03\/2026-Acker-bb-36x24.jpg 36w, https:\/\/www.montessori-schule-duesseldorf-sued.de\/cm\/wp-content\/uploads\/2026\/03\/2026-Acker-bb-48x32.jpg 48w\" sizes=\"auto, (max-width: 300px) 100vw, 300px\" \/><\/a><\/figure>\n\n<h2 class=\"gb-headline gb-headline-8527f5b6 gb-headline-text\"><a href=\"https:\/\/www.montessori-schule-duesseldorf-sued.de\/cm\/2026\/03\/30\/der-fruehling-kommt\/\">Der Fr\u00fchling kommt&#8230;<\/a><\/h2>\n\n<p class=\"gb-headline gb-headline-18bc971b gb-headline-text\"><time class=\"entry-date published\" datetime=\"2026-03-30T10:04:33+02:00\">30. M\u00e4rz 2026<\/time><\/p>\n\n<div class=\"gb-headline gb-headline-dde7fad0 gb-headline-text\">Ganz langsam, aber unaufhaltsam, kommt der Fr\u00fchling. Nach und nach werden nun unsere Schulbeete wieder aufgedeckt und mit den ersten &#8230; <a class=\"gb-dynamic-read-more\" href=\"https:\/\/www.montessori-schule-duesseldorf-sued.de\/cm\/2026\/03\/30\/der-fruehling-kommt\/\" aria-label=\"Mehr zu Der Fr\u00fchling kommt&#8230;\">Weiterlesen&#8230;<\/a><\/div>\n<\/div><\/div>\n\n<div class=\"gb-grid-column gb-grid-column-1fc994fc gb-query-loop-item post-7886 post type-post status-publish format-standard has-post-thumbnail hentry category-allgemein category-sport tag-sport tag-veranstaltung\"><div class=\"gb-container gb-container-1fc994fc\">\n<figure class=\"gb-block-image gb-block-image-7ce25f48\"><a href=\"https:\/\/www.montessori-schule-duesseldorf-sued.de\/cm\/2026\/03\/30\/unsere-mini-wm-2\/\"><img loading=\"lazy\" decoding=\"async\" width=\"300\" height=\"200\" src=\"https:\/\/www.montessori-schule-duesseldorf-sued.de\/cm\/wp-content\/uploads\/2026\/03\/2026-MiniWM-bb.jpg\" class=\"gb-image-7ce25f48\" alt=\"\" srcset=\"https:\/\/www.montessori-schule-duesseldorf-sued.de\/cm\/wp-content\/uploads\/2026\/03\/2026-MiniWM-bb.jpg 300w, https:\/\/www.montessori-schule-duesseldorf-sued.de\/cm\/wp-content\/uploads\/2026\/03\/2026-MiniWM-bb-24x16.jpg 24w, https:\/\/www.montessori-schule-duesseldorf-sued.de\/cm\/wp-content\/uploads\/2026\/03\/2026-MiniWM-bb-36x24.jpg 36w, https:\/\/www.montessori-schule-duesseldorf-sued.de\/cm\/wp-content\/uploads\/2026\/03\/2026-MiniWM-bb-48x32.jpg 48w\" sizes=\"auto, (max-width: 300px) 100vw, 300px\" \/><\/a><\/figure>\n\n<h2 class=\"gb-headline gb-headline-8527f5b6 gb-headline-text\"><a href=\"https:\/\/www.montessori-schule-duesseldorf-sued.de\/cm\/2026\/03\/30\/unsere-mini-wm-2\/\">Unsere Mini-WM<\/a><\/h2>\n\n<p class=\"gb-headline gb-headline-18bc971b gb-headline-text\"><time class=\"entry-date published\" datetime=\"2026-03-30T09:45:36+02:00\">30. M\u00e4rz 2026<\/time><\/p>\n\n<div class=\"gb-headline gb-headline-dde7fad0 gb-headline-text\">Einmal im Jahr veranstalten wir unser schulinternes Fu\u00dfballturnier. Zw\u00f6lf Mannschaften k\u00e4mpfen hier um den Schulpokal. Schon Wochen vorher wird intensiv &#8230; <a class=\"gb-dynamic-read-more\" href=\"https:\/\/www.montessori-schule-duesseldorf-sued.de\/cm\/2026\/03\/30\/unsere-mini-wm-2\/\" aria-label=\"Mehr zu Unsere Mini-WM\">Weiterlesen&#8230;<\/a><\/div>\n<\/div><\/div>\n<\/div>\n\n<div class=\"gb-container gb-container-75225060 buttonfarbe gb-query-loop-pagination\">\n\n<a class=\"gb-button gb-button-9dcb7194 gb-button-text\" href=\"https:\/\/www.montessori-schule-duesseldorf-sued.de\/cm\/news\/\">Mehr Aktuelles&#8230;<\/a>\n\n<\/div>\n\n\n\n<div style=\"height:14px\" aria-hidden=\"true\" class=\"wp-block-spacer\"><\/div>\n\n\n\n<div class=\"wp-block-columns is-layout-flex wp-container-core-columns-is-layout-9d6595d7 wp-block-columns-is-layout-flex\">\n<div class=\"wp-block-column is-layout-flow wp-block-column-is-layout-flow\" style=\"flex-basis:70%\"><div class=\"gb-container gb-container-28766da6\">\n\n<p class=\"has-white-color has-text-color has-link-color wp-elements-6870db0b80511d0cae4e4db386a02bac\"><strong>WILLKOMMEN!<\/strong><\/p>\n\n\n\n<p class=\"has-white-color has-text-color has-link-color wp-elements-4fc4c2474d75540c0715446d1a3b2550\">Unsere st\u00e4dtische Gemeinschaftsgrundschule Emil-Barth-Stra\u00dfe arbeitet ausschlie\u00dflich nach dem Konzept Maria Montessoris. Wir lernen in 12 Klassen, in denen die Jahrg\u00e4nge 1 bis 4 vertreten sind. Unser Herzst\u00fcck ist die Freiarbeit mit Montessori-Material.<\/p>\n\n\n<div class=\"gb-container gb-container-a16ee7c0\">\n\n<figure class=\"wp-block-image size-full is-style-default\"><a href=\"https:\/\/www.montessori-schule-duesseldorf-sued.de\/cm\/schulfilm\/\"><img loading=\"lazy\" decoding=\"async\" width=\"816\" height=\"163\" src=\"https:\/\/www.montessori-schule-duesseldorf-sued.de\/cm\/wp-content\/uploads\/2024\/11\/schulfilm.png\" alt=\"\" class=\"wp-image-7086\" srcset=\"https:\/\/www.montessori-schule-duesseldorf-sued.de\/cm\/wp-content\/uploads\/2024\/11\/schulfilm.png 816w, https:\/\/www.montessori-schule-duesseldorf-sued.de\/cm\/wp-content\/uploads\/2024\/11\/schulfilm-300x60.png 300w, https:\/\/www.montessori-schule-duesseldorf-sued.de\/cm\/wp-content\/uploads\/2024\/11\/schulfilm-768x153.png 768w, https:\/\/www.montessori-schule-duesseldorf-sued.de\/cm\/wp-content\/uploads\/2024\/11\/schulfilm-624x125.png 624w, https:\/\/www.montessori-schule-duesseldorf-sued.de\/cm\/wp-content\/uploads\/2024\/11\/schulfilm-24x5.png 24w, https:\/\/www.montessori-schule-duesseldorf-sued.de\/cm\/wp-content\/uploads\/2024\/11\/schulfilm-36x7.png 36w, https:\/\/www.montessori-schule-duesseldorf-sued.de\/cm\/wp-content\/uploads\/2024\/11\/schulfilm-48x10.png 48w\" sizes=\"auto, (max-width: 816px) 100vw, 816px\" \/><\/a><\/figure>\n\n<\/div>\n\n<div class=\"wp-block-image\">\n<figure class=\"alignleft size-full\"><a href=\"https:\/\/www.montessori-schule-duesseldorf-sued.de\/cm\/wp-login.php\"><img loading=\"lazy\" decoding=\"async\" width=\"36\" height=\"36\" src=\"http:\/\/www.montessori-schule-duesseldorf-sued.de\/cm\/wp-content\/uploads\/2015\/09\/leer36.png\" alt=\"\" class=\"wp-image-68\" srcset=\"https:\/\/www.montessori-schule-duesseldorf-sued.de\/cm\/wp-content\/uploads\/2015\/09\/leer36.png 36w, https:\/\/www.montessori-schule-duesseldorf-sued.de\/cm\/wp-content\/uploads\/2015\/09\/leer36-24x24.png 24w\" sizes=\"auto, (max-width: 36px) 100vw, 36px\" \/><\/a><\/figure>\n<\/div>\n<\/div><\/div>\n\n\n\n<div class=\"wp-block-column is-layout-flow wp-block-column-is-layout-flow\" style=\"flex-basis:30%\"><div class=\"gb-container gb-container-05f75f1c\">\n\n<p class=\"has-white-color has-text-color has-link-color wp-elements-2ae16eb6fab146fea5f8d395f673ac13\"><strong>KONTAKT<\/strong><\/p>\n\n\n\n<p class=\"has-white-color has-text-color has-link-color wp-elements-57f5a81d050b654c71f825779f8695d2\">MGS Emil-Barth-Str. 45<br>40595 D\u00fcsseldorf<br><br>0211\/89 24 848 (AB)<br><br>E-Mail: <a href=\"mailto:sekretariat.emilbarthstr-mg@duesseldorf.de\">Schulsekretariat<\/a><br>E-Mail: <a href=\"mailto:ogs.montessorigrundschule@183635.nrw.schule\">OGS-Team<\/a><\/p>\n\n\n\n<p class=\"has-white-color has-text-color has-link-color wp-elements-5548935f9d71ed053977aff69612c58d\">OGS:<br> <strong>0157-8784 3402<\/strong><\/p>\n\n<\/div><\/div>\n<\/div>\n","protected":false},"excerpt":{"rendered":"<p>WILLKOMMEN! Unsere st\u00e4dtische Gemeinschaftsgrundschule Emil-Barth-Stra\u00dfe arbeitet ausschlie\u00dflich nach dem Konzept Maria Montessoris. Wir lernen in 12 Klassen, in denen die Jahrg\u00e4nge 1 bis 4 vertreten sind. Unser Herzst\u00fcck ist die Freiarbeit mit Montessori-Material. KONTAKT MGS Emil-Barth-Str. 4540595 D\u00fcsseldorf 0211\/89 24 848 (AB) E-Mail: SchulsekretariatE-Mail: OGS-Team OGS: 0157-8784 3402<\/p>\n","protected":false},"author":1,"featured_media":0,"parent":0,"menu_order":0,"comment_status":"closed","ping_status":"closed","template":"","meta":{"_acf_changed":false,"footnotes":""},"class_list":["post-7058","page","type-page","status-publish","hentry"],"acf":[],"publishpress_future_action":{"enabled":false,"date":"2026-04-21 13:15:45","action":"change-status","newStatus":"draft","terms":[],"taxonomy":"","extraData":[]},"publishpress_future_workflow_manual_trigger":{"enabledWorkflows":[]},"_links":{"self":[{"href":"https:\/\/www.montessori-schule-duesseldorf-sued.de\/cm\/wp-json\/wp\/v2\/pages\/7058","targetHints":{"allow":["GET"]}}],"collection":[{"href":"https:\/\/www.montessori-schule-duesseldorf-sued.de\/cm\/wp-json\/wp\/v2\/pages"}],"about":[{"href":"https:\/\/www.montessori-schule-duesseldorf-sued.de\/cm\/wp-json\/wp\/v2\/types\/page"}],"author":[{"embeddable":true,"href":"https:\/\/www.montessori-schule-duesseldorf-sued.de\/cm\/wp-json\/wp\/v2\/users\/1"}],"replies":[{"embeddable":true,"href":"https:\/\/www.montessori-schule-duesseldorf-sued.de\/cm\/wp-json\/wp\/v2\/comments?post=7058"}],"version-history":[{"count":47,"href":"https:\/\/www.montessori-schule-duesseldorf-sued.de\/cm\/wp-json\/wp\/v2\/pages\/7058\/revisions"}],"predecessor-version":[{"id":7781,"href":"https:\/\/www.montessori-schule-duesseldorf-sued.de\/cm\/wp-json\/wp\/v2\/pages\/7058\/revisions\/7781"}],"wp:attachment":[{"href":"https:\/\/www.montessori-schule-duesseldorf-sued.de\/cm\/wp-json\/wp\/v2\/media?parent=7058"}],"curies":[{"name":"wp","href":"https:\/\/api.w.org\/{rel}","templated":true}]}}