{"id":7422,"date":"2025-03-05T10:10:16","date_gmt":"2025-03-05T09:10:16","guid":{"rendered":"https:\/\/www.montessori-schule-duesseldorf-sued.de\/cm\/?page_id=7422"},"modified":"2025-09-22T09:00:27","modified_gmt":"2025-09-22T07:00:27","slug":"unsere-sonderpaedagogin-und-sonderpaedagoge","status":"publish","type":"page","link":"https:\/\/www.montessori-schule-duesseldorf-sued.de\/cm\/unsere-sonderpaedagogin-und-sonderpaedagoge\/","title":{"rendered":"Unsere Sonderp\u00e4dagogin und unser Sonderp\u00e4dagoge"},"content":{"rendered":"\n<h2 class=\"wp-block-heading\">Unsere Sonderp\u00e4dagogin und unser Sonderp\u00e4dagoge<\/h2>\n\n\n<div class=\"wp-block-image\">\n<figure class=\"alignleft size-full is-resized\"><a href=\"http:\/\/www.montessori-schule-duesseldorf-sued.de\/cm\/wp-content\/uploads\/2025\/03\/2025-Klippel-Schneider-1.jpg\"><img loading=\"lazy\" decoding=\"async\" width=\"929\" height=\"654\" src=\"http:\/\/www.montessori-schule-duesseldorf-sued.de\/cm\/wp-content\/uploads\/2025\/03\/2025-Klippel-Schneider-1.jpg\" alt=\"\" class=\"wp-image-7426\" style=\"width:337px;height:auto\" srcset=\"https:\/\/www.montessori-schule-duesseldorf-sued.de\/cm\/wp-content\/uploads\/2025\/03\/2025-Klippel-Schneider-1.jpg 929w, https:\/\/www.montessori-schule-duesseldorf-sued.de\/cm\/wp-content\/uploads\/2025\/03\/2025-Klippel-Schneider-1-300x211.jpg 300w, https:\/\/www.montessori-schule-duesseldorf-sued.de\/cm\/wp-content\/uploads\/2025\/03\/2025-Klippel-Schneider-1-768x541.jpg 768w, https:\/\/www.montessori-schule-duesseldorf-sued.de\/cm\/wp-content\/uploads\/2025\/03\/2025-Klippel-Schneider-1-624x439.jpg 624w, https:\/\/www.montessori-schule-duesseldorf-sued.de\/cm\/wp-content\/uploads\/2025\/03\/2025-Klippel-Schneider-1-24x17.jpg 24w, https:\/\/www.montessori-schule-duesseldorf-sued.de\/cm\/wp-content\/uploads\/2025\/03\/2025-Klippel-Schneider-1-36x25.jpg 36w, https:\/\/www.montessori-schule-duesseldorf-sued.de\/cm\/wp-content\/uploads\/2025\/03\/2025-Klippel-Schneider-1-48x34.jpg 48w\" sizes=\"auto, (max-width: 929px) 100vw, 929px\" \/><\/a><\/figure>\n<\/div>\n\n\n<p>Dieses Team besteht aus Frau Klippel und Herrn Schneider. Durch sie werden aktuell Kinder mit sonderp\u00e4dagogischen Unterst\u00fctzungsbedarfen in den Bereichen Lernen, Sprache sowie emotionale und soziale Entwicklung gef\u00f6rdert. Der Unterricht findet f\u00fcr alle Kinder jederzeit gemeinsam statt und sowohl die Regelschul- als auch die sonderp\u00e4dagogische Lehrkraft tragen gemeinsam Verantwortung f\u00fcr die Bildung und Erziehung der Sch\u00fclerinnen und Sch\u00fcler.<\/p>\n\n\n\n<p>Dabei hat das gemeinsame Unterrichten mit einer individualisierten Zugangsweise zu gemeinsamen Themen Vorrang gegen\u00fcber separierenden Unterrichtsmethoden. Um die Teilhabe der Kinder mit F\u00f6rderbedarf sicherzustellen, unterst\u00fctzen wir sie beim F\u00fchren ihres differenzierten Lerntagebuchs, bei der sinnvollen Auswahl und zielgerichteten Arbeit mit Freiarbeitsmaterialien und in Erg\u00e4nzung dazu durch individuell zugeschnittene F\u00f6rderangebote.<\/p>\n\n\n\n<h2 class=\"wp-block-heading\">Die Hauptaufgaben unserer Sonderp\u00e4dagogin und unseres Sonderp\u00e4dagogen lassen sich allgemein vier gro\u00dfen Bereichen zuordnen:<\/h2>\n\n\n\n<p><strong>F\u00f6rderung:<\/strong> Diese vollzieht sich innerhalb des Klassenverbands im Teamteaching mit der Klassenlehrkraft. Kinder mit sonderp\u00e4dagogischem Unterst\u00fctzungsbedarf erhalten im Rahmen einer inneren Differenzierung eine Einzel- bzw. Gruppenunterst\u00fctzung, um ihre Arbeitsorganisation zu verbessern sowie fehlende grundlegende F\u00e4higkeiten zu erarbeiten und zu festigen.<\/p>\n\n\n\n<p><br><strong>Beratung: <\/strong>Im Rahmen der Teamarbeit erfolgt eine f\u00f6rderzielorientierte Beratung der Regelschulkolleg:innnen im Hinblick auf sonderp\u00e4dagogische Ma\u00dfnahmen, angemessene Differenzierungsmaterialien oder auch individualisierte Unterrichtsgestaltung. Dar\u00fcber hinaus stehen unsere Sonderp\u00e4dagogin und unser Sonderp\u00e4dagoge auch allen Eltern f\u00fcr eine Beratung hinsichtlich sonderp\u00e4dagogischer Fragestellungen zur Verf\u00fcgung:<\/p>\n\n\n\n<p class=\"has-text-align-right\">Email: <a href=\"mailto:thomas.schneider@183635.nrw.schule\">thomas.schneider@183635.nrw.schule<\/a> und <a href=\"mailto:stephanie.klippel@183635.nrw.schule\">stephanie.klippel@183635.nrw.schule <\/a><\/p>\n\n\n\n<p><br><strong>Diagnostik:<\/strong> Sollte es im Laufe der Schulzeit zu Lernschwierigkeiten bzw. -r\u00fcckst\u00e4nden kommen, f\u00fchren unsere Sonderp\u00e4dagogin und unser Sonderp\u00e4dagoge zun\u00e4chst eine lernzielorientierte Diagnostik durch und unterst\u00fctzen gegebenenfalls die Klassenlehrkr\u00e4fte bzw. Eltern bei der Beantragung einer \u00dcberpr\u00fcfung des sonderp\u00e4dagogischen Unterst\u00fctzungsbedarfs f\u00fcr ein Kind.<\/p>\n\n\n\n<p><br><strong>Kooperation mit Netzwerkpartnern:<\/strong> In Rahmen der sonderp\u00e4dagogischen Unterst\u00fctzung eines Kindes erfolgt ggf. auch eine Zusammenarbeit mit mobilen Diensten sowie au\u00dferschulischen Partnern, sofern dies sinnvoll und erforderlich ist. Wichtigster Kooperationspartner sind dabei nat\u00fcrlich die Erziehungsberechtigten eines Kindes.<\/p>\n","protected":false},"excerpt":{"rendered":"<p>Unsere Sonderp\u00e4dagogin und unser Sonderp\u00e4dagoge Dieses Team besteht aus Frau Klippel und Herrn Schneider. Durch sie werden aktuell Kinder mit sonderp\u00e4dagogischen Unterst\u00fctzungsbedarfen in den Bereichen Lernen, Sprache sowie emotionale und soziale Entwicklung gef\u00f6rdert. Der Unterricht findet f\u00fcr alle Kinder jederzeit gemeinsam statt und sowohl die Regelschul- als auch die sonderp\u00e4dagogische Lehrkraft tragen gemeinsam Verantwortung f\u00fcr<span>&#8230;<strong> <a style=\"color:#000000\" href=\"https:\/\/www.montessori-schule-duesseldorf-sued.de\/cm\/unsere-sonderpaedagogin-und-sonderpaedagoge\/\">(Hier k\u00f6nnen Sie weiterlesen&#8230;)<\/a><\/strong><\/span><\/p>\n","protected":false},"author":1,"featured_media":0,"parent":0,"menu_order":0,"comment_status":"closed","ping_status":"closed","template":"","meta":{"_acf_changed":false,"footnotes":""},"class_list":["post-7422","page","type-page","status-publish","hentry"],"acf":[],"publishpress_future_action":{"enabled":false,"date":"2026-04-21 13:15:22","action":"change-status","newStatus":"draft","terms":[],"taxonomy":"","extraData":[]},"publishpress_future_workflow_manual_trigger":{"enabledWorkflows":[]},"_links":{"self":[{"href":"https:\/\/www.montessori-schule-duesseldorf-sued.de\/cm\/wp-json\/wp\/v2\/pages\/7422","targetHints":{"allow":["GET"]}}],"collection":[{"href":"https:\/\/www.montessori-schule-duesseldorf-sued.de\/cm\/wp-json\/wp\/v2\/pages"}],"about":[{"href":"https:\/\/www.montessori-schule-duesseldorf-sued.de\/cm\/wp-json\/wp\/v2\/types\/page"}],"author":[{"embeddable":true,"href":"https:\/\/www.montessori-schule-duesseldorf-sued.de\/cm\/wp-json\/wp\/v2\/users\/1"}],"replies":[{"embeddable":true,"href":"https:\/\/www.montessori-schule-duesseldorf-sued.de\/cm\/wp-json\/wp\/v2\/comments?post=7422"}],"version-history":[{"count":10,"href":"https:\/\/www.montessori-schule-duesseldorf-sued.de\/cm\/wp-json\/wp\/v2\/pages\/7422\/revisions"}],"predecessor-version":[{"id":7626,"href":"https:\/\/www.montessori-schule-duesseldorf-sued.de\/cm\/wp-json\/wp\/v2\/pages\/7422\/revisions\/7626"}],"wp:attachment":[{"href":"https:\/\/www.montessori-schule-duesseldorf-sued.de\/cm\/wp-json\/wp\/v2\/media?parent=7422"}],"curies":[{"name":"wp","href":"https:\/\/api.w.org\/{rel}","templated":true}]}}