{"id":7819,"date":"2026-02-02T15:47:11","date_gmt":"2026-02-02T14:47:11","guid":{"rendered":"https:\/\/www.montessori-schule-duesseldorf-sued.de\/cm\/?page_id=7819"},"modified":"2026-02-02T15:50:34","modified_gmt":"2026-02-02T14:50:34","slug":"schulreporter","status":"publish","type":"page","link":"https:\/\/www.montessori-schule-duesseldorf-sued.de\/cm\/schulreporter\/","title":{"rendered":"Schulreporter"},"content":{"rendered":"<div class=\"wp-block-image\">\n<figure class=\"aligncenter size-full\"><a href=\"https:\/\/nrw.edumaps.de\/147922\/72919\/7gg13lt3yh\/p0apmk3gef\"><img loading=\"lazy\" decoding=\"async\" width=\"551\" height=\"469\" src=\"https:\/\/www.montessori-schule-duesseldorf-sued.de\/cm\/wp-content\/uploads\/2026\/02\/2026-Schulreporter.jpg\" alt=\"\" class=\"wp-image-7820\" srcset=\"https:\/\/www.montessori-schule-duesseldorf-sued.de\/cm\/wp-content\/uploads\/2026\/02\/2026-Schulreporter.jpg 551w, https:\/\/www.montessori-schule-duesseldorf-sued.de\/cm\/wp-content\/uploads\/2026\/02\/2026-Schulreporter-300x255.jpg 300w, https:\/\/www.montessori-schule-duesseldorf-sued.de\/cm\/wp-content\/uploads\/2026\/02\/2026-Schulreporter-24x20.jpg 24w, https:\/\/www.montessori-schule-duesseldorf-sued.de\/cm\/wp-content\/uploads\/2026\/02\/2026-Schulreporter-36x31.jpg 36w, https:\/\/www.montessori-schule-duesseldorf-sued.de\/cm\/wp-content\/uploads\/2026\/02\/2026-Schulreporter-48x41.jpg 48w\" sizes=\"auto, (max-width: 551px) 100vw, 551px\" \/><\/a><\/figure>\n<\/div>\n\n\n<h2 class=\"wp-block-heading\">Schulhofstories<\/h2>\n\n\n\n<p>W\u00f6chentlich findet bei uns die Reporter AG unter der Leitung von Frau B\u00fchler statt.<br><br>Die Kinder des dritten Schuljahres schreiben Berichte, denken sich Witze und R\u00e4tsel aus oder lernen, wie man ein Interview f\u00fchrt.<\/p>\n\n\n\n<p>Wir laden Sie und Euch herzlich ein, Ergebnisse der AG und Erlebnisse auf unserer <a href=\"https:\/\/nrw.edumaps.de\/147922\/72919\/7gg13lt3yh\/p0apmk3gef\"><strong>Reporterseite &#8222;Schulhofstories&#8220;<\/strong><\/a> zu lesen.<br><\/p>\n\n\n\n<p><\/p>\n","protected":false},"excerpt":{"rendered":"<p>Schulhofstories W\u00f6chentlich findet bei uns die Reporter AG unter der Leitung von Frau B\u00fchler statt. Die Kinder des dritten Schuljahres schreiben Berichte, denken sich Witze und R\u00e4tsel aus oder lernen, wie man ein Interview f\u00fchrt. Wir laden Sie und Euch herzlich ein, Ergebnisse der AG und Erlebnisse auf unserer Reporterseite &#8222;Schulhofstories&#8220; zu lesen.<\/p>\n","protected":false},"author":1,"featured_media":0,"parent":0,"menu_order":0,"comment_status":"closed","ping_status":"closed","template":"","meta":{"_acf_changed":false,"footnotes":""},"class_list":["post-7819","page","type-page","status-publish","hentry"],"acf":[],"publishpress_future_action":{"enabled":false,"date":"2026-05-13 06:35:08","action":"change-status","newStatus":"draft","terms":[],"taxonomy":"","extraData":[]},"publishpress_future_workflow_manual_trigger":{"enabledWorkflows":[]},"_links":{"self":[{"href":"https:\/\/www.montessori-schule-duesseldorf-sued.de\/cm\/wp-json\/wp\/v2\/pages\/7819","targetHints":{"allow":["GET"]}}],"collection":[{"href":"https:\/\/www.montessori-schule-duesseldorf-sued.de\/cm\/wp-json\/wp\/v2\/pages"}],"about":[{"href":"https:\/\/www.montessori-schule-duesseldorf-sued.de\/cm\/wp-json\/wp\/v2\/types\/page"}],"author":[{"embeddable":true,"href":"https:\/\/www.montessori-schule-duesseldorf-sued.de\/cm\/wp-json\/wp\/v2\/users\/1"}],"replies":[{"embeddable":true,"href":"https:\/\/www.montessori-schule-duesseldorf-sued.de\/cm\/wp-json\/wp\/v2\/comments?post=7819"}],"version-history":[{"count":5,"href":"https:\/\/www.montessori-schule-duesseldorf-sued.de\/cm\/wp-json\/wp\/v2\/pages\/7819\/revisions"}],"predecessor-version":[{"id":7826,"href":"https:\/\/www.montessori-schule-duesseldorf-sued.de\/cm\/wp-json\/wp\/v2\/pages\/7819\/revisions\/7826"}],"wp:attachment":[{"href":"https:\/\/www.montessori-schule-duesseldorf-sued.de\/cm\/wp-json\/wp\/v2\/media?parent=7819"}],"curies":[{"name":"wp","href":"https:\/\/api.w.org\/{rel}","templated":true}]}}