{"id":5,"date":"2009-10-07T17:32:28","date_gmt":"2009-10-07T15:32:28","guid":{"rendered":"http:\/\/montessori-schule-duesseldorf-sued.de\/projekte\/index.php?page_id=2"},"modified":"2009-12-05T20:47:46","modified_gmt":"2009-12-05T19:47:46","slug":"about-2","status":"publish","type":"page","link":"https:\/\/www.montessori-schule-duesseldorf-sued.de\/projekte\/?page_id=5","title":{"rendered":"\u00dcber diese Seite"},"content":{"rendered":"<p>Liebe Besucherin, lieber Besucher,<\/p>\n<p>dies hier ist der virtuelle Hof der Kinder unserer Montessori-Grundschule. Nach und nach wird dieser virtuelle Raum von den Sch\u00fclerinnen und Sch\u00fclern, mit leichter Hilfestellung nat\u00fcrlich, gef\u00fcllt.<\/p>\n<p>Diese Seite ist also eine ewige, bunte, kreative, spannende und sich immer wandelnde Dauerbaustelle. Ein wenig, wie das Leben eben, das sich hier wiederspiegelt.<\/p>\n","protected":false},"excerpt":{"rendered":"<p>Liebe Besucherin, lieber Besucher, dies hier ist der virtuelle Hof der Kinder unserer Montessori-Grundschule. Nach und nach wird dieser virtuelle Raum von den Sch\u00fclerinnen und Sch\u00fclern, mit leichter Hilfestellung nat\u00fcrlich, gef\u00fcllt. Diese Seite ist also eine ewige, bunte, kreative, spannende &hellip; <a href=\"https:\/\/www.montessori-schule-duesseldorf-sued.de\/projekte\/?page_id=5\">Weiterlesen <span class=\"meta-nav\">&rarr;<\/span><\/a><\/p>\n","protected":false},"author":1,"featured_media":0,"parent":0,"menu_order":0,"comment_status":"closed","ping_status":"closed","template":"","meta":[],"_links":{"self":[{"href":"https:\/\/www.montessori-schule-duesseldorf-sued.de\/projekte\/index.php?rest_route=\/wp\/v2\/pages\/5"}],"collection":[{"href":"https:\/\/www.montessori-schule-duesseldorf-sued.de\/projekte\/index.php?rest_route=\/wp\/v2\/pages"}],"about":[{"href":"https:\/\/www.montessori-schule-duesseldorf-sued.de\/projekte\/index.php?rest_route=\/wp\/v2\/types\/page"}],"author":[{"embeddable":true,"href":"https:\/\/www.montessori-schule-duesseldorf-sued.de\/projekte\/index.php?rest_route=\/wp\/v2\/users\/1"}],"replies":[{"embeddable":true,"href":"https:\/\/www.montessori-schule-duesseldorf-sued.de\/projekte\/index.php?rest_route=%2Fwp%2Fv2%2Fcomments&post=5"}],"version-history":[{"count":10,"href":"https:\/\/www.montessori-schule-duesseldorf-sued.de\/projekte\/index.php?rest_route=\/wp\/v2\/pages\/5\/revisions"}],"predecessor-version":[{"id":29,"href":"https:\/\/www.montessori-schule-duesseldorf-sued.de\/projekte\/index.php?rest_route=\/wp\/v2\/pages\/5\/revisions\/29"}],"wp:attachment":[{"href":"https:\/\/www.montessori-schule-duesseldorf-sued.de\/projekte\/index.php?rest_route=%2Fwp%2Fv2%2Fmedia&parent=5"}],"curies":[{"name":"wp","href":"https:\/\/api.w.org\/{rel}","templated":true}]}}